{"id":1114,"date":"2019-10-13T20:46:31","date_gmt":"2019-10-13T18:46:31","guid":{"rendered":"https:\/\/clinicasandalf.com\/?page_id=1114"},"modified":"2024-03-31T20:20:36","modified_gmt":"2024-03-31T19:20:36","slug":"dr-alf-neuhaus-orthopaede-benalmadena-marbella","status":"publish","type":"page","link":"https:\/\/clinicasandalf.com\/de\/team-clinica-sandalf\/dr-alf-neuhaus-orthopaede-benalmadena-marbella\/","title":{"rendered":"Dr. Alf Neuhaus &#8211; Facharzt f\u00fcr Orthop\u00e4die"},"content":{"rendered":"\t\t<div data-elementor-type=\"wp-post\" data-elementor-id=\"1114\" class=\"elementor elementor-1114 elementor-532\" data-elementor-post-type=\"page\">\n\t\t\t\t\t\t<section class=\"elementor-section elementor-top-section elementor-element elementor-element-5fc172f5 elementor-section-content-middle elementor-section-boxed elementor-section-height-default elementor-section-height-default\" data-id=\"5fc172f5\" data-element_type=\"section\" data-e-type=\"section\" data-settings=\"{&quot;background_background&quot;:&quot;classic&quot;}\">\n\t\t\t\t\t\t\t<div class=\"elementor-background-overlay\"><\/div>\n\t\t\t\t\t\t\t<div class=\"elementor-container elementor-column-gap-no\">\n\t\t\t\t\t<div class=\"elementor-column elementor-col-100 elementor-top-column elementor-element elementor-element-38361c69\" data-id=\"38361c69\" data-element_type=\"column\" data-e-type=\"column\">\n\t\t\t<div class=\"elementor-widget-wrap elementor-element-populated\">\n\t\t\t\t\t\t<div class=\"elementor-element elementor-element-60646c54 elementor-widget elementor-widget-heading\" data-id=\"60646c54\" data-element_type=\"widget\" data-e-type=\"widget\" data-widget_type=\"heading.default\">\n\t\t\t\t<div class=\"elementor-widget-container\">\n\t\t\t\t\t<h1 class=\"elementor-heading-title elementor-size-default\">Dr. Alf Neuhaus<\/h1>\t\t\t\t<\/div>\n\t\t\t\t<\/div>\n\t\t\t\t<div class=\"elementor-element elementor-element-bb36ef2 elementor-widget elementor-widget-heading\" data-id=\"bb36ef2\" data-element_type=\"widget\" data-e-type=\"widget\" data-widget_type=\"heading.default\">\n\t\t\t\t<div class=\"elementor-widget-container\">\n\t\t\t\t\t<h2 class=\"elementor-heading-title elementor-size-default\">Orthop\u00e4de, Unfallchirurg<\/h2>\t\t\t\t<\/div>\n\t\t\t\t<\/div>\n\t\t\t\t<div class=\"elementor-element elementor-element-1a76284 elementor-widget-divider--view-line elementor-widget elementor-widget-divider\" data-id=\"1a76284\" data-element_type=\"widget\" data-e-type=\"widget\" data-widget_type=\"divider.default\">\n\t\t\t\t<div class=\"elementor-widget-container\">\n\t\t\t\t\t\t\t<div class=\"elementor-divider\">\n\t\t\t<span class=\"elementor-divider-separator\">\n\t\t\t\t\t\t<\/span>\n\t\t<\/div>\n\t\t\t\t\t\t<\/div>\n\t\t\t\t<\/div>\n\t\t\t\t\t<\/div>\n\t\t<\/div>\n\t\t\t\t\t<\/div>\n\t\t<\/section>\n\t\t\t\t<section class=\"elementor-section elementor-top-section elementor-element elementor-element-c756176 elementor-section-content-top elementor-section-boxed elementor-section-height-default elementor-section-height-default\" data-id=\"c756176\" data-element_type=\"section\" data-e-type=\"section\">\n\t\t\t\t\t\t<div class=\"elementor-container elementor-column-gap-wide\">\n\t\t\t\t\t<div class=\"elementor-column elementor-col-33 elementor-top-column elementor-element elementor-element-e746561\" data-id=\"e746561\" data-element_type=\"column\" data-e-type=\"column\">\n\t\t\t<div class=\"elementor-widget-wrap elementor-element-populated\">\n\t\t\t\t\t\t<div class=\"elementor-element elementor-element-326a9cc elementor-widget elementor-widget-image\" data-id=\"326a9cc\" data-element_type=\"widget\" data-e-type=\"widget\" data-widget_type=\"image.default\">\n\t\t\t\t<div class=\"elementor-widget-container\">\n\t\t\t\t\t\t\t\t\t\t\t\t\t\t\t<img fetchpriority=\"high\" decoding=\"async\" width=\"320\" height=\"320\" src=\"https:\/\/clinicasandalf.com\/wp-content\/uploads\/2019\/07\/Dr.-Alf-Neuhaus-Consultant-Orthopaedic-Surgeon.-Alf-Neuhaus-Consultant-Orthopaedic-Surgeon.jpg\" class=\"attachment-large size-large wp-image-1101\" alt=\"\" srcset=\"https:\/\/clinicasandalf.com\/wp-content\/uploads\/2019\/07\/Dr.-Alf-Neuhaus-Consultant-Orthopaedic-Surgeon.-Alf-Neuhaus-Consultant-Orthopaedic-Surgeon.jpg 320w, https:\/\/clinicasandalf.com\/wp-content\/uploads\/2019\/07\/Dr.-Alf-Neuhaus-Consultant-Orthopaedic-Surgeon.-Alf-Neuhaus-Consultant-Orthopaedic-Surgeon-150x150.jpg 150w, https:\/\/clinicasandalf.com\/wp-content\/uploads\/2019\/07\/Dr.-Alf-Neuhaus-Consultant-Orthopaedic-Surgeon.-Alf-Neuhaus-Consultant-Orthopaedic-Surgeon-300x300.jpg 300w\" sizes=\"(max-width: 320px) 100vw, 320px\" \/>\t\t\t\t\t\t\t\t\t\t\t\t\t\t\t<\/div>\n\t\t\t\t<\/div>\n\t\t\t\t\t<\/div>\n\t\t<\/div>\n\t\t\t\t<div class=\"elementor-column elementor-col-66 elementor-top-column elementor-element elementor-element-900fef1\" data-id=\"900fef1\" data-element_type=\"column\" data-e-type=\"column\">\n\t\t\t<div class=\"elementor-widget-wrap elementor-element-populated\">\n\t\t\t\t\t\t<div class=\"elementor-element elementor-element-f1d2437 elementor-widget elementor-widget-text-editor\" data-id=\"f1d2437\" data-element_type=\"widget\" data-e-type=\"widget\" data-widget_type=\"text-editor.default\">\n\t\t\t\t<div class=\"elementor-widget-container\">\n\t\t\t\t\t\t\t\t\t<p><strong>Dr. Alf Neuhaus, Facharzt f\u00fcr Orthop\u00e4die in Benalmadena<\/strong><\/p><p>Dr. Alf Neuhaus, Facharzt f\u00fcr Orthop\u00e4die, hat Medizin an der Universit\u00e4tsklinik Eppendorf in Hamburg studiert, bevor er dann mit seiner Ausbildung zum Orthop\u00e4den in verschiedenen Krankenh\u00e4usern in Deutschland und England begann. W\u00e4hrend seiner Ausbildung und in den Jahren danach konnte er umfangreiche Erfahrungen sammeln in der konservativen und chirurgischen Behandlung von einfachen und komplexen orthop\u00e4dischen und unfallchirurgischen Erkrankungen. Dazu geh\u00f6ren die Behandlung von Arthrose, Rheuma, Gicht, Sehnen und Muskelerkrankungen, Gelenkbeschwerden, Nacken- und R\u00fcckenproblemen, Sportverletzungen, Unfallfolgen und mehr.<\/p><p>W\u00e4hrend und nach seiner Ausbildung hat sich Dr. Neuhaus auf folgende Behandlungen spezialisiert: H\u00fcft- und Kniegelenkchirurgie, H\u00fcftprothese, H\u00fcftkappe, Knieprothese, Gelenkspiegelung, Handchirurgie &#8211; Sehnenn\u00e4hte, Br\u00fcche, Dupuytren-Kontraktur, Fu\u00dfchirurgie, Hallux valgus, Zehenkorrektur und Tarsaltunnel. Zus\u00e4tzlich hat er enorme Erfahrung in der Behandlung von Unfallfolgen und Sportverletzungen, die von der geschlossenen Reposition von einfachen Frakturen bis hin zur chirurgischen Versorgung von komplizierten Br\u00fcchen der oberen und unteren Extremit\u00e4ten sowie Sehnenn\u00e4hten reicht. Er wendet dabei neueste weichteilschonende Operationstechniken an und verwendet modernste Materialien wie Titaniumplatten und sogenannte Markn\u00e4gel.<\/p><p>Da in der Clinica SANDALF moderne Untersuchungsger\u00e4te wie digitales R\u00f6ntgen und Ultraschall zur Verf\u00fcgung stehen, kann Dr. Alf Neuhaus im Normalfall die Ursache und die Schwere einer Erkrankung zeitnah feststellen und die entsprechende Therapie sofort einleiten.<\/p><p>In dringenden F\u00e4llen, zum Beispiel der Notwendigkeit eines sofortigen chirurgischen Eingriffs, organisiert Dr. Alf Neuhaus den direkten Krankentransport in ein nahegelegenes privates Krankenhaus, wo er selbst dann alle notwendigen Untersuchungen durchf\u00fchrt, die Aufnahme organisiert und, falls notwendig, auch direkt den chirurgischen Eingriff durchf\u00fchrt.<\/p><p>Sollten Sie einen Termin mit Dr. Alf Neuhaus w\u00fcnschen, dann dr\u00fccken Sie bitte\u00a0<a href=\"\/de\/kontakt\" target=\"_blank\" rel=\"noopener\">hier<\/a>.<\/p>\t\t\t\t\t\t\t\t<\/div>\n\t\t\t\t<\/div>\n\t\t\t\t\t<\/div>\n\t\t<\/div>\n\t\t\t\t\t<\/div>\n\t\t<\/section>\n\t\t\t\t<section class=\"elementor-section elementor-top-section elementor-element elementor-element-60611eab elementor-section-content-middle elementor-section-full_width elementor-section-height-default elementor-section-height-default\" data-id=\"60611eab\" data-element_type=\"section\" data-e-type=\"section\" data-settings=\"{&quot;background_background&quot;:&quot;classic&quot;}\">\n\t\t\t\t\t\t\t<div class=\"elementor-background-overlay\"><\/div>\n\t\t\t\t\t\t\t<div class=\"elementor-container elementor-column-gap-no\">\n\t\t\t\t\t<div class=\"elementor-column elementor-col-100 elementor-top-column elementor-element elementor-element-6c7f1851\" data-id=\"6c7f1851\" data-element_type=\"column\" data-e-type=\"column\">\n\t\t\t<div class=\"elementor-widget-wrap elementor-element-populated\">\n\t\t\t\t\t\t<div class=\"elementor-element elementor-element-6675e168 elementor-widget elementor-widget-heading\" data-id=\"6675e168\" data-element_type=\"widget\" data-e-type=\"widget\" data-widget_type=\"heading.default\">\n\t\t\t\t<div class=\"elementor-widget-container\">\n\t\t\t\t\t<h2 class=\"elementor-heading-title elementor-size-default\">Kontaktieren Sie uns<\/h2>\t\t\t\t<\/div>\n\t\t\t\t<\/div>\n\t\t\t\t<div class=\"elementor-element elementor-element-14435918 elementor-widget-divider--view-line elementor-widget elementor-widget-divider\" data-id=\"14435918\" data-element_type=\"widget\" data-e-type=\"widget\" data-widget_type=\"divider.default\">\n\t\t\t\t<div class=\"elementor-widget-container\">\n\t\t\t\t\t\t\t<div class=\"elementor-divider\">\n\t\t\t<span class=\"elementor-divider-separator\">\n\t\t\t\t\t\t<\/span>\n\t\t<\/div>\n\t\t\t\t\t\t<\/div>\n\t\t\t\t<\/div>\n\t\t\t\t<div class=\"elementor-element elementor-element-53c21a3f elementor-widget elementor-widget-text-editor\" data-id=\"53c21a3f\" data-element_type=\"widget\" data-e-type=\"widget\" data-widget_type=\"text-editor.default\">\n\t\t\t\t<div class=\"elementor-widget-container\">\n\t\t\t\t\t\t\t\t\t<p style=\"text-align: center;\">Bitte z\u00f6gern Sie nicht, sich mit uns in Verbindung zu setzen, falls Sie weitere Fragen haben oder einen Termin vereinbaren m\u00f6chten.<\/p>\t\t\t\t\t\t\t\t<\/div>\n\t\t\t\t<\/div>\n\t\t\t\t<div class=\"elementor-element elementor-element-189bf521 elementor-button-info elementor-align-center elementor-widget elementor-widget-button\" data-id=\"189bf521\" data-element_type=\"widget\" data-e-type=\"widget\" data-widget_type=\"button.default\">\n\t\t\t\t<div class=\"elementor-widget-container\">\n\t\t\t\t\t\t\t\t\t<div class=\"elementor-button-wrapper\">\n\t\t\t\t\t<a class=\"elementor-button elementor-button-link elementor-size-md\" href=\"https:\/\/clinicasandalf.com\/de\/kontakt\/\">\n\t\t\t\t\t\t<span class=\"elementor-button-content-wrapper\">\n\t\t\t\t\t\t\t\t\t<span class=\"elementor-button-text\">Hier finden Sie unsere Kontaktdaten<\/span>\n\t\t\t\t\t<\/span>\n\t\t\t\t\t<\/a>\n\t\t\t\t<\/div>\n\t\t\t\t\t\t\t\t<\/div>\n\t\t\t\t<\/div>\n\t\t\t\t\t<\/div>\n\t\t<\/div>\n\t\t\t\t\t<\/div>\n\t\t<\/section>\n\t\t\t\t<\/div>\n\t\t","protected":false},"excerpt":{"rendered":"<p>Dr. Alf Neuhaus Orthop\u00e4de, Unfallchirurg Dr. Alf Neuhaus, Facharzt f\u00fcr Orthop\u00e4die in Benalmadena Dr. Alf Neuhaus, Facharzt f\u00fcr Orthop\u00e4die, hat Medizin an der Universit\u00e4tsklinik Eppendorf in Hamburg studiert, bevor er dann mit seiner Ausbildung zum Orthop\u00e4den in verschiedenen Krankenh\u00e4usern in Deutschland und England begann. W\u00e4hrend seiner Ausbildung und in den Jahren danach konnte er umfangreiche [&hellip;]<\/p>\n","protected":false},"author":1,"featured_media":0,"parent":1177,"menu_order":0,"comment_status":"closed","ping_status":"closed","template":"elementor_theme","meta":{"site-sidebar-layout":"no-sidebar","site-content-layout":"page-builder","ast-site-content-layout":"full-width-container","site-content-style":"unboxed","site-sidebar-style":"unboxed","ast-global-header-display":"","ast-banner-title-visibility":"","ast-main-header-display":"","ast-hfb-above-header-display":"","ast-hfb-below-header-display":"","ast-hfb-mobile-header-display":"","site-post-title":"disabled","ast-breadcrumbs-content":"","ast-featured-img":"disabled","footer-sml-layout":"","ast-disable-related-posts":"","theme-transparent-header-meta":"default","adv-header-id-meta":"","stick-header-meta":"default","header-above-stick-meta":"","header-main-stick-meta":"","header-below-stick-meta":"","astra-migrate-meta-layouts":"set","ast-page-background-enabled":"default","ast-page-background-meta":{"desktop":{"background-color":"","background-image":"","background-repeat":"repeat","background-position":"center center","background-size":"auto","background-attachment":"scroll","background-type":"","background-media":"","overlay-type":"","overlay-color":"","overlay-opacity":"","overlay-gradient":""},"tablet":{"background-color":"","background-image":"","background-repeat":"repeat","background-position":"center center","background-size":"auto","background-attachment":"scroll","background-type":"","background-media":"","overlay-type":"","overlay-color":"","overlay-opacity":"","overlay-gradient":""},"mobile":{"background-color":"","background-image":"","background-repeat":"repeat","background-position":"center center","background-size":"auto","background-attachment":"scroll","background-type":"","background-media":"","overlay-type":"","overlay-color":"","overlay-opacity":"","overlay-gradient":""}},"ast-content-background-meta":{"desktop":{"background-color":"var(--ast-global-color-5)","background-image":"","background-repeat":"repeat","background-position":"center center","background-size":"auto","background-attachment":"scroll","background-type":"","background-media":"","overlay-type":"","overlay-color":"","overlay-opacity":"","overlay-gradient":""},"tablet":{"background-color":"var(--ast-global-color-5)","background-image":"","background-repeat":"repeat","background-position":"center center","background-size":"auto","background-attachment":"scroll","background-type":"","background-media":"","overlay-type":"","overlay-color":"","overlay-opacity":"","overlay-gradient":""},"mobile":{"background-color":"var(--ast-global-color-5)","background-image":"","background-repeat":"repeat","background-position":"center center","background-size":"auto","background-attachment":"scroll","background-type":"","background-media":"","overlay-type":"","overlay-color":"","overlay-opacity":"","overlay-gradient":""}},"footnotes":""},"class_list":["post-1114","page","type-page","status-publish","hentry"],"_links":{"self":[{"href":"https:\/\/clinicasandalf.com\/de\/wp-json\/wp\/v2\/pages\/1114","targetHints":{"allow":["GET"]}}],"collection":[{"href":"https:\/\/clinicasandalf.com\/de\/wp-json\/wp\/v2\/pages"}],"about":[{"href":"https:\/\/clinicasandalf.com\/de\/wp-json\/wp\/v2\/types\/page"}],"author":[{"embeddable":true,"href":"https:\/\/clinicasandalf.com\/de\/wp-json\/wp\/v2\/users\/1"}],"replies":[{"embeddable":true,"href":"https:\/\/clinicasandalf.com\/de\/wp-json\/wp\/v2\/comments?post=1114"}],"version-history":[{"count":5,"href":"https:\/\/clinicasandalf.com\/de\/wp-json\/wp\/v2\/pages\/1114\/revisions"}],"predecessor-version":[{"id":1922,"href":"https:\/\/clinicasandalf.com\/de\/wp-json\/wp\/v2\/pages\/1114\/revisions\/1922"}],"up":[{"embeddable":true,"href":"https:\/\/clinicasandalf.com\/de\/wp-json\/wp\/v2\/pages\/1177"}],"wp:attachment":[{"href":"https:\/\/clinicasandalf.com\/de\/wp-json\/wp\/v2\/media?parent=1114"}],"curies":[{"name":"wp","href":"https:\/\/api.w.org\/{rel}","templated":true}]}}