{"id":1121,"date":"2019-10-13T20:56:30","date_gmt":"2019-10-13T18:56:30","guid":{"rendered":"https:\/\/clinicasandalf.com\/?page_id=1121"},"modified":"2024-03-31T22:30:38","modified_gmt":"2024-03-31T21:30:38","slug":"christie-nicholas-osteopathin-chiropraktikerin-benalmadena-marbella","status":"publish","type":"page","link":"https:\/\/clinicasandalf.com\/de\/team-clinica-sandalf\/christie-nicholas-osteopathin-chiropraktikerin-benalmadena-marbella\/","title":{"rendered":"Christie Nicholas &#8211; Osteopathin &#8211; Chiropraktikerin"},"content":{"rendered":"\t\t<div data-elementor-type=\"wp-post\" data-elementor-id=\"1121\" class=\"elementor elementor-1121 elementor-553\" data-elementor-post-type=\"page\">\n\t\t\t\t\t\t<section class=\"elementor-section elementor-top-section elementor-element elementor-element-5fc172f5 elementor-section-content-middle elementor-section-boxed elementor-section-height-default elementor-section-height-default\" data-id=\"5fc172f5\" data-element_type=\"section\" data-e-type=\"section\" data-settings=\"{&quot;background_background&quot;:&quot;classic&quot;}\">\n\t\t\t\t\t\t\t<div class=\"elementor-background-overlay\"><\/div>\n\t\t\t\t\t\t\t<div class=\"elementor-container elementor-column-gap-no\">\n\t\t\t\t\t<div class=\"elementor-column elementor-col-100 elementor-top-column elementor-element elementor-element-38361c69\" data-id=\"38361c69\" data-element_type=\"column\" data-e-type=\"column\">\n\t\t\t<div class=\"elementor-widget-wrap elementor-element-populated\">\n\t\t\t\t\t\t<div class=\"elementor-element elementor-element-60646c54 elementor-widget elementor-widget-heading\" data-id=\"60646c54\" data-element_type=\"widget\" data-e-type=\"widget\" data-widget_type=\"heading.default\">\n\t\t\t\t<div class=\"elementor-widget-container\">\n\t\t\t\t\t<h1 class=\"elementor-heading-title elementor-size-default\">Christie Nicholas<\/h1>\t\t\t\t<\/div>\n\t\t\t\t<\/div>\n\t\t\t\t<div class=\"elementor-element elementor-element-bb36ef2 elementor-widget elementor-widget-heading\" data-id=\"bb36ef2\" data-element_type=\"widget\" data-e-type=\"widget\" data-widget_type=\"heading.default\">\n\t\t\t\t<div class=\"elementor-widget-container\">\n\t\t\t\t\t<h2 class=\"elementor-heading-title elementor-size-default\">Osteopathin, Chiropraktikerin<\/h2>\t\t\t\t<\/div>\n\t\t\t\t<\/div>\n\t\t\t\t<div class=\"elementor-element elementor-element-1a76284 elementor-widget-divider--view-line elementor-widget elementor-widget-divider\" data-id=\"1a76284\" data-element_type=\"widget\" data-e-type=\"widget\" data-widget_type=\"divider.default\">\n\t\t\t\t<div class=\"elementor-widget-container\">\n\t\t\t\t\t\t\t<div class=\"elementor-divider\">\n\t\t\t<span class=\"elementor-divider-separator\">\n\t\t\t\t\t\t<\/span>\n\t\t<\/div>\n\t\t\t\t\t\t<\/div>\n\t\t\t\t<\/div>\n\t\t\t\t\t<\/div>\n\t\t<\/div>\n\t\t\t\t\t<\/div>\n\t\t<\/section>\n\t\t\t\t<section class=\"elementor-section elementor-top-section elementor-element elementor-element-c756176 elementor-section-content-top elementor-section-boxed elementor-section-height-default elementor-section-height-default\" data-id=\"c756176\" data-element_type=\"section\" data-e-type=\"section\">\n\t\t\t\t\t\t<div class=\"elementor-container elementor-column-gap-wide\">\n\t\t\t\t\t<div class=\"elementor-column elementor-col-33 elementor-top-column elementor-element elementor-element-e746561\" data-id=\"e746561\" data-element_type=\"column\" data-e-type=\"column\">\n\t\t\t<div class=\"elementor-widget-wrap elementor-element-populated\">\n\t\t\t\t\t\t<div class=\"elementor-element elementor-element-326a9cc elementor-widget elementor-widget-image\" data-id=\"326a9cc\" data-element_type=\"widget\" data-e-type=\"widget\" data-widget_type=\"image.default\">\n\t\t\t\t<div class=\"elementor-widget-container\">\n\t\t\t\t\t\t\t\t\t\t\t\t\t\t\t<img fetchpriority=\"high\" decoding=\"async\" width=\"819\" height=\"1024\" src=\"https:\/\/clinicasandalf.com\/wp-content\/uploads\/2024\/01\/Christie-Nicholas-1-819x1024.jpg\" class=\"attachment-large size-large wp-image-2962\" alt=\"Osteopathin Christie Nicholas\" srcset=\"https:\/\/clinicasandalf.com\/wp-content\/uploads\/2024\/01\/Christie-Nicholas-1-819x1024.jpg 819w, https:\/\/clinicasandalf.com\/wp-content\/uploads\/2024\/01\/Christie-Nicholas-1-240x300.jpg 240w, https:\/\/clinicasandalf.com\/wp-content\/uploads\/2024\/01\/Christie-Nicholas-1-768x960.jpg 768w, https:\/\/clinicasandalf.com\/wp-content\/uploads\/2024\/01\/Christie-Nicholas-1.jpg 1024w\" sizes=\"(max-width: 819px) 100vw, 819px\" \/>\t\t\t\t\t\t\t\t\t\t\t\t\t\t\t<\/div>\n\t\t\t\t<\/div>\n\t\t\t\t\t<\/div>\n\t\t<\/div>\n\t\t\t\t<div class=\"elementor-column elementor-col-66 elementor-top-column elementor-element elementor-element-900fef1\" data-id=\"900fef1\" data-element_type=\"column\" data-e-type=\"column\">\n\t\t\t<div class=\"elementor-widget-wrap elementor-element-populated\">\n\t\t\t\t\t\t<div class=\"elementor-element elementor-element-f1d2437 elementor-widget elementor-widget-text-editor\" data-id=\"f1d2437\" data-element_type=\"widget\" data-e-type=\"widget\" data-widget_type=\"text-editor.default\">\n\t\t\t\t<div class=\"elementor-widget-container\">\n\t\t\t\t\t\t\t\t\t<p>Christie Nicholas hat nach mehreren Jahren des Trainings ihre Ausbildung in der Osteopathie und Chirotherapie in England abgeschlossen. In den folgenden Jahren sammelte sie nicht nur umfangreiche Erfahrung in der ostheopathischen und chiropraktischen Therapie von Gelenk- und Weichteilbeschwerden, sondern erlangte auch die Weiterbildung im Bereich der Kranio-Sakralen Therapie der Wirbels\u00e4ule. Diese Therapieans\u00e4tze helfen bei chronischen und akuten Kopfschmerzen wie Migr\u00e4ne, helfen das Stressniveau zu reduzieren und wirken positiv bei chronischen Erkrankungen wie Fibromyalgie. Diese Therapieans\u00e4tze k\u00f6nnen auch bei Kindern und sogar S\u00e4uglingen angewendet werden.<\/p><p>Da Christie auch ein Diplom in Kunst hat, setzt sie diese Erfahrung und Kenntnisse sehr erfolgreich bei der Behandlung an. Wenn Sie einen Termin mit Christie Nicholas vereinbaren m\u00f6chten, dann dr\u00fccken Sie bitte\u00a0<a href=\"\/de\/kontakt\" target=\"_blank\" rel=\"noopener\">hier<\/a>.<\/p>\t\t\t\t\t\t\t\t<\/div>\n\t\t\t\t<\/div>\n\t\t\t\t\t<\/div>\n\t\t<\/div>\n\t\t\t\t\t<\/div>\n\t\t<\/section>\n\t\t\t\t<section class=\"elementor-section elementor-top-section elementor-element elementor-element-5335e669 elementor-section-content-middle elementor-section-full_width elementor-section-height-default elementor-section-height-default\" data-id=\"5335e669\" data-element_type=\"section\" data-e-type=\"section\" data-settings=\"{&quot;background_background&quot;:&quot;classic&quot;}\">\n\t\t\t\t\t\t\t<div class=\"elementor-background-overlay\"><\/div>\n\t\t\t\t\t\t\t<div class=\"elementor-container elementor-column-gap-no\">\n\t\t\t\t\t<div class=\"elementor-column elementor-col-100 elementor-top-column elementor-element elementor-element-4496c7eb\" data-id=\"4496c7eb\" data-element_type=\"column\" data-e-type=\"column\">\n\t\t\t<div class=\"elementor-widget-wrap elementor-element-populated\">\n\t\t\t\t\t\t<div class=\"elementor-element elementor-element-421112e9 elementor-widget elementor-widget-heading\" data-id=\"421112e9\" data-element_type=\"widget\" data-e-type=\"widget\" data-widget_type=\"heading.default\">\n\t\t\t\t<div class=\"elementor-widget-container\">\n\t\t\t\t\t<h2 class=\"elementor-heading-title elementor-size-default\">Kontaktieren Sie uns<\/h2>\t\t\t\t<\/div>\n\t\t\t\t<\/div>\n\t\t\t\t<div class=\"elementor-element elementor-element-536cb6f4 elementor-widget-divider--view-line elementor-widget elementor-widget-divider\" data-id=\"536cb6f4\" data-element_type=\"widget\" data-e-type=\"widget\" data-widget_type=\"divider.default\">\n\t\t\t\t<div class=\"elementor-widget-container\">\n\t\t\t\t\t\t\t<div class=\"elementor-divider\">\n\t\t\t<span class=\"elementor-divider-separator\">\n\t\t\t\t\t\t<\/span>\n\t\t<\/div>\n\t\t\t\t\t\t<\/div>\n\t\t\t\t<\/div>\n\t\t\t\t<div class=\"elementor-element elementor-element-7151c1f8 elementor-widget elementor-widget-text-editor\" data-id=\"7151c1f8\" data-element_type=\"widget\" data-e-type=\"widget\" data-widget_type=\"text-editor.default\">\n\t\t\t\t<div class=\"elementor-widget-container\">\n\t\t\t\t\t\t\t\t\t<p style=\"text-align: center;\">Bitte z\u00f6gern Sie nicht, sich mit uns in Verbindung zu setzen, falls Sie weitere Fragen haben oder einen Termin vereinbaren m\u00f6chten.<\/p>\t\t\t\t\t\t\t\t<\/div>\n\t\t\t\t<\/div>\n\t\t\t\t<div class=\"elementor-element elementor-element-2185237 elementor-button-info elementor-align-center elementor-widget elementor-widget-button\" data-id=\"2185237\" data-element_type=\"widget\" data-e-type=\"widget\" data-widget_type=\"button.default\">\n\t\t\t\t<div class=\"elementor-widget-container\">\n\t\t\t\t\t\t\t\t\t<div class=\"elementor-button-wrapper\">\n\t\t\t\t\t<a class=\"elementor-button elementor-button-link elementor-size-md\" href=\"https:\/\/clinicasandalf.com\/de\/kontakt\/\">\n\t\t\t\t\t\t<span class=\"elementor-button-content-wrapper\">\n\t\t\t\t\t\t\t\t\t<span class=\"elementor-button-text\">Hier finden Sie unsere Kontaktdaten<\/span>\n\t\t\t\t\t<\/span>\n\t\t\t\t\t<\/a>\n\t\t\t\t<\/div>\n\t\t\t\t\t\t\t\t<\/div>\n\t\t\t\t<\/div>\n\t\t\t\t\t<\/div>\n\t\t<\/div>\n\t\t\t\t\t<\/div>\n\t\t<\/section>\n\t\t\t\t<\/div>\n\t\t","protected":false},"excerpt":{"rendered":"<p>Christie Nicholas Osteopathin, Chiropraktikerin Christie Nicholas hat nach mehreren Jahren des Trainings ihre Ausbildung in der Osteopathie und Chirotherapie in England abgeschlossen. In den folgenden Jahren sammelte sie nicht nur umfangreiche Erfahrung in der ostheopathischen und chiropraktischen Therapie von Gelenk- und Weichteilbeschwerden, sondern erlangte auch die Weiterbildung im Bereich der Kranio-Sakralen Therapie der Wirbels\u00e4ule. Diese [&hellip;]<\/p>\n","protected":false},"author":1,"featured_media":0,"parent":1177,"menu_order":0,"comment_status":"closed","ping_status":"closed","template":"","meta":{"site-sidebar-layout":"no-sidebar","site-content-layout":"page-builder","ast-site-content-layout":"full-width-container","site-content-style":"unboxed","site-sidebar-style":"unboxed","ast-global-header-display":"","ast-banner-title-visibility":"","ast-main-header-display":"","ast-hfb-above-header-display":"","ast-hfb-below-header-display":"","ast-hfb-mobile-header-display":"","site-post-title":"disabled","ast-breadcrumbs-content":"","ast-featured-img":"disabled","footer-sml-layout":"","ast-disable-related-posts":"","theme-transparent-header-meta":"default","adv-header-id-meta":"","stick-header-meta":"default","header-above-stick-meta":"","header-main-stick-meta":"","header-below-stick-meta":"","astra-migrate-meta-layouts":"set","ast-page-background-enabled":"default","ast-page-background-meta":{"desktop":{"background-color":"","background-image":"","background-repeat":"repeat","background-position":"center center","background-size":"auto","background-attachment":"scroll","background-type":"","background-media":"","overlay-type":"","overlay-color":"","overlay-opacity":"","overlay-gradient":""},"tablet":{"background-color":"","background-image":"","background-repeat":"repeat","background-position":"center center","background-size":"auto","background-attachment":"scroll","background-type":"","background-media":"","overlay-type":"","overlay-color":"","overlay-opacity":"","overlay-gradient":""},"mobile":{"background-color":"","background-image":"","background-repeat":"repeat","background-position":"center center","background-size":"auto","background-attachment":"scroll","background-type":"","background-media":"","overlay-type":"","overlay-color":"","overlay-opacity":"","overlay-gradient":""}},"ast-content-background-meta":{"desktop":{"background-color":"var(--ast-global-color-5)","background-image":"","background-repeat":"repeat","background-position":"center center","background-size":"auto","background-attachment":"scroll","background-type":"","background-media":"","overlay-type":"","overlay-color":"","overlay-opacity":"","overlay-gradient":""},"tablet":{"background-color":"var(--ast-global-color-5)","background-image":"","background-repeat":"repeat","background-position":"center center","background-size":"auto","background-attachment":"scroll","background-type":"","background-media":"","overlay-type":"","overlay-color":"","overlay-opacity":"","overlay-gradient":""},"mobile":{"background-color":"var(--ast-global-color-5)","background-image":"","background-repeat":"repeat","background-position":"center center","background-size":"auto","background-attachment":"scroll","background-type":"","background-media":"","overlay-type":"","overlay-color":"","overlay-opacity":"","overlay-gradient":""}},"footnotes":""},"class_list":["post-1121","page","type-page","status-publish","hentry"],"_links":{"self":[{"href":"https:\/\/clinicasandalf.com\/de\/wp-json\/wp\/v2\/pages\/1121","targetHints":{"allow":["GET"]}}],"collection":[{"href":"https:\/\/clinicasandalf.com\/de\/wp-json\/wp\/v2\/pages"}],"about":[{"href":"https:\/\/clinicasandalf.com\/de\/wp-json\/wp\/v2\/types\/page"}],"author":[{"embeddable":true,"href":"https:\/\/clinicasandalf.com\/de\/wp-json\/wp\/v2\/users\/1"}],"replies":[{"embeddable":true,"href":"https:\/\/clinicasandalf.com\/de\/wp-json\/wp\/v2\/comments?post=1121"}],"version-history":[{"count":15,"href":"https:\/\/clinicasandalf.com\/de\/wp-json\/wp\/v2\/pages\/1121\/revisions"}],"predecessor-version":[{"id":3667,"href":"https:\/\/clinicasandalf.com\/de\/wp-json\/wp\/v2\/pages\/1121\/revisions\/3667"}],"up":[{"embeddable":true,"href":"https:\/\/clinicasandalf.com\/de\/wp-json\/wp\/v2\/pages\/1177"}],"wp:attachment":[{"href":"https:\/\/clinicasandalf.com\/de\/wp-json\/wp\/v2\/media?parent=1121"}],"curies":[{"name":"wp","href":"https:\/\/api.w.org\/{rel}","templated":true}]}}