{"id":1194,"date":"2019-10-13T22:34:10","date_gmt":"2019-10-13T20:34:10","guid":{"rendered":"https:\/\/clinicasandalf.com\/?page_id=1194"},"modified":"2019-10-21T17:44:43","modified_gmt":"2019-10-21T15:44:43","slug":"gesundheitsnachrichten","status":"publish","type":"page","link":"https:\/\/clinicasandalf.com\/de\/gesundheitsnachrichten\/","title":{"rendered":"Gesundheitsnachrichten"},"content":{"rendered":"\t\t<div data-elementor-type=\"wp-post\" data-elementor-id=\"1194\" class=\"elementor elementor-1194 elementor-691\" data-elementor-post-type=\"page\">\n\t\t\t\t\t\t<section class=\"elementor-section elementor-top-section elementor-element elementor-element-5fc172f5 elementor-section-content-middle elementor-section-boxed elementor-section-height-default elementor-section-height-default\" data-id=\"5fc172f5\" data-element_type=\"section\" data-e-type=\"section\" data-settings=\"{&quot;background_background&quot;:&quot;classic&quot;}\">\n\t\t\t\t\t\t\t<div class=\"elementor-background-overlay\"><\/div>\n\t\t\t\t\t\t\t<div class=\"elementor-container elementor-column-gap-no\">\n\t\t\t\t\t<div class=\"elementor-column elementor-col-100 elementor-top-column elementor-element elementor-element-38361c69\" data-id=\"38361c69\" data-element_type=\"column\" data-e-type=\"column\">\n\t\t\t<div class=\"elementor-widget-wrap elementor-element-populated\">\n\t\t\t\t\t\t<div class=\"elementor-element elementor-element-60646c54 elementor-widget elementor-widget-heading\" data-id=\"60646c54\" data-element_type=\"widget\" data-e-type=\"widget\" data-widget_type=\"heading.default\">\n\t\t\t\t<div class=\"elementor-widget-container\">\n\t\t\t\t\t<h1 class=\"elementor-heading-title elementor-size-default\">Gesundheitsnachrichten<\/h1>\t\t\t\t<\/div>\n\t\t\t\t<\/div>\n\t\t\t\t<div class=\"elementor-element elementor-element-1a76284 elementor-widget-divider--view-line elementor-widget elementor-widget-divider\" data-id=\"1a76284\" data-element_type=\"widget\" data-e-type=\"widget\" data-widget_type=\"divider.default\">\n\t\t\t\t<div class=\"elementor-widget-container\">\n\t\t\t\t\t\t\t<div class=\"elementor-divider\">\n\t\t\t<span class=\"elementor-divider-separator\">\n\t\t\t\t\t\t<\/span>\n\t\t<\/div>\n\t\t\t\t\t\t<\/div>\n\t\t\t\t<\/div>\n\t\t\t\t<div class=\"elementor-element elementor-element-fcb3435 elementor-widget elementor-widget-heading\" data-id=\"fcb3435\" data-element_type=\"widget\" data-e-type=\"widget\" data-widget_type=\"heading.default\">\n\t\t\t\t<div class=\"elementor-widget-container\">\n\t\t\t\t\t<h2 class=\"elementor-heading-title elementor-size-default\">Lesen Sie die neuesten Gesundheitsnachrichten von Cl\u00ednica Sandalf und aus der ganzen Welt.\n<\/h2>\t\t\t\t<\/div>\n\t\t\t\t<\/div>\n\t\t\t\t\t<\/div>\n\t\t<\/div>\n\t\t\t\t\t<\/div>\n\t\t<\/section>\n\t\t\t\t<section class=\"elementor-section elementor-top-section elementor-element elementor-element-c756176 elementor-section-content-top elementor-section-boxed elementor-section-height-default elementor-section-height-default\" data-id=\"c756176\" data-element_type=\"section\" data-e-type=\"section\">\n\t\t\t\t\t\t<div class=\"elementor-container elementor-column-gap-wide\">\n\t\t\t\t\t<div class=\"elementor-column elementor-col-100 elementor-top-column elementor-element elementor-element-900fef1\" data-id=\"900fef1\" data-element_type=\"column\" data-e-type=\"column\">\n\t\t\t<div class=\"elementor-widget-wrap elementor-element-populated\">\n\t\t\t\t\t\t<div class=\"elementor-element elementor-element-7e8aa7f elementor-widget elementor-widget-uael-posts\" data-id=\"7e8aa7f\" data-element_type=\"widget\" data-e-type=\"widget\" data-settings=\"{&quot;feed_slides_to_show_tablet&quot;:2,&quot;feed_slides_to_show_mobile&quot;:1,&quot;feed_show_filters&quot;:&quot;no&quot;}\" data-widget_type=\"uael-posts.feed\">\n\t\t\t\t<div class=\"elementor-widget-container\">\n\t\t\t\t\t\t\t<div class=\"uael-post__header\">\n\t\t\t\t\t<\/div>\n\t\t<div class=\"uael-post__body\">\n\t\t\t\n\t\t\n\t\t<div class=\"uael-post-grid uael-posts\" data-query-type=\"custom\" data-structure=\"\" data-layout=\"\" data-page=\"1194\" data-skin=\"feed\" data-filter-default=\"\" data-offset-top=\"30\" >\n\n\t\t\t\t\t\t\t<div class=\"uael-post-grid__inner uael-post__columns-1 uael-post__columns-tablet-1 uael-post__columns-mobile-1 uael-post-infinite-scroll uael-post-infinite__event-scroll\">\n\t\t\t\n\n<div class=\"uael-post-wrapper  unkategorisiert \">\n\n\t<div class=\"uael-post__bg-wrap\">\n\t\t\n\t\t\n\t\t<div class=\"uael-post__inner-wrap \">\n\n\t\t\t\t<div class=\"uael-post__thumbnail\">\n\t\t\t\n\t\t\t<a href=\"https:\/\/clinicasandalf.com\/de\/kniearthrose-schlittenprothese\/\" target=\"_self\" title=\"Schlittenprothese &#8211; \u00b4Halbe\u00b4 Knieprothese\"><img fetchpriority=\"high\" decoding=\"async\" width=\"761\" height=\"542\" src=\"https:\/\/clinicasandalf.com\/wp-content\/uploads\/2020\/03\/Unicondylar-Knee-Replacement-1.jpg\" class=\"attachment-full size-full wp-image-2004\" alt=\"Schlittenprothese\" srcset=\"https:\/\/clinicasandalf.com\/wp-content\/uploads\/2020\/03\/Unicondylar-Knee-Replacement-1.jpg 761w, https:\/\/clinicasandalf.com\/wp-content\/uploads\/2020\/03\/Unicondylar-Knee-Replacement-1-300x214.jpg 300w\" sizes=\"(max-width: 761px) 100vw, 761px\" \/><\/a>\n\t\t\t\t\t<\/div>\n\t\t\n\t\t\t\n\t\t\t<div class=\"uael-post__content-wrap\">\n\n\t\t\t\t\t<h3 class=\"uael-post__title\">\n\n\t\t\n\t\t\t\t\t\t<a href=\"https:\/\/clinicasandalf.com\/de\/kniearthrose-schlittenprothese\/\" target=\"_self\">\n\t\t\t\tSchlittenprothese &#8211; \u00b4Halbe\u00b4 Knieprothese\t\t\t<\/a>\n\n\t\t\t\t<\/h3>\n\t\t<div class=\"uael-post__separator\"><\/div>\n\t\t<div class=\"uael-post__excerpt\">\n\t\t\tDie \u00b4Halbe\u00b4 Knie Prothese \u2013 Schlittenprothese Wann, wenn \u00fcberhaupt, sollte sie eingesetzt werden Das Knie ist das bei weitem am h\u00e4ufigsten von Arthrose betroffene Gelenk, gefolgt von der H\u00fcfte. Arthrose hei\u00dft Gelenkverschlei\u00df. Es gibt etwa 150 verschiedene Arten von Arthrose, doch die bei weitem h\u00e4ufigste ist die Osteoarthrose, verursacht durch ...\t\t<\/div>\n\n\t\t\t\t\t<div class=\"uael-post__meta-data\">\n\t\t\t\t\t<\/div>\n\t\t\t\t\t<a class=\"uael-post__read-more elementor-button\" href=\"https:\/\/clinicasandalf.com\/de\/kniearthrose-schlittenprothese\/\" target=\"_self\" aria-labelledby=\"uael-post-1998\">\n\t\t\t\t\t<span class=\"elementor-button-content-wrapper\">\n\t\t\t\t\t\t\t\t\t\t\t\t\t\t<span class=\"elementor-button-icon elementor-align-icon-left\">\n\n\t\t\t\t\t\t\t\t\t\n\t\t\t\t\t\t\t\t<\/span>\n\t\t\t\t\t\t\t\t\t\t\t\t\t\n\t\t\t\t\t\t<span class=\"elementor-button-text\" id=uael-post-1998>Weiterlesen \u2192<\/span>\n\t\t\t\t\t<\/span>\n\t\t\t\t<\/a>\n\t\t\t\t\t\t<\/div>\n\t\t\t\n\t\t<\/div>\n\t\t\n\t<\/div>\n\n<\/div>\n\n\n<div class=\"uael-post-wrapper  unkategorisiert \">\n\n\t<div class=\"uael-post__bg-wrap\">\n\t\t\n\t\t\n\t\t<div class=\"uael-post__inner-wrap uael-post__noimage\">\n\n\t\t\n\t\t\t\n\t\t\t<div class=\"uael-post__content-wrap\">\n\n\t\t\t\t\t<h3 class=\"uael-post__title\">\n\n\t\t\n\t\t\t\t\t\t<a href=\"https:\/\/clinicasandalf.com\/de\/arthrose-was-kann-helfen\/\" target=\"_self\">\n\t\t\t\tArthrose &#8211; was kann helfen?\t\t\t<\/a>\n\n\t\t\t\t<\/h3>\n\t\t<div class=\"uael-post__separator\"><\/div>\n\t\t<div class=\"uael-post__excerpt\">\n\t\t\tDie Gelenkarthrose = Osteoarthrose ist die h\u00e4ufigste aller Gelengerkrankungen. Statistisch sind 90 Prozent aller Personen \u00fcber 65 Jahren betroffen. Sie beginnt \u00fcblicherweise ab dem vierzigsten Lebensjahr, in dieser Altersgruppe sind Frauen deutlich \u00f6fter betroffen als M\u00e4nner, was sich jedoch mit zunehmendem Alter ausgleicht. Es kommt bei der Arthrose zu einer ...\t\t<\/div>\n\n\t\t\t\t\t<div class=\"uael-post__meta-data\">\n\t\t\t\t\t<\/div>\n\t\t\t\t\t<a class=\"uael-post__read-more elementor-button\" href=\"https:\/\/clinicasandalf.com\/de\/arthrose-was-kann-helfen\/\" target=\"_self\" aria-labelledby=\"uael-post-1157\">\n\t\t\t\t\t<span class=\"elementor-button-content-wrapper\">\n\t\t\t\t\t\t\t\t\t\t\t\t\t\t<span class=\"elementor-button-icon elementor-align-icon-left\">\n\n\t\t\t\t\t\t\t\t\t\n\t\t\t\t\t\t\t\t<\/span>\n\t\t\t\t\t\t\t\t\t\t\t\t\t\n\t\t\t\t\t\t<span class=\"elementor-button-text\" id=uael-post-1157>Weiterlesen \u2192<\/span>\n\t\t\t\t\t<\/span>\n\t\t\t\t<\/a>\n\t\t\t\t\t\t<\/div>\n\t\t\t\n\t\t<\/div>\n\t\t\n\t<\/div>\n\n<\/div>\n\n\n<div class=\"uael-post-wrapper  unkategorisiert \">\n\n\t<div class=\"uael-post__bg-wrap\">\n\t\t\n\t\t\n\t\t<div class=\"uael-post__inner-wrap \">\n\n\t\t\t\t<div class=\"uael-post__thumbnail\">\n\t\t\t\n\t\t\t<a href=\"https:\/\/clinicasandalf.com\/de\/hyaluronsaure-kunstliche-gelenkschmiere\/\" target=\"_self\" title=\"Hyalurons\u00e4ure &#8211; k\u00fcnstliche Gelenkschmiere\"><img decoding=\"async\" width=\"300\" height=\"300\" src=\"https:\/\/clinicasandalf.com\/wp-content\/uploads\/2019\/08\/Hyaluronic-acid-and-arthritis.jpg\" class=\"attachment-full size-full wp-image-1155\" alt=\"Hyaluronic acid for arthritic joints\" srcset=\"https:\/\/clinicasandalf.com\/wp-content\/uploads\/2019\/08\/Hyaluronic-acid-and-arthritis.jpg 300w, https:\/\/clinicasandalf.com\/wp-content\/uploads\/2019\/08\/Hyaluronic-acid-and-arthritis-150x150.jpg 150w\" sizes=\"(max-width: 300px) 100vw, 300px\" \/><\/a>\n\t\t\t\t\t<\/div>\n\t\t\n\t\t\t\n\t\t\t<div class=\"uael-post__content-wrap\">\n\n\t\t\t\t\t<h3 class=\"uael-post__title\">\n\n\t\t\n\t\t\t\t\t\t<a href=\"https:\/\/clinicasandalf.com\/de\/hyaluronsaure-kunstliche-gelenkschmiere\/\" target=\"_self\">\n\t\t\t\tHyalurons\u00e4ure &#8211; k\u00fcnstliche Gelenkschmiere\t\t\t<\/a>\n\n\t\t\t\t<\/h3>\n\t\t<div class=\"uael-post__separator\"><\/div>\n\t\t<div class=\"uael-post__excerpt\">\n\t\t\tOsteoarthritis of the joints can't be cured, but slowed down by Hyaluronic acid injection, make an appointment and find out about the benefits for you.\t\t<\/div>\n\n\t\t\t\t\t<div class=\"uael-post__meta-data\">\n\t\t\t\t\t<\/div>\n\t\t\t\t\t<a class=\"uael-post__read-more elementor-button\" href=\"https:\/\/clinicasandalf.com\/de\/hyaluronsaure-kunstliche-gelenkschmiere\/\" target=\"_self\" aria-labelledby=\"uael-post-1153\">\n\t\t\t\t\t<span class=\"elementor-button-content-wrapper\">\n\t\t\t\t\t\t\t\t\t\t\t\t\t\t<span class=\"elementor-button-icon elementor-align-icon-left\">\n\n\t\t\t\t\t\t\t\t\t\n\t\t\t\t\t\t\t\t<\/span>\n\t\t\t\t\t\t\t\t\t\t\t\t\t\n\t\t\t\t\t\t<span class=\"elementor-button-text\" id=uael-post-1153>Weiterlesen \u2192<\/span>\n\t\t\t\t\t<\/span>\n\t\t\t\t<\/a>\n\t\t\t\t\t\t<\/div>\n\t\t\t\n\t\t<\/div>\n\t\t\n\t<\/div>\n\n<\/div>\n\n\n<div class=\"uael-post-wrapper  unkategorisiert \">\n\n\t<div class=\"uael-post__bg-wrap\">\n\t\t\n\t\t\n\t\t<div class=\"uael-post__inner-wrap \">\n\n\t\t\t\t<div class=\"uael-post__thumbnail\">\n\t\t\t\n\t\t\t<a href=\"https:\/\/clinicasandalf.com\/de\/karpaltunnel-syndrom-oft-gesehen-zu-oft-uebersehen\/\" target=\"_self\" title=\"Karpaltunnel- Syndrom, oft gesehen &#8211; zu oft \u00fcbersehen\"><img decoding=\"async\" width=\"640\" height=\"480\" src=\"https:\/\/clinicasandalf.com\/wp-content\/uploads\/2019\/08\/Carpal-tunnel-syndrome.jpg\" class=\"attachment-full size-full wp-image-1151\" alt=\"\" srcset=\"https:\/\/clinicasandalf.com\/wp-content\/uploads\/2019\/08\/Carpal-tunnel-syndrome.jpg 640w, https:\/\/clinicasandalf.com\/wp-content\/uploads\/2019\/08\/Carpal-tunnel-syndrome-300x225.jpg 300w\" sizes=\"(max-width: 640px) 100vw, 640px\" \/><\/a>\n\t\t\t\t\t<\/div>\n\t\t\n\t\t\t\n\t\t\t<div class=\"uael-post__content-wrap\">\n\n\t\t\t\t\t<h3 class=\"uael-post__title\">\n\n\t\t\n\t\t\t\t\t\t<a href=\"https:\/\/clinicasandalf.com\/de\/karpaltunnel-syndrom-oft-gesehen-zu-oft-uebersehen\/\" target=\"_self\">\n\t\t\t\tKarpaltunnel- Syndrom, oft gesehen &#8211; zu oft \u00fcbersehen\t\t\t<\/a>\n\n\t\t\t\t<\/h3>\n\t\t<div class=\"uael-post__separator\"><\/div>\n\t\t<div class=\"uael-post__excerpt\">\n\t\t\tCarpal tunnel syndrome, clinical diagnosis, no specific test needed, injection can help immediately, surgery as out-patient, call us to find out more.\t\t<\/div>\n\n\t\t\t\t\t<div class=\"uael-post__meta-data\">\n\t\t\t\t\t<\/div>\n\t\t\t\t\t<a class=\"uael-post__read-more elementor-button\" href=\"https:\/\/clinicasandalf.com\/de\/karpaltunnel-syndrom-oft-gesehen-zu-oft-uebersehen\/\" target=\"_self\" aria-labelledby=\"uael-post-1149\">\n\t\t\t\t\t<span class=\"elementor-button-content-wrapper\">\n\t\t\t\t\t\t\t\t\t\t\t\t\t\t<span class=\"elementor-button-icon elementor-align-icon-left\">\n\n\t\t\t\t\t\t\t\t\t\n\t\t\t\t\t\t\t\t<\/span>\n\t\t\t\t\t\t\t\t\t\t\t\t\t\n\t\t\t\t\t\t<span class=\"elementor-button-text\" id=uael-post-1149>Weiterlesen \u2192<\/span>\n\t\t\t\t\t<\/span>\n\t\t\t\t<\/a>\n\t\t\t\t\t\t<\/div>\n\t\t\t\n\t\t<\/div>\n\t\t\n\t<\/div>\n\n<\/div>\n\n\n<div class=\"uael-post-wrapper  unkategorisiert \">\n\n\t<div class=\"uael-post__bg-wrap\">\n\t\t\n\t\t\n\t\t<div class=\"uael-post__inner-wrap \">\n\n\t\t\t\t<div class=\"uael-post__thumbnail\">\n\t\t\t\n\t\t\t<a href=\"https:\/\/clinicasandalf.com\/de\/dupuytrensche-kontraktur-der-hand\/\" target=\"_self\" title=\"Dupuytren\u00b4sche Kontraktur der Hand\"><img loading=\"lazy\" decoding=\"async\" width=\"640\" height=\"480\" src=\"https:\/\/clinicasandalf.com\/wp-content\/uploads\/2019\/08\/What-is-Dupuytrens-Disease.jpg\" class=\"attachment-full size-full wp-image-1145\" alt=\"Contraction of finger due to Dupuytren&#039;s disease\" srcset=\"https:\/\/clinicasandalf.com\/wp-content\/uploads\/2019\/08\/What-is-Dupuytrens-Disease.jpg 640w, https:\/\/clinicasandalf.com\/wp-content\/uploads\/2019\/08\/What-is-Dupuytrens-Disease-300x225.jpg 300w\" sizes=\"(max-width: 640px) 100vw, 640px\" \/><\/a>\n\t\t\t\t\t<\/div>\n\t\t\n\t\t\t\n\t\t\t<div class=\"uael-post__content-wrap\">\n\n\t\t\t\t\t<h3 class=\"uael-post__title\">\n\n\t\t\n\t\t\t\t\t\t<a href=\"https:\/\/clinicasandalf.com\/de\/dupuytrensche-kontraktur-der-hand\/\" target=\"_self\">\n\t\t\t\tDupuytren\u00b4sche Kontraktur der Hand\t\t\t<\/a>\n\n\t\t\t\t<\/h3>\n\t\t<div class=\"uael-post__separator\"><\/div>\n\t\t<div class=\"uael-post__excerpt\">\n\t\t\tDupuytren's disease, a frequent debilitating hereditary hand problem, surgery by a trained hand surgeon indicated for III \/ IV degree, call for information.\t\t<\/div>\n\n\t\t\t\t\t<div class=\"uael-post__meta-data\">\n\t\t\t\t\t<\/div>\n\t\t\t\t\t<a class=\"uael-post__read-more elementor-button\" href=\"https:\/\/clinicasandalf.com\/de\/dupuytrensche-kontraktur-der-hand\/\" target=\"_self\" aria-labelledby=\"uael-post-1144\">\n\t\t\t\t\t<span class=\"elementor-button-content-wrapper\">\n\t\t\t\t\t\t\t\t\t\t\t\t\t\t<span class=\"elementor-button-icon elementor-align-icon-left\">\n\n\t\t\t\t\t\t\t\t\t\n\t\t\t\t\t\t\t\t<\/span>\n\t\t\t\t\t\t\t\t\t\t\t\t\t\n\t\t\t\t\t\t<span class=\"elementor-button-text\" id=uael-post-1144>Weiterlesen \u2192<\/span>\n\t\t\t\t\t<\/span>\n\t\t\t\t<\/a>\n\t\t\t\t\t\t<\/div>\n\t\t\t\n\t\t<\/div>\n\t\t\n\t<\/div>\n\n<\/div>\n\t\t\t\t<\/div>\n\t\t\t\t\t\t<div class=\"uael-post-inf-loader\">\n\t\t\t\t<div class=\"uael-post-loader-1\"><\/div>\n\t\t\t\t<div class=\"uael-post-loader-2\"><\/div>\n\t\t\t\t<div class=\"uael-post-loader-3\"><\/div>\n\t\t\t<\/div>\n\t\t\t\t\t\t\n\t\t<\/div>\n\n\t\t\t\t\t\t<\/div>\n\t\t<div class=\"uael-post__footer\">\n\t\t\t\t\t<\/div>\n\t\t\t\t\t\t<\/div>\n\t\t\t\t<\/div>\n\t\t\t\t\t<\/div>\n\t\t<\/div>\n\t\t\t\t\t<\/div>\n\t\t<\/section>\n\t\t\t\t<\/div>\n\t\t","protected":false},"excerpt":{"rendered":"<p>Gesundheitsnachrichten Lesen Sie die neuesten Gesundheitsnachrichten von Cl\u00ednica Sandalf und aus der ganzen Welt. Arthrose &#8211; was kann helfen? Die Gelenkarthrose = Osteoarthrose ist die h\u00e4ufigste aller Gelengerkrankungen. Statistisch sind 90 Prozent aller Personen \u00fcber 65 Jahren betroffen. Sie beginnt \u00fcblicherweise ab dem vierzigsten Lebensjahr, in dieser Altersgruppe sind Frauen deutlich \u00f6fter betroffen als M\u00e4nner, [&hellip;]<\/p>\n","protected":false},"author":1,"featured_media":0,"parent":0,"menu_order":0,"comment_status":"closed","ping_status":"closed","template":"","meta":{"site-sidebar-layout":"no-sidebar","site-content-layout":"page-builder","ast-site-content-layout":"default","site-content-style":"default","site-sidebar-style":"default","ast-global-header-display":"","ast-banner-title-visibility":"","ast-main-header-display":"","ast-hfb-above-header-display":"","ast-hfb-below-header-display":"","ast-hfb-mobile-header-display":"","site-post-title":"disabled","ast-breadcrumbs-content":"","ast-featured-img":"disabled","footer-sml-layout":"","ast-disable-related-posts":"","theme-transparent-header-meta":"default","adv-header-id-meta":"","stick-header-meta":"default","header-above-stick-meta":"","header-main-stick-meta":"","header-below-stick-meta":"","astra-migrate-meta-layouts":"default","ast-page-background-enabled":"default","ast-page-background-meta":{"desktop":{"background-color":"","background-image":"","background-repeat":"repeat","background-position":"center center","background-size":"auto","background-attachment":"scroll","background-type":"","background-media":"","overlay-type":"","overlay-color":"","overlay-opacity":"","overlay-gradient":""},"tablet":{"background-color":"","background-image":"","background-repeat":"repeat","background-position":"center center","background-size":"auto","background-attachment":"scroll","background-type":"","background-media":"","overlay-type":"","overlay-color":"","overlay-opacity":"","overlay-gradient":""},"mobile":{"background-color":"","background-image":"","background-repeat":"repeat","background-position":"center center","background-size":"auto","background-attachment":"scroll","background-type":"","background-media":"","overlay-type":"","overlay-color":"","overlay-opacity":"","overlay-gradient":""}},"ast-content-background-meta":{"desktop":{"background-color":"var(--ast-global-color-5)","background-image":"","background-repeat":"repeat","background-position":"center center","background-size":"auto","background-attachment":"scroll","background-type":"","background-media":"","overlay-type":"","overlay-color":"","overlay-opacity":"","overlay-gradient":""},"tablet":{"background-color":"var(--ast-global-color-5)","background-image":"","background-repeat":"repeat","background-position":"center center","background-size":"auto","background-attachment":"scroll","background-type":"","background-media":"","overlay-type":"","overlay-color":"","overlay-opacity":"","overlay-gradient":""},"mobile":{"background-color":"var(--ast-global-color-5)","background-image":"","background-repeat":"repeat","background-position":"center center","background-size":"auto","background-attachment":"scroll","background-type":"","background-media":"","overlay-type":"","overlay-color":"","overlay-opacity":"","overlay-gradient":""}},"footnotes":""},"class_list":["post-1194","page","type-page","status-publish","hentry"],"_links":{"self":[{"href":"https:\/\/clinicasandalf.com\/de\/wp-json\/wp\/v2\/pages\/1194","targetHints":{"allow":["GET"]}}],"collection":[{"href":"https:\/\/clinicasandalf.com\/de\/wp-json\/wp\/v2\/pages"}],"about":[{"href":"https:\/\/clinicasandalf.com\/de\/wp-json\/wp\/v2\/types\/page"}],"author":[{"embeddable":true,"href":"https:\/\/clinicasandalf.com\/de\/wp-json\/wp\/v2\/users\/1"}],"replies":[{"embeddable":true,"href":"https:\/\/clinicasandalf.com\/de\/wp-json\/wp\/v2\/comments?post=1194"}],"version-history":[{"count":3,"href":"https:\/\/clinicasandalf.com\/de\/wp-json\/wp\/v2\/pages\/1194\/revisions"}],"predecessor-version":[{"id":1198,"href":"https:\/\/clinicasandalf.com\/de\/wp-json\/wp\/v2\/pages\/1194\/revisions\/1198"}],"wp:attachment":[{"href":"https:\/\/clinicasandalf.com\/de\/wp-json\/wp\/v2\/media?parent=1194"}],"curies":[{"name":"wp","href":"https:\/\/api.w.org\/{rel}","templated":true}]}}