{"id":1484,"date":"2019-10-29T19:34:48","date_gmt":"2019-10-29T17:34:48","guid":{"rendered":"https:\/\/clinicasandalf.com\/?page_id=1484"},"modified":"2019-11-10T15:18:05","modified_gmt":"2019-11-10T13:18:05","slug":"handchirurgie","status":"publish","type":"page","link":"https:\/\/clinicasandalf.com\/de\/spezialbehandlungen\/handchirurgie\/","title":{"rendered":"Handchirurgie"},"content":{"rendered":"\t\t<div data-elementor-type=\"wp-post\" data-elementor-id=\"1484\" class=\"elementor elementor-1484\" data-elementor-post-type=\"page\">\n\t\t\t\t\t\t<section class=\"elementor-section elementor-top-section elementor-element elementor-element-5fc172f5 elementor-section-content-middle elementor-section-boxed elementor-section-height-default elementor-section-height-default\" data-id=\"5fc172f5\" data-element_type=\"section\" data-e-type=\"section\" data-settings=\"{&quot;background_background&quot;:&quot;classic&quot;}\">\n\t\t\t\t\t\t\t<div class=\"elementor-background-overlay\"><\/div>\n\t\t\t\t\t\t\t<div class=\"elementor-container elementor-column-gap-no\">\n\t\t\t\t\t<div class=\"elementor-column elementor-col-100 elementor-top-column elementor-element elementor-element-38361c69\" data-id=\"38361c69\" data-element_type=\"column\" data-e-type=\"column\">\n\t\t\t<div class=\"elementor-widget-wrap elementor-element-populated\">\n\t\t\t\t\t\t<div class=\"elementor-element elementor-element-60646c54 elementor-widget elementor-widget-heading\" data-id=\"60646c54\" data-element_type=\"widget\" data-e-type=\"widget\" data-widget_type=\"heading.default\">\n\t\t\t\t<div class=\"elementor-widget-container\">\n\t\t\t\t\t<h1 class=\"elementor-heading-title elementor-size-default\">Handchirurgie<\/h1>\t\t\t\t<\/div>\n\t\t\t\t<\/div>\n\t\t\t\t<div class=\"elementor-element elementor-element-1a76284 elementor-widget-divider--view-line elementor-widget elementor-widget-divider\" data-id=\"1a76284\" data-element_type=\"widget\" data-e-type=\"widget\" data-widget_type=\"divider.default\">\n\t\t\t\t<div class=\"elementor-widget-container\">\n\t\t\t\t\t\t\t<div class=\"elementor-divider\">\n\t\t\t<span class=\"elementor-divider-separator\">\n\t\t\t\t\t\t<\/span>\n\t\t<\/div>\n\t\t\t\t\t\t<\/div>\n\t\t\t\t<\/div>\n\t\t\t\t\t<\/div>\n\t\t<\/div>\n\t\t\t\t\t<\/div>\n\t\t<\/section>\n\t\t\t\t<section class=\"elementor-section elementor-top-section elementor-element elementor-element-c756176 elementor-section-content-top elementor-section-boxed elementor-section-height-default elementor-section-height-default\" data-id=\"c756176\" data-element_type=\"section\" data-e-type=\"section\">\n\t\t\t\t\t\t<div class=\"elementor-container elementor-column-gap-wide\">\n\t\t\t\t\t<div class=\"elementor-column elementor-col-33 elementor-top-column elementor-element elementor-element-e746561\" data-id=\"e746561\" data-element_type=\"column\" data-e-type=\"column\">\n\t\t\t<div class=\"elementor-widget-wrap elementor-element-populated\">\n\t\t\t\t\t\t<div class=\"elementor-element elementor-element-326a9cc elementor-widget elementor-widget-image\" data-id=\"326a9cc\" data-element_type=\"widget\" data-e-type=\"widget\" data-widget_type=\"image.default\">\n\t\t\t\t<div class=\"elementor-widget-container\">\n\t\t\t\t\t\t\t\t\t\t\t\t\t\t\t<img fetchpriority=\"high\" decoding=\"async\" width=\"480\" height=\"320\" src=\"https:\/\/clinicasandalf.com\/wp-content\/uploads\/2019\/07\/trauma-surgery-en-014832.jpg\" class=\"attachment-large size-large wp-image-1098\" alt=\"Handchrirurgischer Eingriff bei Orthop\u00e4de Dr. Alf Neuhaus\" srcset=\"https:\/\/clinicasandalf.com\/wp-content\/uploads\/2019\/07\/trauma-surgery-en-014832.jpg 480w, https:\/\/clinicasandalf.com\/wp-content\/uploads\/2019\/07\/trauma-surgery-en-014832-300x200.jpg 300w\" sizes=\"(max-width: 480px) 100vw, 480px\" \/>\t\t\t\t\t\t\t\t\t\t\t\t\t\t\t<\/div>\n\t\t\t\t<\/div>\n\t\t\t\t\t<\/div>\n\t\t<\/div>\n\t\t\t\t<div class=\"elementor-column elementor-col-66 elementor-top-column elementor-element elementor-element-900fef1\" data-id=\"900fef1\" data-element_type=\"column\" data-e-type=\"column\">\n\t\t\t<div class=\"elementor-widget-wrap elementor-element-populated\">\n\t\t\t\t\t\t<div class=\"elementor-element elementor-element-f1d2437 elementor-widget elementor-widget-text-editor\" data-id=\"f1d2437\" data-element_type=\"widget\" data-e-type=\"widget\" data-widget_type=\"text-editor.default\">\n\t\t\t\t<div class=\"elementor-widget-container\">\n\t\t\t\t\t\t\t\t\t<p>Orthop\u00e4de Dr. Alf Neuhaus wurde auch mehrere Jahre in in verschiedenen Krankenh\u00e4usern in der Handchirurgie ausgebildet. Er f\u00fchrt regelm\u00e4\u00dfig \u00b4kleinere\u00b4Eingriffe wie die chirurgische Entlastung des Karpaltunnels oder des springenden Fingers\u00b4unter lokaler Bet\u00e4ubung in den R\u00e4umlichkeiten der Clinica SANDALF durch. Der Vorteil dieser ambulanten Eingriffe ambulanten das Sie als Patient nicht n\u00fcchtern\u00b4kommen m\u00fcssen, und sofort nach der Operation nach Hause entlassen werden. Der vor der Op besthende Schmerz, und beim Karpaltunnel-Sindrom die Taubheit, verschwindet praktisch direkt nach dem Eingriff. Die Hand kann f\u00fcr kleinere T\u00e4tigkeiten, wie brotschmieren oder Kaffeetasse halten, sofort genutzt werden. Alle notwendigen Verbandwechsel werden in der Clinica SANDALF durchgef\u00fchrt, und nach etwa 10 &#8211; 12 Tagen werden die F\u00e4den entfernt. Nach drei Wochen sollten Sie zu allen t\u00e4glichen T\u00e4tigkeiten, inkl. Sport, zur\u00fcckkehren k\u00f6nnen.<\/p><p>Kompliziertere Eingriffe, wie die Entlastung bei Dupuytren\u00b4scher Kontraktur, wird von Orthop\u00e4de Dr. Alf Neuhaus in einem nahe gelegenem privaten Krankenhaus durchgef\u00fchrt. F\u00fcr diese Eingriffe bringt er seine speziellen handchirurgischen Instrumente mit. Je nach Grad der Erkrankung wird Ihnen eine Kunststoff-Schiene nach der Operation angepasst, die Sie bis zu 6 Wochen tragen m\u00fcssen. Alle weiteren Nachuntersuchungen, Verbandwechsel, spezielle Handtherapie und F\u00e4denzug, werden in den R\u00e4umlichkeiten der Clinica SANDALF durchgef\u00fchrt.<\/p><p><span style=\"font-size: 16px;\">Beim fortgeschrittenem \u00b4Dupuytren\u00b4kann die Wundheilung bis zu drei Wchen dauern, und bis zu sechs Wochen zum Erlangen der vollst\u00e4ndigen Beweglichkeit der betroffenen Finger. Eine normale Nutzung der Hand sollte nach 6-9 Wochen m\u00f6glich sein. Eine R\u00fcckkehr zu Sportarten mit der Hand, wie z.B. Golf, nach 12 Wochen.<\/span><\/p><p><span style=\"font-size: 16px;\">Bitte z\u00f6gern Sie ncht, sich mit uns in Verbindung zu setzen, sollten Sie mehr Information ben\u00f6tigen oder um einen Termin zu machen.<\/span><\/p><p><strong>Privatklinik<\/strong><\/p><p><span style=\"font-size: 16px;\"> Das freundliche und hilfsbereite Personal spricht zum Teil Deutsch, und Dr. Alf Neuhaus und sein Physiotherapeut k\u00fcmmern sich mit t\u00e4glichen Visiten um Sie. Dazu geh\u00f6ren Verbandwechsel, Kontrolle der Medikamententherapie, Bewegungstherapie, Veranlassung von notwendigen Bluttesten und anderen Untersuchungen. Weitere Behandlungen wie Gehtraining, Verbandwechsel und F\u00e4denzug werden nach Entlassung in den R\u00e4umlichkeiten der Clinica SANDALF durchgef\u00fchrt.<\/span><\/p>\t\t\t\t\t\t\t\t<\/div>\n\t\t\t\t<\/div>\n\t\t\t\t\t<\/div>\n\t\t<\/div>\n\t\t\t\t\t<\/div>\n\t\t<\/section>\n\t\t\t\t<section class=\"elementor-section elementor-top-section elementor-element elementor-element-553694b2 elementor-section-content-middle elementor-section-full_width elementor-section-height-default elementor-section-height-default\" data-id=\"553694b2\" data-element_type=\"section\" data-e-type=\"section\" data-settings=\"{&quot;background_background&quot;:&quot;classic&quot;}\">\n\t\t\t\t\t\t\t<div class=\"elementor-background-overlay\"><\/div>\n\t\t\t\t\t\t\t<div class=\"elementor-container elementor-column-gap-no\">\n\t\t\t\t\t<div class=\"elementor-column elementor-col-100 elementor-top-column elementor-element elementor-element-390f3a73\" data-id=\"390f3a73\" data-element_type=\"column\" data-e-type=\"column\">\n\t\t\t<div class=\"elementor-widget-wrap elementor-element-populated\">\n\t\t\t\t\t\t<div class=\"elementor-element elementor-element-15644d6 elementor-widget elementor-widget-heading\" data-id=\"15644d6\" data-element_type=\"widget\" data-e-type=\"widget\" data-widget_type=\"heading.default\">\n\t\t\t\t<div class=\"elementor-widget-container\">\n\t\t\t\t\t<h2 class=\"elementor-heading-title elementor-size-default\">Kontaktieren Sie uns<\/h2>\t\t\t\t<\/div>\n\t\t\t\t<\/div>\n\t\t\t\t<div class=\"elementor-element elementor-element-72deff19 elementor-widget-divider--view-line elementor-widget elementor-widget-divider\" data-id=\"72deff19\" data-element_type=\"widget\" data-e-type=\"widget\" data-widget_type=\"divider.default\">\n\t\t\t\t<div class=\"elementor-widget-container\">\n\t\t\t\t\t\t\t<div class=\"elementor-divider\">\n\t\t\t<span class=\"elementor-divider-separator\">\n\t\t\t\t\t\t<\/span>\n\t\t<\/div>\n\t\t\t\t\t\t<\/div>\n\t\t\t\t<\/div>\n\t\t\t\t<div class=\"elementor-element elementor-element-367fd068 elementor-widget elementor-widget-text-editor\" data-id=\"367fd068\" data-element_type=\"widget\" data-e-type=\"widget\" data-widget_type=\"text-editor.default\">\n\t\t\t\t<div class=\"elementor-widget-container\">\n\t\t\t\t\t\t\t\t\t<p style=\"text-align: center;\">Bitte z\u00f6gern Sie nicht, sich mit uns in Verbindung zu setzen, falls Sie weitere Fragen haben oder einen Termin vereinbaren m\u00f6chten.<\/p>\t\t\t\t\t\t\t\t<\/div>\n\t\t\t\t<\/div>\n\t\t\t\t<div class=\"elementor-element elementor-element-6d589f95 elementor-button-info elementor-align-center elementor-widget elementor-widget-button\" data-id=\"6d589f95\" data-element_type=\"widget\" data-e-type=\"widget\" data-widget_type=\"button.default\">\n\t\t\t\t<div class=\"elementor-widget-container\">\n\t\t\t\t\t\t\t\t\t<div class=\"elementor-button-wrapper\">\n\t\t\t\t\t<a class=\"elementor-button elementor-button-link elementor-size-md\" href=\"https:\/\/clinicasandalf.com\/de\/kontakt\/\">\n\t\t\t\t\t\t<span class=\"elementor-button-content-wrapper\">\n\t\t\t\t\t\t\t\t\t<span class=\"elementor-button-text\">Hier finden Sie unsere Kontaktdaten<\/span>\n\t\t\t\t\t<\/span>\n\t\t\t\t\t<\/a>\n\t\t\t\t<\/div>\n\t\t\t\t\t\t\t\t<\/div>\n\t\t\t\t<\/div>\n\t\t\t\t\t<\/div>\n\t\t<\/div>\n\t\t\t\t\t<\/div>\n\t\t<\/section>\n\t\t\t\t<\/div>\n\t\t","protected":false},"excerpt":{"rendered":"<p>Handchirurgie Orthop\u00e4de Dr. Alf Neuhaus wurde auch mehrere Jahre in in verschiedenen Krankenh\u00e4usern in der Handchirurgie ausgebildet. Er f\u00fchrt regelm\u00e4\u00dfig \u00b4kleinere\u00b4Eingriffe wie die chirurgische Entlastung des Karpaltunnels oder des springenden Fingers\u00b4unter lokaler Bet\u00e4ubung in den R\u00e4umlichkeiten der Clinica SANDALF durch. Der Vorteil dieser ambulanten Eingriffe ambulanten das Sie als Patient nicht n\u00fcchtern\u00b4kommen m\u00fcssen, und sofort [&hellip;]<\/p>\n","protected":false},"author":2,"featured_media":0,"parent":1173,"menu_order":0,"comment_status":"closed","ping_status":"closed","template":"","meta":{"site-sidebar-layout":"no-sidebar","site-content-layout":"page-builder","ast-site-content-layout":"default","site-content-style":"default","site-sidebar-style":"default","ast-global-header-display":"","ast-banner-title-visibility":"","ast-main-header-display":"","ast-hfb-above-header-display":"","ast-hfb-below-header-display":"","ast-hfb-mobile-header-display":"","site-post-title":"disabled","ast-breadcrumbs-content":"","ast-featured-img":"disabled","footer-sml-layout":"","ast-disable-related-posts":"","theme-transparent-header-meta":"default","adv-header-id-meta":"","stick-header-meta":"default","header-above-stick-meta":"","header-main-stick-meta":"","header-below-stick-meta":"","astra-migrate-meta-layouts":"default","ast-page-background-enabled":"default","ast-page-background-meta":{"desktop":{"background-color":"","background-image":"","background-repeat":"repeat","background-position":"center center","background-size":"auto","background-attachment":"scroll","background-type":"","background-media":"","overlay-type":"","overlay-color":"","overlay-opacity":"","overlay-gradient":""},"tablet":{"background-color":"","background-image":"","background-repeat":"repeat","background-position":"center center","background-size":"auto","background-attachment":"scroll","background-type":"","background-media":"","overlay-type":"","overlay-color":"","overlay-opacity":"","overlay-gradient":""},"mobile":{"background-color":"","background-image":"","background-repeat":"repeat","background-position":"center center","background-size":"auto","background-attachment":"scroll","background-type":"","background-media":"","overlay-type":"","overlay-color":"","overlay-opacity":"","overlay-gradient":""}},"ast-content-background-meta":{"desktop":{"background-color":"var(--ast-global-color-5)","background-image":"","background-repeat":"repeat","background-position":"center center","background-size":"auto","background-attachment":"scroll","background-type":"","background-media":"","overlay-type":"","overlay-color":"","overlay-opacity":"","overlay-gradient":""},"tablet":{"background-color":"var(--ast-global-color-5)","background-image":"","background-repeat":"repeat","background-position":"center center","background-size":"auto","background-attachment":"scroll","background-type":"","background-media":"","overlay-type":"","overlay-color":"","overlay-opacity":"","overlay-gradient":""},"mobile":{"background-color":"var(--ast-global-color-5)","background-image":"","background-repeat":"repeat","background-position":"center center","background-size":"auto","background-attachment":"scroll","background-type":"","background-media":"","overlay-type":"","overlay-color":"","overlay-opacity":"","overlay-gradient":""}},"footnotes":""},"class_list":["post-1484","page","type-page","status-publish","hentry"],"_links":{"self":[{"href":"https:\/\/clinicasandalf.com\/de\/wp-json\/wp\/v2\/pages\/1484","targetHints":{"allow":["GET"]}}],"collection":[{"href":"https:\/\/clinicasandalf.com\/de\/wp-json\/wp\/v2\/pages"}],"about":[{"href":"https:\/\/clinicasandalf.com\/de\/wp-json\/wp\/v2\/types\/page"}],"author":[{"embeddable":true,"href":"https:\/\/clinicasandalf.com\/de\/wp-json\/wp\/v2\/users\/2"}],"replies":[{"embeddable":true,"href":"https:\/\/clinicasandalf.com\/de\/wp-json\/wp\/v2\/comments?post=1484"}],"version-history":[{"count":5,"href":"https:\/\/clinicasandalf.com\/de\/wp-json\/wp\/v2\/pages\/1484\/revisions"}],"predecessor-version":[{"id":1730,"href":"https:\/\/clinicasandalf.com\/de\/wp-json\/wp\/v2\/pages\/1484\/revisions\/1730"}],"up":[{"embeddable":true,"href":"https:\/\/clinicasandalf.com\/de\/wp-json\/wp\/v2\/pages\/1173"}],"wp:attachment":[{"href":"https:\/\/clinicasandalf.com\/de\/wp-json\/wp\/v2\/media?parent=1484"}],"curies":[{"name":"wp","href":"https:\/\/api.w.org\/{rel}","templated":true}]}}