{"id":1905,"date":"2019-11-30T16:41:51","date_gmt":"2019-11-30T14:41:51","guid":{"rendered":"https:\/\/clinicasandalf.com\/?page_id=1905"},"modified":"2024-04-03T16:59:29","modified_gmt":"2024-04-03T15:59:29","slug":"dr-mariano-salvatierra-augenarzt-benalmadena-marbella","status":"publish","type":"page","link":"https:\/\/clinicasandalf.com\/de\/team-clinica-sandalf\/dr-mariano-salvatierra-augenarzt-benalmadena-marbella\/","title":{"rendered":"Dr. Mariano Salvatierra, Facharzt f\u00fcr Augenheilkunde"},"content":{"rendered":"\t\t<div data-elementor-type=\"wp-post\" data-elementor-id=\"1905\" class=\"elementor elementor-1905 elementor-565\" data-elementor-post-type=\"page\">\n\t\t\t\t\t\t<section class=\"elementor-section elementor-top-section elementor-element elementor-element-5fc172f5 elementor-section-content-middle elementor-section-boxed elementor-section-height-default elementor-section-height-default\" data-id=\"5fc172f5\" data-element_type=\"section\" data-e-type=\"section\" data-settings=\"{&quot;background_background&quot;:&quot;classic&quot;}\">\n\t\t\t\t\t\t\t<div class=\"elementor-background-overlay\"><\/div>\n\t\t\t\t\t\t\t<div class=\"elementor-container elementor-column-gap-no\">\n\t\t\t\t\t<div class=\"elementor-column elementor-col-100 elementor-top-column elementor-element elementor-element-38361c69\" data-id=\"38361c69\" data-element_type=\"column\" data-e-type=\"column\">\n\t\t\t<div class=\"elementor-widget-wrap elementor-element-populated\">\n\t\t\t\t\t\t<div class=\"elementor-element elementor-element-60646c54 elementor-widget elementor-widget-heading\" data-id=\"60646c54\" data-element_type=\"widget\" data-e-type=\"widget\" data-widget_type=\"heading.default\">\n\t\t\t\t<div class=\"elementor-widget-container\">\n\t\t\t\t\t<h1 class=\"elementor-heading-title elementor-size-default\">Dr. Mariano Salvatierra<\/h1>\t\t\t\t<\/div>\n\t\t\t\t<\/div>\n\t\t\t\t<div class=\"elementor-element elementor-element-bb36ef2 elementor-widget elementor-widget-heading\" data-id=\"bb36ef2\" data-element_type=\"widget\" data-e-type=\"widget\" data-widget_type=\"heading.default\">\n\t\t\t\t<div class=\"elementor-widget-container\">\n\t\t\t\t\t<h2 class=\"elementor-heading-title elementor-size-default\">Facharzt f\u00fcr Augenheilkunde<\/h2>\t\t\t\t<\/div>\n\t\t\t\t<\/div>\n\t\t\t\t<div class=\"elementor-element elementor-element-1a76284 elementor-widget-divider--view-line elementor-widget elementor-widget-divider\" data-id=\"1a76284\" data-element_type=\"widget\" data-e-type=\"widget\" data-widget_type=\"divider.default\">\n\t\t\t\t<div class=\"elementor-widget-container\">\n\t\t\t\t\t\t\t<div class=\"elementor-divider\">\n\t\t\t<span class=\"elementor-divider-separator\">\n\t\t\t\t\t\t<\/span>\n\t\t<\/div>\n\t\t\t\t\t\t<\/div>\n\t\t\t\t<\/div>\n\t\t\t\t\t<\/div>\n\t\t<\/div>\n\t\t\t\t\t<\/div>\n\t\t<\/section>\n\t\t\t\t<section class=\"elementor-section elementor-top-section elementor-element elementor-element-c756176 elementor-section-content-top elementor-section-boxed elementor-section-height-default elementor-section-height-default\" data-id=\"c756176\" data-element_type=\"section\" data-e-type=\"section\">\n\t\t\t\t\t\t<div class=\"elementor-container elementor-column-gap-wide\">\n\t\t\t\t\t<div class=\"elementor-column elementor-col-33 elementor-top-column elementor-element elementor-element-e746561\" data-id=\"e746561\" data-element_type=\"column\" data-e-type=\"column\">\n\t\t\t<div class=\"elementor-widget-wrap elementor-element-populated\">\n\t\t\t\t\t\t<div class=\"elementor-element elementor-element-326a9cc elementor-widget elementor-widget-image\" data-id=\"326a9cc\" data-element_type=\"widget\" data-e-type=\"widget\" data-widget_type=\"image.default\">\n\t\t\t\t<div class=\"elementor-widget-container\">\n\t\t\t\t\t\t\t\t\t\t\t\t\t\t\t<img fetchpriority=\"high\" decoding=\"async\" width=\"819\" height=\"1024\" src=\"https:\/\/clinicasandalf.com\/wp-content\/uploads\/2024\/03\/Mariano-Salvatierra-819x1024.jpg\" class=\"attachment-large size-large wp-image-3517\" alt=\"Ophthalmologe Dr. Mariano Salvatierra\" srcset=\"https:\/\/clinicasandalf.com\/wp-content\/uploads\/2024\/03\/Mariano-Salvatierra-819x1024.jpg 819w, https:\/\/clinicasandalf.com\/wp-content\/uploads\/2024\/03\/Mariano-Salvatierra-240x300.jpg 240w, https:\/\/clinicasandalf.com\/wp-content\/uploads\/2024\/03\/Mariano-Salvatierra-768x960.jpg 768w, https:\/\/clinicasandalf.com\/wp-content\/uploads\/2024\/03\/Mariano-Salvatierra-1228x1536.jpg 1228w, https:\/\/clinicasandalf.com\/wp-content\/uploads\/2024\/03\/Mariano-Salvatierra-1638x2048.jpg 1638w, https:\/\/clinicasandalf.com\/wp-content\/uploads\/2024\/03\/Mariano-Salvatierra-scaled.jpg 2047w\" sizes=\"(max-width: 819px) 100vw, 819px\" \/>\t\t\t\t\t\t\t\t\t\t\t\t\t\t\t<\/div>\n\t\t\t\t<\/div>\n\t\t\t\t\t<\/div>\n\t\t<\/div>\n\t\t\t\t<div class=\"elementor-column elementor-col-66 elementor-top-column elementor-element elementor-element-900fef1\" data-id=\"900fef1\" data-element_type=\"column\" data-e-type=\"column\">\n\t\t\t<div class=\"elementor-widget-wrap elementor-element-populated\">\n\t\t\t\t\t\t<div class=\"elementor-element elementor-element-f1d2437 elementor-widget elementor-widget-text-editor\" data-id=\"f1d2437\" data-element_type=\"widget\" data-e-type=\"widget\" data-widget_type=\"text-editor.default\">\n\t\t\t\t<div class=\"elementor-widget-container\">\n\t\t\t\t\t\t\t\t\t<p><strong>Dr. Mariano Salvatierra, Augenarzt in Benalmadena<\/strong><\/p><p><a href=\"http:\/\/santaluciaoftalmologos.com\/\" target=\"_blank\" rel=\"noopener\">Dr. Mariano Salvatierra<\/a> <span style=\"font-size: 16px;\">studierte Medizin in Cordoba, Argentinien, und machte dann seine erfolgreiche Ausbildung zum Facharzt f\u00fcr Augenheilkunde in einem staatlichem Krankenhaus in Buenos Aires.<\/span><\/p><div class=\"fusion-person person fusion-person-left fusion-person-icon-top\"><div>Er erg\u00e4nzte seine spezielle Ausbildung \u00fcber mehrere Jahre in der Abteilung f\u00fcr Augenheilkunde in einem Krankenhaus in Miami.<\/div><\/div><div>Dr. Mariano Salvatierra kam dann vor einigen Jahren nach Malaga, wo er einige Jahre in dem \u00f6ffentlichen Krankenhaus in Velez Malaga als Augenarzt arbeitete. Seit 2005 ist er nun auch Teil des Teams Clinica SANDALF.<\/div><div>Die jahrelange Erfahrung und die spezielle Ausstattung in der Clinica SANDALF erlaubt es ihm, Ihr Augenproblem zu erkennen und die entsprechende Therapie sofort einzuleiten.<\/div><div>Zu den Standarterkrankungen des Auges, die Dr. Mariano Salvatierra behandelt, geh\u00f6ren der gr\u00fcne (Glaukom) und graue (Katarakt) Star, die Altersweitsichtigkeit (Presbiopie) und andere. Sollte ein operativer Eingriff notwendig sein, so wird dieser in einer privaten Klinik in Malaga durchgef\u00fchrt. Dr. Mariano Salvatierra w\u00fcrde sich dann w\u00e4hrend der gesamten Erholungsphase pers\u00f6nlich um Sie k\u00fcmmern.<\/div><div>\u00a0<\/div><div><a href=\"https:\/\/clinicasandalf.com\/de\/kontakt-mit-clinica-sandalf\/\">Bitte klicken Sie hier<\/a> wenn Sie einen Termin mit Augenarzt Dr. Mariano Salvatierra in Benalmadena machen m\u00f6chten.<\/div>\t\t\t\t\t\t\t\t<\/div>\n\t\t\t\t<\/div>\n\t\t\t\t\t<\/div>\n\t\t<\/div>\n\t\t\t\t\t<\/div>\n\t\t<\/section>\n\t\t\t\t<section class=\"elementor-section elementor-top-section elementor-element elementor-element-3af97b70 elementor-section-content-middle elementor-section-full_width elementor-section-height-default elementor-section-height-default\" data-id=\"3af97b70\" data-element_type=\"section\" data-e-type=\"section\" data-settings=\"{&quot;background_background&quot;:&quot;classic&quot;}\">\n\t\t\t\t\t\t\t<div class=\"elementor-background-overlay\"><\/div>\n\t\t\t\t\t\t\t<div class=\"elementor-container elementor-column-gap-no\">\n\t\t\t\t\t<div class=\"elementor-column elementor-col-100 elementor-top-column elementor-element elementor-element-3d92488a\" data-id=\"3d92488a\" data-element_type=\"column\" data-e-type=\"column\">\n\t\t\t<div class=\"elementor-widget-wrap elementor-element-populated\">\n\t\t\t\t\t\t<div class=\"elementor-element elementor-element-42993554 elementor-widget elementor-widget-heading\" data-id=\"42993554\" data-element_type=\"widget\" data-e-type=\"widget\" data-widget_type=\"heading.default\">\n\t\t\t\t<div class=\"elementor-widget-container\">\n\t\t\t\t\t<h2 class=\"elementor-heading-title elementor-size-default\">Contact Us<\/h2>\t\t\t\t<\/div>\n\t\t\t\t<\/div>\n\t\t\t\t<div class=\"elementor-element elementor-element-1cf6b112 elementor-widget-divider--view-line elementor-widget elementor-widget-divider\" data-id=\"1cf6b112\" data-element_type=\"widget\" data-e-type=\"widget\" data-widget_type=\"divider.default\">\n\t\t\t\t<div class=\"elementor-widget-container\">\n\t\t\t\t\t\t\t<div class=\"elementor-divider\">\n\t\t\t<span class=\"elementor-divider-separator\">\n\t\t\t\t\t\t<\/span>\n\t\t<\/div>\n\t\t\t\t\t\t<\/div>\n\t\t\t\t<\/div>\n\t\t\t\t<div class=\"elementor-element elementor-element-5d995123 elementor-widget elementor-widget-text-editor\" data-id=\"5d995123\" data-element_type=\"widget\" data-e-type=\"widget\" data-widget_type=\"text-editor.default\">\n\t\t\t\t<div class=\"elementor-widget-container\">\n\t\t\t\t\t\t\t\t\t<p style=\"text-align: center;\">Please don&#8217;t hesitate to get in touch with us should you have any further questions or to make an appointment.<\/p>\t\t\t\t\t\t\t\t<\/div>\n\t\t\t\t<\/div>\n\t\t\t\t<div class=\"elementor-element elementor-element-609efb5e elementor-button-info elementor-align-center elementor-widget elementor-widget-button\" data-id=\"609efb5e\" data-element_type=\"widget\" data-e-type=\"widget\" data-widget_type=\"button.default\">\n\t\t\t\t<div class=\"elementor-widget-container\">\n\t\t\t\t\t\t\t\t\t<div class=\"elementor-button-wrapper\">\n\t\t\t\t\t<a class=\"elementor-button elementor-button-link elementor-size-md\" href=\"https:\/\/clinicasandalf.com\/contact\/\">\n\t\t\t\t\t\t<span class=\"elementor-button-content-wrapper\">\n\t\t\t\t\t\t\t\t\t<span class=\"elementor-button-text\">Find here our contact information<\/span>\n\t\t\t\t\t<\/span>\n\t\t\t\t\t<\/a>\n\t\t\t\t<\/div>\n\t\t\t\t\t\t\t\t<\/div>\n\t\t\t\t<\/div>\n\t\t\t\t\t<\/div>\n\t\t<\/div>\n\t\t\t\t\t<\/div>\n\t\t<\/section>\n\t\t\t\t<\/div>\n\t\t","protected":false},"excerpt":{"rendered":"<p>Dr. Mariano Salvatierra Facharzt f\u00fcr Augenheilkunde Dr. Mariano Salvatierra, Augenarzt in Benalmadena Dr. Mariano Salvatierra studierte Medizin in Cordoba, Argentinien, und machte dann seine erfolgreiche Ausbildung zum Facharzt f\u00fcr Augenheilkunde in einem staatlichem Krankenhaus in Buenos Aires. Er erg\u00e4nzte seine spezielle Ausbildung \u00fcber mehrere Jahre in der Abteilung f\u00fcr Augenheilkunde in einem Krankenhaus in Miami.Dr. [&hellip;]<\/p>\n","protected":false},"author":2,"featured_media":0,"parent":1177,"menu_order":0,"comment_status":"closed","ping_status":"closed","template":"","meta":{"site-sidebar-layout":"no-sidebar","site-content-layout":"page-builder","ast-site-content-layout":"full-width-container","site-content-style":"unboxed","site-sidebar-style":"unboxed","ast-global-header-display":"","ast-banner-title-visibility":"","ast-main-header-display":"","ast-hfb-above-header-display":"","ast-hfb-below-header-display":"","ast-hfb-mobile-header-display":"","site-post-title":"disabled","ast-breadcrumbs-content":"","ast-featured-img":"disabled","footer-sml-layout":"","ast-disable-related-posts":"","theme-transparent-header-meta":"default","adv-header-id-meta":"","stick-header-meta":"default","header-above-stick-meta":"","header-main-stick-meta":"","header-below-stick-meta":"","astra-migrate-meta-layouts":"set","ast-page-background-enabled":"default","ast-page-background-meta":{"desktop":{"background-color":"","background-image":"","background-repeat":"repeat","background-position":"center center","background-size":"auto","background-attachment":"scroll","background-type":"","background-media":"","overlay-type":"","overlay-color":"","overlay-opacity":"","overlay-gradient":""},"tablet":{"background-color":"","background-image":"","background-repeat":"repeat","background-position":"center center","background-size":"auto","background-attachment":"scroll","background-type":"","background-media":"","overlay-type":"","overlay-color":"","overlay-opacity":"","overlay-gradient":""},"mobile":{"background-color":"","background-image":"","background-repeat":"repeat","background-position":"center center","background-size":"auto","background-attachment":"scroll","background-type":"","background-media":"","overlay-type":"","overlay-color":"","overlay-opacity":"","overlay-gradient":""}},"ast-content-background-meta":{"desktop":{"background-color":"var(--ast-global-color-5)","background-image":"","background-repeat":"repeat","background-position":"center center","background-size":"auto","background-attachment":"scroll","background-type":"","background-media":"","overlay-type":"","overlay-color":"","overlay-opacity":"","overlay-gradient":""},"tablet":{"background-color":"var(--ast-global-color-5)","background-image":"","background-repeat":"repeat","background-position":"center center","background-size":"auto","background-attachment":"scroll","background-type":"","background-media":"","overlay-type":"","overlay-color":"","overlay-opacity":"","overlay-gradient":""},"mobile":{"background-color":"var(--ast-global-color-5)","background-image":"","background-repeat":"repeat","background-position":"center center","background-size":"auto","background-attachment":"scroll","background-type":"","background-media":"","overlay-type":"","overlay-color":"","overlay-opacity":"","overlay-gradient":""}},"footnotes":""},"class_list":["post-1905","page","type-page","status-publish","hentry"],"_links":{"self":[{"href":"https:\/\/clinicasandalf.com\/de\/wp-json\/wp\/v2\/pages\/1905","targetHints":{"allow":["GET"]}}],"collection":[{"href":"https:\/\/clinicasandalf.com\/de\/wp-json\/wp\/v2\/pages"}],"about":[{"href":"https:\/\/clinicasandalf.com\/de\/wp-json\/wp\/v2\/types\/page"}],"author":[{"embeddable":true,"href":"https:\/\/clinicasandalf.com\/de\/wp-json\/wp\/v2\/users\/2"}],"replies":[{"embeddable":true,"href":"https:\/\/clinicasandalf.com\/de\/wp-json\/wp\/v2\/comments?post=1905"}],"version-history":[{"count":8,"href":"https:\/\/clinicasandalf.com\/de\/wp-json\/wp\/v2\/pages\/1905\/revisions"}],"predecessor-version":[{"id":3829,"href":"https:\/\/clinicasandalf.com\/de\/wp-json\/wp\/v2\/pages\/1905\/revisions\/3829"}],"up":[{"embeddable":true,"href":"https:\/\/clinicasandalf.com\/de\/wp-json\/wp\/v2\/pages\/1177"}],"wp:attachment":[{"href":"https:\/\/clinicasandalf.com\/de\/wp-json\/wp\/v2\/media?parent=1905"}],"curies":[{"name":"wp","href":"https:\/\/api.w.org\/{rel}","templated":true}]}}