{"id":1949,"date":"2019-12-02T22:45:30","date_gmt":"2019-12-02T20:45:30","guid":{"rendered":"https:\/\/clinicasandalf.com\/?page_id=1949"},"modified":"2019-12-02T22:53:35","modified_gmt":"2019-12-02T20:53:35","slug":"gelenkprothesen-benalmadena","status":"publish","type":"page","link":"https:\/\/clinicasandalf.com\/de\/gelenkprothesen-benalmadena\/","title":{"rendered":"Gelenkprothesen"},"content":{"rendered":"\t\t<div data-elementor-type=\"wp-post\" data-elementor-id=\"1949\" class=\"elementor elementor-1949 elementor-721\" data-elementor-post-type=\"page\">\n\t\t\t\t\t\t<section class=\"elementor-section elementor-top-section elementor-element elementor-element-5fc172f5 elementor-section-content-middle elementor-section-boxed elementor-section-height-default elementor-section-height-default\" data-id=\"5fc172f5\" data-element_type=\"section\" data-e-type=\"section\" data-settings=\"{&quot;background_background&quot;:&quot;classic&quot;}\">\n\t\t\t\t\t\t\t<div class=\"elementor-background-overlay\"><\/div>\n\t\t\t\t\t\t\t<div class=\"elementor-container elementor-column-gap-no\">\n\t\t\t\t\t<div class=\"elementor-column elementor-col-100 elementor-top-column elementor-element elementor-element-38361c69\" data-id=\"38361c69\" data-element_type=\"column\" data-e-type=\"column\">\n\t\t\t<div class=\"elementor-widget-wrap elementor-element-populated\">\n\t\t\t\t\t\t<div class=\"elementor-element elementor-element-60646c54 elementor-widget elementor-widget-heading\" data-id=\"60646c54\" data-element_type=\"widget\" data-e-type=\"widget\" data-widget_type=\"heading.default\">\n\t\t\t\t<div class=\"elementor-widget-container\">\n\t\t\t\t\t<h1 class=\"elementor-heading-title elementor-size-default\">Gelenkprothesen<\/h1>\t\t\t\t<\/div>\n\t\t\t\t<\/div>\n\t\t\t\t<div class=\"elementor-element elementor-element-1a76284 elementor-widget-divider--view-line elementor-widget elementor-widget-divider\" data-id=\"1a76284\" data-element_type=\"widget\" data-e-type=\"widget\" data-widget_type=\"divider.default\">\n\t\t\t\t<div class=\"elementor-widget-container\">\n\t\t\t\t\t\t\t<div class=\"elementor-divider\">\n\t\t\t<span class=\"elementor-divider-separator\">\n\t\t\t\t\t\t<\/span>\n\t\t<\/div>\n\t\t\t\t\t\t<\/div>\n\t\t\t\t<\/div>\n\t\t\t\t\t<\/div>\n\t\t<\/div>\n\t\t\t\t\t<\/div>\n\t\t<\/section>\n\t\t\t\t<section class=\"elementor-section elementor-top-section elementor-element elementor-element-c756176 elementor-section-content-top elementor-section-boxed elementor-section-height-default elementor-section-height-default\" data-id=\"c756176\" data-element_type=\"section\" data-e-type=\"section\">\n\t\t\t\t\t\t<div class=\"elementor-container elementor-column-gap-wide\">\n\t\t\t\t\t<div class=\"elementor-column elementor-col-33 elementor-top-column elementor-element elementor-element-e746561\" data-id=\"e746561\" data-element_type=\"column\" data-e-type=\"column\">\n\t\t\t<div class=\"elementor-widget-wrap elementor-element-populated\">\n\t\t\t\t\t\t<div class=\"elementor-element elementor-element-326a9cc elementor-widget elementor-widget-image\" data-id=\"326a9cc\" data-element_type=\"widget\" data-e-type=\"widget\" data-widget_type=\"image.default\">\n\t\t\t\t<div class=\"elementor-widget-container\">\n\t\t\t\t\t\t\t\t\t\t\t\t\t\t\t<img fetchpriority=\"high\" decoding=\"async\" width=\"1024\" height=\"828\" src=\"https:\/\/clinicasandalf.com\/wp-content\/uploads\/2019\/10\/THR-non-cem-1024x828.jpg\" class=\"attachment-large size-large wp-image-1950\" alt=\"\" srcset=\"https:\/\/clinicasandalf.com\/wp-content\/uploads\/2019\/10\/THR-non-cem-1024x828.jpg 1024w, https:\/\/clinicasandalf.com\/wp-content\/uploads\/2019\/10\/THR-non-cem-300x243.jpg 300w, https:\/\/clinicasandalf.com\/wp-content\/uploads\/2019\/10\/THR-non-cem-768x621.jpg 768w, https:\/\/clinicasandalf.com\/wp-content\/uploads\/2019\/10\/THR-non-cem.jpg 1773w\" sizes=\"(max-width: 1024px) 100vw, 1024px\" \/>\t\t\t\t\t\t\t\t\t\t\t\t\t\t\t<\/div>\n\t\t\t\t<\/div>\n\t\t\t\t<div class=\"elementor-element elementor-element-4907ef9 elementor-widget elementor-widget-image\" data-id=\"4907ef9\" data-element_type=\"widget\" data-e-type=\"widget\" data-widget_type=\"image.default\">\n\t\t\t\t<div class=\"elementor-widget-container\">\n\t\t\t\t\t\t\t\t\t\t\t\t\t\t\t<img decoding=\"async\" width=\"1024\" height=\"768\" src=\"https:\/\/clinicasandalf.com\/wp-content\/uploads\/2019\/11\/xr-TKR-3m-po-1-1024x768.jpg\" class=\"attachment-large size-large wp-image-1526\" alt=\"X-ray total knee replacement\" srcset=\"https:\/\/clinicasandalf.com\/wp-content\/uploads\/2019\/11\/xr-TKR-3m-po-1-1024x768.jpg 1024w, https:\/\/clinicasandalf.com\/wp-content\/uploads\/2019\/11\/xr-TKR-3m-po-1-300x225.jpg 300w, https:\/\/clinicasandalf.com\/wp-content\/uploads\/2019\/11\/xr-TKR-3m-po-1-768x576.jpg 768w, https:\/\/clinicasandalf.com\/wp-content\/uploads\/2019\/11\/xr-TKR-3m-po-1.jpg 1280w\" sizes=\"(max-width: 1024px) 100vw, 1024px\" \/>\t\t\t\t\t\t\t\t\t\t\t\t\t\t\t<\/div>\n\t\t\t\t<\/div>\n\t\t\t\t\t<\/div>\n\t\t<\/div>\n\t\t\t\t<div class=\"elementor-column elementor-col-66 elementor-top-column elementor-element elementor-element-900fef1\" data-id=\"900fef1\" data-element_type=\"column\" data-e-type=\"column\">\n\t\t\t<div class=\"elementor-widget-wrap elementor-element-populated\">\n\t\t\t\t\t\t<div class=\"elementor-element elementor-element-f1d2437 elementor-widget elementor-widget-text-editor\" data-id=\"f1d2437\" data-element_type=\"widget\" data-e-type=\"widget\" data-widget_type=\"text-editor.default\">\n\t\t\t\t<div class=\"elementor-widget-container\">\n\t\t\t\t\t\t\t\t\t<p><strong>Gelenkprothesen &#8211; Benalmadena<\/strong><\/p><p>Das k\u00fcnstliche Gelenk ist die letzte Option um bei Schmerzen durch fortgeschrittene Arthrose zu helfen. Wenn alle anderen Anwendungen wie Schmerzmittel, <a href=\"https:\/\/clinicasandalf.com\/de\/spezialbehandlungen\/physiotherapy-rehabilitation-malaga\/\">Physiotherapie<\/a>, <a href=\"https:\/\/clinicasandalf.com\/de\/team-clinica-sandalf\/massage-lymphdraenage-benalmadena-malaga\/\">Massagen<\/a>, direkte Infiltrationen in das Gelenk u.a. keine Wirkung mehr haben, bleibt nur noch die Gelenkprothese. So auch wenn wenn ein R\u00f6ntgenbild best\u00e4tigt, da\u00df das Gelenk komplett abgenutzt ist (\u00b4Knochen auf Knochen\u00b4) ist dieser chirurgische Eingriff indiziert.<\/p><p>Die am h\u00e4ufigsten ersetzten Gelenke sind die H\u00fcfte und das Knie, gefolgt von Schulter, Sprunggelenk und Ellenbogen. <a href=\"https:\/\/clinicasandalf.com\/de\/team-clinica-sandalf\/orthopaede-dr-alf-neuhaus-benalmadena\/\">Orthop\u00e4de Dr. Alf Neuhaus<\/a> f\u00fchrt seit vielen Jahren diese Gelenkoperationen durch. Die Eingriffe werden entweder unter Vollnarkose oder, bei den Beinen, unter sog. Spinalnarkose durchgef\u00fchrt. Der Eingriff selber dauert zwischen 90 und 120 Minuten, Krankenhausaufenthalt w\u00e4re 2 bis 4 Tage, je nach ersetztem Gelenk. Bei H\u00fcft- und Kniegelenken ist eine sofortige Vollbelastung des Gelenkes m\u00f6glich.<\/p><p>Dr. Alf Neuhaus und seine deutschsprachige Physiotherapeutin w\u00fcrden jeden Tag Visite machen, auch an Wochenenden oder Feiertagen. Alle weiteren Behandlungen f\u00fcr Wundkontrolle, F\u00e4denzug und Rehabilitation werden nach Entlassung in den R\u00e4umlichkeiten der Clinica SANDALF durchgef\u00fchrt.<\/p><p>Die chirurgischen Techniken und die Prothesen selber haben sich in den vergangenen Jahren deutlich weiterentwickelt. So ist die Op- Zeit und der Aufenthalt im Krankenhaus erheblich k\u00fcrzer geworden. Die ersetzten Gelenke k\u00f6nnen sofort nach der Op fast normal benutzt werden und die Lebensdauer ist \u00fcber 20 Jahre.<\/p><p>\u00dcblicherweise ist die Gelenkprothese ein Eingriff bei \u00e4lteren Patienten (\u00fcber 65). Leider gibt es F\u00e4lle bei denen ein Gelenk schon fr\u00fcher verschlissen ist, z..B. nach Unf\u00e4llen. F\u00fcr das H\u00fcftgelenk gibt es daf\u00fcr die sog. H\u00fcftkappe (ein Oerfl\u00e4cheersatz) und f\u00fcr das Kiegelenk die sog. Schlittenprothese (\u00b4halbes Knie). beide Eingriffe werden von Dr. Alf Neuhaus bereits seit Jahren sehr erfolgreich durchgef\u00fchrt.<\/p><p>Bitte z\u00f6gern Sie nicht, sich mit uns <a href=\"https:\/\/clinicasandalf.com\/de\/kontakt-mit-clinica-sandalf\/\">in Verbindung zu setzen<\/a> sollten Sie noch Fragen habe oder um einen Termin zu machen.<\/p><p><strong>Privatklinik<\/strong><\/p><p><span style=\"font-size: 16px;\"> Das freundliche und hilfsbereite Personal spricht zum Teil Deutsch, und Dr. Alf Neuhaus und sein Physiotherapeut k\u00fcmmern sich mit t\u00e4glichen Visiten um Sie. Dazu geh\u00f6ren Verbandwechsel, Kontrolle der Medikamententherapie, Bewegungstherapie, Veranlassung von notwendigen Bluttesten und anderen Untersuchungen. Weitere Behandlungen wie Gehtraining, Verbandwechsel und F\u00e4denzug werden nach Entlassung in den R\u00e4umlichkeiten der Clinica SANDALF durchgef\u00fchrt.<\/span><\/p>\t\t\t\t\t\t\t\t<\/div>\n\t\t\t\t<\/div>\n\t\t\t\t\t<\/div>\n\t\t<\/div>\n\t\t\t\t\t<\/div>\n\t\t<\/section>\n\t\t\t\t<section class=\"elementor-section elementor-top-section elementor-element elementor-element-600fed8b elementor-section-content-middle elementor-section-full_width elementor-section-height-default elementor-section-height-default\" data-id=\"600fed8b\" data-element_type=\"section\" data-e-type=\"section\" data-settings=\"{&quot;background_background&quot;:&quot;classic&quot;}\">\n\t\t\t\t\t\t\t<div class=\"elementor-background-overlay\"><\/div>\n\t\t\t\t\t\t\t<div class=\"elementor-container elementor-column-gap-no\">\n\t\t\t\t\t<div class=\"elementor-column elementor-col-100 elementor-top-column elementor-element elementor-element-12e6e7fc\" data-id=\"12e6e7fc\" data-element_type=\"column\" data-e-type=\"column\">\n\t\t\t<div class=\"elementor-widget-wrap elementor-element-populated\">\n\t\t\t\t\t\t<div class=\"elementor-element elementor-element-3182d8e9 elementor-widget elementor-widget-heading\" data-id=\"3182d8e9\" data-element_type=\"widget\" data-e-type=\"widget\" data-widget_type=\"heading.default\">\n\t\t\t\t<div class=\"elementor-widget-container\">\n\t\t\t\t\t<h2 class=\"elementor-heading-title elementor-size-default\">Contact Us<\/h2>\t\t\t\t<\/div>\n\t\t\t\t<\/div>\n\t\t\t\t<div class=\"elementor-element elementor-element-3d4fd38c elementor-widget-divider--view-line elementor-widget elementor-widget-divider\" data-id=\"3d4fd38c\" data-element_type=\"widget\" data-e-type=\"widget\" data-widget_type=\"divider.default\">\n\t\t\t\t<div class=\"elementor-widget-container\">\n\t\t\t\t\t\t\t<div class=\"elementor-divider\">\n\t\t\t<span class=\"elementor-divider-separator\">\n\t\t\t\t\t\t<\/span>\n\t\t<\/div>\n\t\t\t\t\t\t<\/div>\n\t\t\t\t<\/div>\n\t\t\t\t<div class=\"elementor-element elementor-element-c3626c elementor-widget elementor-widget-text-editor\" data-id=\"c3626c\" data-element_type=\"widget\" data-e-type=\"widget\" data-widget_type=\"text-editor.default\">\n\t\t\t\t<div class=\"elementor-widget-container\">\n\t\t\t\t\t\t\t\t\t<p style=\"text-align: center;\">Please don&#8217;t hesitate to get in touch with us should you have any further questions or to make an appointment.<\/p>\t\t\t\t\t\t\t\t<\/div>\n\t\t\t\t<\/div>\n\t\t\t\t<div class=\"elementor-element elementor-element-768df3fb elementor-button-info elementor-align-center elementor-widget elementor-widget-button\" data-id=\"768df3fb\" data-element_type=\"widget\" data-e-type=\"widget\" data-widget_type=\"button.default\">\n\t\t\t\t<div class=\"elementor-widget-container\">\n\t\t\t\t\t\t\t\t\t<div class=\"elementor-button-wrapper\">\n\t\t\t\t\t<a class=\"elementor-button elementor-button-link elementor-size-md\" href=\"https:\/\/clinicasandalf.com\/contact\/\">\n\t\t\t\t\t\t<span class=\"elementor-button-content-wrapper\">\n\t\t\t\t\t\t\t\t\t<span class=\"elementor-button-text\">Find here our contact information<\/span>\n\t\t\t\t\t<\/span>\n\t\t\t\t\t<\/a>\n\t\t\t\t<\/div>\n\t\t\t\t\t\t\t\t<\/div>\n\t\t\t\t<\/div>\n\t\t\t\t\t<\/div>\n\t\t<\/div>\n\t\t\t\t\t<\/div>\n\t\t<\/section>\n\t\t\t\t<\/div>\n\t\t","protected":false},"excerpt":{"rendered":"<p>Gelenkprothesen Gelenkprothesen &#8211; Benalmadena Das k\u00fcnstliche Gelenk ist die letzte Option um bei Schmerzen durch fortgeschrittene Arthrose zu helfen. Wenn alle anderen Anwendungen wie Schmerzmittel, Physiotherapie, Massagen, direkte Infiltrationen in das Gelenk u.a. keine Wirkung mehr haben, bleibt nur noch die Gelenkprothese. So auch wenn wenn ein R\u00f6ntgenbild best\u00e4tigt, da\u00df das Gelenk komplett abgenutzt ist [&hellip;]<\/p>\n","protected":false},"author":2,"featured_media":0,"parent":0,"menu_order":0,"comment_status":"closed","ping_status":"closed","template":"","meta":{"site-sidebar-layout":"no-sidebar","site-content-layout":"page-builder","ast-site-content-layout":"default","site-content-style":"default","site-sidebar-style":"default","ast-global-header-display":"","ast-banner-title-visibility":"","ast-main-header-display":"","ast-hfb-above-header-display":"","ast-hfb-below-header-display":"","ast-hfb-mobile-header-display":"","site-post-title":"disabled","ast-breadcrumbs-content":"","ast-featured-img":"disabled","footer-sml-layout":"","ast-disable-related-posts":"","theme-transparent-header-meta":"default","adv-header-id-meta":"","stick-header-meta":"default","header-above-stick-meta":"","header-main-stick-meta":"","header-below-stick-meta":"","astra-migrate-meta-layouts":"default","ast-page-background-enabled":"default","ast-page-background-meta":{"desktop":{"background-color":"","background-image":"","background-repeat":"repeat","background-position":"center center","background-size":"auto","background-attachment":"scroll","background-type":"","background-media":"","overlay-type":"","overlay-color":"","overlay-opacity":"","overlay-gradient":""},"tablet":{"background-color":"","background-image":"","background-repeat":"repeat","background-position":"center center","background-size":"auto","background-attachment":"scroll","background-type":"","background-media":"","overlay-type":"","overlay-color":"","overlay-opacity":"","overlay-gradient":""},"mobile":{"background-color":"","background-image":"","background-repeat":"repeat","background-position":"center center","background-size":"auto","background-attachment":"scroll","background-type":"","background-media":"","overlay-type":"","overlay-color":"","overlay-opacity":"","overlay-gradient":""}},"ast-content-background-meta":{"desktop":{"background-color":"var(--ast-global-color-5)","background-image":"","background-repeat":"repeat","background-position":"center center","background-size":"auto","background-attachment":"scroll","background-type":"","background-media":"","overlay-type":"","overlay-color":"","overlay-opacity":"","overlay-gradient":""},"tablet":{"background-color":"var(--ast-global-color-5)","background-image":"","background-repeat":"repeat","background-position":"center center","background-size":"auto","background-attachment":"scroll","background-type":"","background-media":"","overlay-type":"","overlay-color":"","overlay-opacity":"","overlay-gradient":""},"mobile":{"background-color":"var(--ast-global-color-5)","background-image":"","background-repeat":"repeat","background-position":"center center","background-size":"auto","background-attachment":"scroll","background-type":"","background-media":"","overlay-type":"","overlay-color":"","overlay-opacity":"","overlay-gradient":""}},"footnotes":""},"class_list":["post-1949","page","type-page","status-publish","hentry"],"_links":{"self":[{"href":"https:\/\/clinicasandalf.com\/de\/wp-json\/wp\/v2\/pages\/1949","targetHints":{"allow":["GET"]}}],"collection":[{"href":"https:\/\/clinicasandalf.com\/de\/wp-json\/wp\/v2\/pages"}],"about":[{"href":"https:\/\/clinicasandalf.com\/de\/wp-json\/wp\/v2\/types\/page"}],"author":[{"embeddable":true,"href":"https:\/\/clinicasandalf.com\/de\/wp-json\/wp\/v2\/users\/2"}],"replies":[{"embeddable":true,"href":"https:\/\/clinicasandalf.com\/de\/wp-json\/wp\/v2\/comments?post=1949"}],"version-history":[{"count":3,"href":"https:\/\/clinicasandalf.com\/de\/wp-json\/wp\/v2\/pages\/1949\/revisions"}],"predecessor-version":[{"id":1953,"href":"https:\/\/clinicasandalf.com\/de\/wp-json\/wp\/v2\/pages\/1949\/revisions\/1953"}],"wp:attachment":[{"href":"https:\/\/clinicasandalf.com\/de\/wp-json\/wp\/v2\/media?parent=1949"}],"curies":[{"name":"wp","href":"https:\/\/api.w.org\/{rel}","templated":true}]}}