{"id":1955,"date":"2019-12-02T23:07:18","date_gmt":"2019-12-02T21:07:18","guid":{"rendered":"https:\/\/clinicasandalf.com\/?page_id=1955"},"modified":"2019-12-02T23:12:58","modified_gmt":"2019-12-02T21:12:58","slug":"gelenkspiegelung-arthroskopie-benalmadena","status":"publish","type":"page","link":"https:\/\/clinicasandalf.com\/de\/gelenkspiegelung-arthroskopie-benalmadena\/","title":{"rendered":"Gelenkspiegelung &#8211; Arthroskopie"},"content":{"rendered":"\t\t<div data-elementor-type=\"wp-post\" data-elementor-id=\"1955\" class=\"elementor elementor-1955 elementor-728\" data-elementor-post-type=\"page\">\n\t\t\t\t\t\t<section class=\"elementor-section elementor-top-section elementor-element elementor-element-5fc172f5 elementor-section-content-middle elementor-section-boxed elementor-section-height-default elementor-section-height-default\" data-id=\"5fc172f5\" data-element_type=\"section\" data-e-type=\"section\" data-settings=\"{&quot;background_background&quot;:&quot;classic&quot;}\">\n\t\t\t\t\t\t\t<div class=\"elementor-background-overlay\"><\/div>\n\t\t\t\t\t\t\t<div class=\"elementor-container elementor-column-gap-no\">\n\t\t\t\t\t<div class=\"elementor-column elementor-col-100 elementor-top-column elementor-element elementor-element-38361c69\" data-id=\"38361c69\" data-element_type=\"column\" data-e-type=\"column\">\n\t\t\t<div class=\"elementor-widget-wrap elementor-element-populated\">\n\t\t\t\t\t\t<div class=\"elementor-element elementor-element-60646c54 elementor-widget elementor-widget-heading\" data-id=\"60646c54\" data-element_type=\"widget\" data-e-type=\"widget\" data-widget_type=\"heading.default\">\n\t\t\t\t<div class=\"elementor-widget-container\">\n\t\t\t\t\t<h1 class=\"elementor-heading-title elementor-size-default\">Gelenkspiegelung - Arthroskopie\n<\/h1>\t\t\t\t<\/div>\n\t\t\t\t<\/div>\n\t\t\t\t<div class=\"elementor-element elementor-element-1a76284 elementor-widget-divider--view-line elementor-widget elementor-widget-divider\" data-id=\"1a76284\" data-element_type=\"widget\" data-e-type=\"widget\" data-widget_type=\"divider.default\">\n\t\t\t\t<div class=\"elementor-widget-container\">\n\t\t\t\t\t\t\t<div class=\"elementor-divider\">\n\t\t\t<span class=\"elementor-divider-separator\">\n\t\t\t\t\t\t<\/span>\n\t\t<\/div>\n\t\t\t\t\t\t<\/div>\n\t\t\t\t<\/div>\n\t\t\t\t\t<\/div>\n\t\t<\/div>\n\t\t\t\t\t<\/div>\n\t\t<\/section>\n\t\t\t\t<section class=\"elementor-section elementor-top-section elementor-element elementor-element-c756176 elementor-section-content-top elementor-section-boxed elementor-section-height-default elementor-section-height-default\" data-id=\"c756176\" data-element_type=\"section\" data-e-type=\"section\">\n\t\t\t\t\t\t<div class=\"elementor-container elementor-column-gap-wide\">\n\t\t\t\t\t<div class=\"elementor-column elementor-col-33 elementor-top-column elementor-element elementor-element-e746561\" data-id=\"e746561\" data-element_type=\"column\" data-e-type=\"column\">\n\t\t\t<div class=\"elementor-widget-wrap elementor-element-populated\">\n\t\t\t\t\t\t<div class=\"elementor-element elementor-element-326a9cc elementor-widget elementor-widget-image\" data-id=\"326a9cc\" data-element_type=\"widget\" data-e-type=\"widget\" data-widget_type=\"image.default\">\n\t\t\t\t<div class=\"elementor-widget-container\">\n\t\t\t\t\t\t\t\t\t\t\t\t\t\t\t<img fetchpriority=\"high\" decoding=\"async\" width=\"640\" height=\"480\" src=\"https:\/\/clinicasandalf.com\/wp-content\/uploads\/2019\/08\/Keyhole-Surgery.jpg\" class=\"attachment-large size-large wp-image-1648\" alt=\"Surgical Procedure: Joint Keyhole Surgery\" srcset=\"https:\/\/clinicasandalf.com\/wp-content\/uploads\/2019\/08\/Keyhole-Surgery.jpg 640w, https:\/\/clinicasandalf.com\/wp-content\/uploads\/2019\/08\/Keyhole-Surgery-300x225.jpg 300w\" sizes=\"(max-width: 640px) 100vw, 640px\" \/>\t\t\t\t\t\t\t\t\t\t\t\t\t\t\t<\/div>\n\t\t\t\t<\/div>\n\t\t\t\t<div class=\"elementor-element elementor-element-ffa608e elementor-widget elementor-widget-image\" data-id=\"ffa608e\" data-element_type=\"widget\" data-e-type=\"widget\" data-widget_type=\"image.default\">\n\t\t\t\t<div class=\"elementor-widget-container\">\n\t\t\t\t\t\t\t\t\t\t\t\t\t\t\t<img decoding=\"async\" width=\"224\" height=\"224\" src=\"https:\/\/clinicasandalf.com\/wp-content\/uploads\/2019\/11\/Asko-meniscus-damaged-1.jpg\" class=\"attachment-full size-full wp-image-1535\" alt=\"Picture of inside knee joint with damaged meniscus\" srcset=\"https:\/\/clinicasandalf.com\/wp-content\/uploads\/2019\/11\/Asko-meniscus-damaged-1.jpg 224w, https:\/\/clinicasandalf.com\/wp-content\/uploads\/2019\/11\/Asko-meniscus-damaged-1-150x150.jpg 150w\" sizes=\"(max-width: 224px) 100vw, 224px\" \/>\t\t\t\t\t\t\t\t\t\t\t\t\t\t\t<\/div>\n\t\t\t\t<\/div>\n\t\t\t\t\t<\/div>\n\t\t<\/div>\n\t\t\t\t<div class=\"elementor-column elementor-col-66 elementor-top-column elementor-element elementor-element-900fef1\" data-id=\"900fef1\" data-element_type=\"column\" data-e-type=\"column\">\n\t\t\t<div class=\"elementor-widget-wrap elementor-element-populated\">\n\t\t\t\t\t\t<div class=\"elementor-element elementor-element-f1d2437 elementor-widget elementor-widget-text-editor\" data-id=\"f1d2437\" data-element_type=\"widget\" data-e-type=\"widget\" data-widget_type=\"text-editor.default\">\n\t\t\t\t<div class=\"elementor-widget-container\">\n\t\t\t\t\t\t\t\t\t<p><strong>Gelenkspiegelung \/ Arthroskopie in Benalmadena<\/strong><\/p><p>Gelenkspiegelung &#8211; Arthroskpie &#8211; ist eine moderne Operationsmethode mit einer deutlich verk\u00fcrzten Erholungsphase.<\/p><p>Die Gelenkspiegelung wurde in den 60igern erstmalig angewendet und hat sich seit dem dramatisch weiter entwickelt. Anf\u00e4nglich nur zur Darstellung von Strukturen genutzt, k\u00f6nnen damit heute Strukturen entfernt und repariert werden.<\/p><p><span style=\"font-size: 16px;\">Von 20 Gelenkspiegelungen werden 17 am Knie durchgef\u00fchrt, und 2 an der Schulter. Andere Gelenke, die arthroskopisch behandelt werden k\u00f6nnen, sind die H\u00fcfte, das Sprunggelenk, der Ellenbogen und das Handgelenk.<\/span><\/p><p><span style=\"font-size: 16px;\">Die Arthroskopie ist technisch anspruchsvoll, da der Chirurg mit seinen H\u00e4nden nach vorne- unten in Richtung des Gelenkes arbeitet, w\u00e4hrend sie\/er die Augen auf den Bildschirm nach vorne- oben gerichtet hat. Auch der Umstand, das die Bilder mit einer 2,5-fachen Vergr\u00f6\u00dferung gezeigt werden, ist gew\u00f6hnungsbed\u00fcrftig.<\/span><\/p><p><span style=\"font-size: 16px;\">Nachdem die klinische Untersuchung, R\u00f6ntgenbilder oder MRT- Bilder gezeigt haben, da\u00df ein degenerativer oder unfallbedingter Gelenkbinnenschaden vorliegt, ist die Gelenkspiegelung indiziert. Normalerweise dauert eine Knie- Arthroskpie etwa 45 Minuten. Sie kann unter Vollnarkose oder Spinalnarkose durchgef\u00fchrt werden. Bei Knie- und Sprunggelenk- Arthroskopie wird <a href=\"https:\/\/clinicasandalf.com\/de\/team-clinica-sandalf\/orthopaede-dr-alf-neuhaus-benalmadena\/\">Orthop\u00e4de Dr. Alf Neuhaus<\/a> eine Blutsperre am Oberschenkel anlegen. Diese w\u00fcrde er nur im Falle einer st\u00f6renden Blutung im Gelenk aufpumpen. Zwei kleine, 15mm lange Hautschnitte erlauben ihm, die Kamera, mit einer Lichtquelle ausgestattet, und seine Instrumente in das Gelenk einzubringen. Die Farbbilder werden per Kabel auf einen Bildschirm direkt \u00fcbertragen.<\/span><\/p><p><span style=\"font-size: 16px;\">Es gibt heutzutage viele arthroskopische Instrumente wie Scheren, Pinzetten, Shaver, Zangen und andere. Diese Instrumente erlauben es einem erfahrenen Chirurgen wie Dr. Alf Neuhaus das Gelenk zu reinigen, Strukturen zu reparieren oder zu entfernen. Da dieser Eingriff als Tages- Op durchgef\u00fchrt wird k\u00f6nnen Sie noch am selben Tag nach Hause entlassen werden. Sie werden m\u00f6glicherweise Unterarm- Gehhilfen f\u00fcr ein paar Tage ben\u00f6tigen, k\u00f6nnen aber unter Vollbelastung des Beines gehen. Alle notwendigen Nachuntersuchungen, Verbandwechsel, F\u00e4denzug\u00a0 werden nach Klinikentlassung in der Clincia SANDALF durchgef\u00fchrt. Nach 5 bis 7 Tagen sollten Sie zu normalen t\u00e4glichen T\u00e4tigkeiten zur\u00fcckkehren k\u00f6nnen, inklusive autofahren, und nach 2 bis 3 Wochen zur\u00fcck zu sportlichen Altivit\u00e4ten.<\/span><\/p><p><span style=\"color: #1f3496; font-size: 1.75rem; font-weight: 400; text-transform: inherit;\">Privatklinik<\/span><\/p><div id=\"content\" class=\"col-auto\"><article class=\"page content-item\"><p><span style=\"font-size: 16px;\">Die private Klinik, die von Orthop\u00e4de Dr. Alf Neuhaus f\u00fcr operative Eingriffe genutzt wird, ist etwa 10 Minuten Autofahrt von seiner Praxis Clinica SANDALF entfernt. Die moderne Klinik verf\u00fcgt \u00fcber alle notwendigen Einrichtungen und Ger\u00e4tschaften. Sie hat vier vollst\u00e4ndig ausgestattete Operationsr\u00e4ume, eine Intensivstation und 24h- Dienst f\u00fcr medizinisches Personal. Alle Zimmer sind mit TV (auch deutsche Kan\u00e4le), W-Lan und eigener Toilette\/ Dusche ausgestattet.<\/span><\/p><\/article><\/div><div id=\"content-trailer\" class=\"col\"><article class=\"widget-content-trailer widget-html-widget widget\"><p><span style=\"font-size: 16px;\">Das freundliche und hilfsbereite Personal spricht zum Teil Deutsch, und Dr. Alf Neuhaus und sein Physiotherapeut k\u00fcmmern sich mit t\u00e4glichen Visiten um Sie. Dazu geh\u00f6ren Verbandwechsel, Kontrolle der Medikamententherapie, <a href=\"https:\/\/clinicasandalf.com\/de\/spezialbehandlungen\/physiotherapy-rehabilitation-malaga\/\">Bewegungstherapie<\/a>, Veranlassung von notwendigen Bluttesten und anderen Untersuchungen. Weitere Behandlungen wie Gehtraining, Verbandwechsel und F\u00e4denzug werden nach Entlassung in den R\u00e4umlichkeiten der Clinica SANDALF durchgef\u00fchrt.<\/span><\/p><\/article><\/div>\t\t\t\t\t\t\t\t<\/div>\n\t\t\t\t<\/div>\n\t\t\t\t\t<\/div>\n\t\t<\/div>\n\t\t\t\t\t<\/div>\n\t\t<\/section>\n\t\t\t\t<section class=\"elementor-section elementor-top-section elementor-element elementor-element-2892ead3 elementor-section-content-middle elementor-section-full_width elementor-section-height-default elementor-section-height-default\" data-id=\"2892ead3\" data-element_type=\"section\" data-e-type=\"section\" data-settings=\"{&quot;background_background&quot;:&quot;classic&quot;}\">\n\t\t\t\t\t\t\t<div class=\"elementor-background-overlay\"><\/div>\n\t\t\t\t\t\t\t<div class=\"elementor-container elementor-column-gap-no\">\n\t\t\t\t\t<div class=\"elementor-column elementor-col-100 elementor-top-column elementor-element elementor-element-33077fb5\" data-id=\"33077fb5\" data-element_type=\"column\" data-e-type=\"column\">\n\t\t\t<div class=\"elementor-widget-wrap elementor-element-populated\">\n\t\t\t\t\t\t<div class=\"elementor-element elementor-element-30ca5bc7 elementor-widget elementor-widget-heading\" data-id=\"30ca5bc7\" data-element_type=\"widget\" data-e-type=\"widget\" data-widget_type=\"heading.default\">\n\t\t\t\t<div class=\"elementor-widget-container\">\n\t\t\t\t\t<h2 class=\"elementor-heading-title elementor-size-default\">Contact Us<\/h2>\t\t\t\t<\/div>\n\t\t\t\t<\/div>\n\t\t\t\t<div class=\"elementor-element elementor-element-4dfd02bf elementor-widget-divider--view-line elementor-widget elementor-widget-divider\" data-id=\"4dfd02bf\" data-element_type=\"widget\" data-e-type=\"widget\" data-widget_type=\"divider.default\">\n\t\t\t\t<div class=\"elementor-widget-container\">\n\t\t\t\t\t\t\t<div class=\"elementor-divider\">\n\t\t\t<span class=\"elementor-divider-separator\">\n\t\t\t\t\t\t<\/span>\n\t\t<\/div>\n\t\t\t\t\t\t<\/div>\n\t\t\t\t<\/div>\n\t\t\t\t<div class=\"elementor-element elementor-element-20fed31e elementor-widget elementor-widget-text-editor\" data-id=\"20fed31e\" data-element_type=\"widget\" data-e-type=\"widget\" data-widget_type=\"text-editor.default\">\n\t\t\t\t<div class=\"elementor-widget-container\">\n\t\t\t\t\t\t\t\t\t<p style=\"text-align: center;\">Please don&#8217;t hesitate to get in touch with us should you have any further questions or to make an appointment.<\/p>\t\t\t\t\t\t\t\t<\/div>\n\t\t\t\t<\/div>\n\t\t\t\t<div class=\"elementor-element elementor-element-48c5253e elementor-button-info elementor-align-center elementor-widget elementor-widget-button\" data-id=\"48c5253e\" data-element_type=\"widget\" data-e-type=\"widget\" data-widget_type=\"button.default\">\n\t\t\t\t<div class=\"elementor-widget-container\">\n\t\t\t\t\t\t\t\t\t<div class=\"elementor-button-wrapper\">\n\t\t\t\t\t<a class=\"elementor-button elementor-button-link elementor-size-md\" href=\"https:\/\/clinicasandalf.com\/contact\/\">\n\t\t\t\t\t\t<span class=\"elementor-button-content-wrapper\">\n\t\t\t\t\t\t\t\t\t<span class=\"elementor-button-text\">Find here our contact information<\/span>\n\t\t\t\t\t<\/span>\n\t\t\t\t\t<\/a>\n\t\t\t\t<\/div>\n\t\t\t\t\t\t\t\t<\/div>\n\t\t\t\t<\/div>\n\t\t\t\t\t<\/div>\n\t\t<\/div>\n\t\t\t\t\t<\/div>\n\t\t<\/section>\n\t\t\t\t<\/div>\n\t\t","protected":false},"excerpt":{"rendered":"<p>Gelenkspiegelung &#8211; Arthroskopie Gelenkspiegelung \/ Arthroskopie in Benalmadena Gelenkspiegelung &#8211; Arthroskpie &#8211; ist eine moderne Operationsmethode mit einer deutlich verk\u00fcrzten Erholungsphase. Die Gelenkspiegelung wurde in den 60igern erstmalig angewendet und hat sich seit dem dramatisch weiter entwickelt. Anf\u00e4nglich nur zur Darstellung von Strukturen genutzt, k\u00f6nnen damit heute Strukturen entfernt und repariert werden. Von 20 Gelenkspiegelungen [&hellip;]<\/p>\n","protected":false},"author":2,"featured_media":0,"parent":0,"menu_order":0,"comment_status":"closed","ping_status":"closed","template":"","meta":{"site-sidebar-layout":"no-sidebar","site-content-layout":"page-builder","ast-site-content-layout":"default","site-content-style":"default","site-sidebar-style":"default","ast-global-header-display":"","ast-banner-title-visibility":"","ast-main-header-display":"","ast-hfb-above-header-display":"","ast-hfb-below-header-display":"","ast-hfb-mobile-header-display":"","site-post-title":"disabled","ast-breadcrumbs-content":"","ast-featured-img":"disabled","footer-sml-layout":"","ast-disable-related-posts":"","theme-transparent-header-meta":"default","adv-header-id-meta":"","stick-header-meta":"default","header-above-stick-meta":"","header-main-stick-meta":"","header-below-stick-meta":"","astra-migrate-meta-layouts":"default","ast-page-background-enabled":"default","ast-page-background-meta":{"desktop":{"background-color":"","background-image":"","background-repeat":"repeat","background-position":"center center","background-size":"auto","background-attachment":"scroll","background-type":"","background-media":"","overlay-type":"","overlay-color":"","overlay-opacity":"","overlay-gradient":""},"tablet":{"background-color":"","background-image":"","background-repeat":"repeat","background-position":"center center","background-size":"auto","background-attachment":"scroll","background-type":"","background-media":"","overlay-type":"","overlay-color":"","overlay-opacity":"","overlay-gradient":""},"mobile":{"background-color":"","background-image":"","background-repeat":"repeat","background-position":"center center","background-size":"auto","background-attachment":"scroll","background-type":"","background-media":"","overlay-type":"","overlay-color":"","overlay-opacity":"","overlay-gradient":""}},"ast-content-background-meta":{"desktop":{"background-color":"var(--ast-global-color-5)","background-image":"","background-repeat":"repeat","background-position":"center center","background-size":"auto","background-attachment":"scroll","background-type":"","background-media":"","overlay-type":"","overlay-color":"","overlay-opacity":"","overlay-gradient":""},"tablet":{"background-color":"var(--ast-global-color-5)","background-image":"","background-repeat":"repeat","background-position":"center center","background-size":"auto","background-attachment":"scroll","background-type":"","background-media":"","overlay-type":"","overlay-color":"","overlay-opacity":"","overlay-gradient":""},"mobile":{"background-color":"var(--ast-global-color-5)","background-image":"","background-repeat":"repeat","background-position":"center center","background-size":"auto","background-attachment":"scroll","background-type":"","background-media":"","overlay-type":"","overlay-color":"","overlay-opacity":"","overlay-gradient":""}},"footnotes":""},"class_list":["post-1955","page","type-page","status-publish","hentry"],"_links":{"self":[{"href":"https:\/\/clinicasandalf.com\/de\/wp-json\/wp\/v2\/pages\/1955","targetHints":{"allow":["GET"]}}],"collection":[{"href":"https:\/\/clinicasandalf.com\/de\/wp-json\/wp\/v2\/pages"}],"about":[{"href":"https:\/\/clinicasandalf.com\/de\/wp-json\/wp\/v2\/types\/page"}],"author":[{"embeddable":true,"href":"https:\/\/clinicasandalf.com\/de\/wp-json\/wp\/v2\/users\/2"}],"replies":[{"embeddable":true,"href":"https:\/\/clinicasandalf.com\/de\/wp-json\/wp\/v2\/comments?post=1955"}],"version-history":[{"count":3,"href":"https:\/\/clinicasandalf.com\/de\/wp-json\/wp\/v2\/pages\/1955\/revisions"}],"predecessor-version":[{"id":1958,"href":"https:\/\/clinicasandalf.com\/de\/wp-json\/wp\/v2\/pages\/1955\/revisions\/1958"}],"wp:attachment":[{"href":"https:\/\/clinicasandalf.com\/de\/wp-json\/wp\/v2\/media?parent=1955"}],"curies":[{"name":"wp","href":"https:\/\/api.w.org\/{rel}","templated":true}]}}