{"id":1966,"date":"2019-12-04T01:23:59","date_gmt":"2019-12-03T23:23:59","guid":{"rendered":"https:\/\/clinicasandalf.com\/?page_id=1966"},"modified":"2024-03-18T00:03:57","modified_gmt":"2024-03-17T23:03:57","slug":"osteopathie-chiropraktik-benalmadena-malaga","status":"publish","type":"page","link":"https:\/\/clinicasandalf.com\/de\/spezialbehandlungen\/osteopathie-chiropraktik-benalmadena-malaga\/","title":{"rendered":"Osteopathie &#8211; Chiropraktik"},"content":{"rendered":"\t\t<div data-elementor-type=\"wp-post\" data-elementor-id=\"1966\" class=\"elementor elementor-1966 elementor-621\" data-elementor-post-type=\"page\">\n\t\t\t\t\t\t<section class=\"elementor-section elementor-top-section elementor-element elementor-element-5fc172f5 elementor-section-content-middle elementor-section-boxed elementor-section-height-default elementor-section-height-default\" data-id=\"5fc172f5\" data-element_type=\"section\" data-e-type=\"section\" data-settings=\"{&quot;background_background&quot;:&quot;classic&quot;}\">\n\t\t\t\t\t\t\t<div class=\"elementor-background-overlay\"><\/div>\n\t\t\t\t\t\t\t<div class=\"elementor-container elementor-column-gap-no\">\n\t\t\t\t\t<div class=\"elementor-column elementor-col-100 elementor-top-column elementor-element elementor-element-38361c69\" data-id=\"38361c69\" data-element_type=\"column\" data-e-type=\"column\">\n\t\t\t<div class=\"elementor-widget-wrap elementor-element-populated\">\n\t\t\t\t\t\t<div class=\"elementor-element elementor-element-60646c54 elementor-widget elementor-widget-heading\" data-id=\"60646c54\" data-element_type=\"widget\" data-e-type=\"widget\" data-widget_type=\"heading.default\">\n\t\t\t\t<div class=\"elementor-widget-container\">\n\t\t\t\t\t<h1 class=\"elementor-heading-title elementor-size-default\">Osteopathie - Chiropraktik<\/h1>\t\t\t\t<\/div>\n\t\t\t\t<\/div>\n\t\t\t\t<div class=\"elementor-element elementor-element-1a76284 elementor-widget-divider--view-line elementor-widget elementor-widget-divider\" data-id=\"1a76284\" data-element_type=\"widget\" data-e-type=\"widget\" data-widget_type=\"divider.default\">\n\t\t\t\t<div class=\"elementor-widget-container\">\n\t\t\t\t\t\t\t<div class=\"elementor-divider\">\n\t\t\t<span class=\"elementor-divider-separator\">\n\t\t\t\t\t\t<\/span>\n\t\t<\/div>\n\t\t\t\t\t\t<\/div>\n\t\t\t\t<\/div>\n\t\t\t\t\t<\/div>\n\t\t<\/div>\n\t\t\t\t\t<\/div>\n\t\t<\/section>\n\t\t\t\t<section class=\"elementor-section elementor-top-section elementor-element elementor-element-c756176 elementor-section-content-top elementor-section-boxed elementor-section-height-default elementor-section-height-default\" data-id=\"c756176\" data-element_type=\"section\" data-e-type=\"section\">\n\t\t\t\t\t\t<div class=\"elementor-container elementor-column-gap-wide\">\n\t\t\t\t\t<div class=\"elementor-column elementor-col-33 elementor-top-column elementor-element elementor-element-e746561\" data-id=\"e746561\" data-element_type=\"column\" data-e-type=\"column\">\n\t\t\t<div class=\"elementor-widget-wrap elementor-element-populated\">\n\t\t\t\t\t\t<div class=\"elementor-element elementor-element-326a9cc elementor-widget elementor-widget-image\" data-id=\"326a9cc\" data-element_type=\"widget\" data-e-type=\"widget\" data-widget_type=\"image.default\">\n\t\t\t\t<div class=\"elementor-widget-container\">\n\t\t\t\t\t\t\t\t\t\t\t\t\t\t\t<img fetchpriority=\"high\" decoding=\"async\" width=\"1024\" height=\"538\" src=\"https:\/\/clinicasandalf.com\/wp-content\/uploads\/2019\/11\/osteopathy-1024x538.jpg\" class=\"attachment-large size-large wp-image-1557\" alt=\"Bild einer chiropraktischen Mobilisierung\" srcset=\"https:\/\/clinicasandalf.com\/wp-content\/uploads\/2019\/11\/osteopathy-1024x538.jpg 1024w, https:\/\/clinicasandalf.com\/wp-content\/uploads\/2019\/11\/osteopathy-300x158.jpg 300w, https:\/\/clinicasandalf.com\/wp-content\/uploads\/2019\/11\/osteopathy-768x403.jpg 768w, https:\/\/clinicasandalf.com\/wp-content\/uploads\/2019\/11\/osteopathy.jpg 1200w\" sizes=\"(max-width: 1024px) 100vw, 1024px\" \/>\t\t\t\t\t\t\t\t\t\t\t\t\t\t\t<\/div>\n\t\t\t\t<\/div>\n\t\t\t\t\t<\/div>\n\t\t<\/div>\n\t\t\t\t<div class=\"elementor-column elementor-col-66 elementor-top-column elementor-element elementor-element-900fef1\" data-id=\"900fef1\" data-element_type=\"column\" data-e-type=\"column\">\n\t\t\t<div class=\"elementor-widget-wrap elementor-element-populated\">\n\t\t\t\t\t\t<div class=\"elementor-element elementor-element-f1d2437 elementor-widget elementor-widget-text-editor\" data-id=\"f1d2437\" data-element_type=\"widget\" data-e-type=\"widget\" data-widget_type=\"text-editor.default\">\n\t\t\t\t<div class=\"elementor-widget-container\">\n\t\t\t\t\t\t\t\t\t<div id=\"content-row\"><div id=\"content\" class=\"col-auto\"><article class=\"page content-item\"><div id=\"content-row\"><div id=\"content\" class=\"col-auto\"><article class=\"page content-item\"><p><strong>Osteopathie &#8211; Chiropraktik in Benalmadena<\/strong><\/p><p>Die Chiropraktik \/ Osteopathie ist eine therapeutische Anwendung, die von \u00c4rzten oder Heilpraktikern ausge\u00fcbt wird.<\/p><p>Unsere Chiropraktiker <a href=\"https:\/\/clinicasandalf.com\/de\/team-clinica-sandalf\/christie-nicholas\/\">Christie Nicholas<\/a> und Luis Illueca sind in England ausgebildet worden und haben dort mehrere Jahre gearbeitet, bevor sie nach Spanien gekommen sind und sich vor einigen Jahren dem <a href=\"https:\/\/clinicasandalf.com\/de\/team-clinica-sandalf\/\">Team Clinica SANDALF<\/a> angeschossen haben.<\/p><p>Sie haben umfangreiche Erfahrungen in den verschiedenen Mobilisations- und Manipulations- Techniken. Dabei k\u00f6nnen sie den Vorteil nutzen, da\u00df in der Praxis digitales R\u00f6ntgen und Ultraschall-Scan zur Verf\u00fcgung stehen. So k\u00f6nnen bei Zweifel entsprechende Aufnahmen und Bilder der Wirbels\u00e4ule oder der Gelenke gemacht werden, um andere Ursachen f\u00fcr die Beschwerden auszuschlie\u00dfen. Auch kann so best\u00e4tigt werden, da\u00df es &#8217;safe&#8216; ist, die entsprechenden Techniken anzuwenden.<\/p><div><div><h4 style=\"font-style: normal;\">Chiropraktik &#8211; Osteopathie kurz erl\u00e4utert<\/h4><p style=\"caret-color: #000000; color: #000000; font-family: -webkit-standard;\"><i>Der Chiropraktiker kann durch spezielle Handgriffe Gelenkblockaden bei Muskelverspannungen, und deren Schmerzen beseitigen. Auch kann der Druck auf Nervenbahnen reduziert werden. Dieses soll zudem die Heilungskr\u00e4fte des K\u00f6rpers anregen.<\/i><\/p><p><i style=\"caret-color: #000000; color: #000000; font-family: -webkit-standard;\">Im Allgemeinen soll die Funktionst\u00e4tigkeit und das Zusammenspiel von Gelenken und Muskulatur normalisiert und dabei die Schmerzen gelindert oder gar beseitigt werden. Dies beruht auf dem Prinzip, da\u00df das &#8218;Wohlf\u00fchlen&#8216; von einer normalen Funktion und Zusammenarbeit der Gelenke, Muskeln, B\u00e4ndern und\u00a0<\/i><span style=\"color: #000000; font-family: -webkit-standard;\"><span style=\"caret-color: #000000;\"><i>Weichteilen<\/i><\/span><\/span><i style=\"caret-color: #000000; color: #000000; font-family: -webkit-standard;\">\u00a0abh\u00e4ngt. Daher ist es das Ziel der Chiropraktik:<\/i><\/p><ul style=\"font-style: normal;\"><li>die Beweglichkeit der Gelenke zu verbessern,<\/li><li>Muskelverspannungen zu l\u00f6sen,<\/li><li>die Blutzufuhr zu erh\u00f6hen, was zur besseren Heilung beitr\u00e4gt.<\/li><\/ul><\/div><div style=\"font-style: normal;\"><p>Als Teil des Teams Clinica SANDALF arbeiten unsere Chiropraktiker immer eng mit <a href=\"https:\/\/clinicasandalf.com\/de\/team-clinica-sandalf\/dr-alf-neuhaus-orthopaede\/\">Orthop\u00e4de Dr. Alf Neuhaus<\/a> zusammen. Durch direkte Kummunikation k\u00f6nnen Fragen gekl\u00e4rt werden und falls erforderlich R\u00f6ntgen- oder Ultraschallbilder sofort angefertigt werden. So kann die Diagnose best\u00e4tigt und die notwendigen Anwendungen maximal optimiert werden.<\/p><p>Die Chiropraksis ist eine nicht-invasive Therapie und kann daher auch bei Kindern, Babies und Schwangeren angewendet werden.<\/p><p>Wenn Sie einen Termin mit unseren Chiropraktikern in Benalmadena machen m\u00f6chten, dann <a href=\"https:\/\/clinicasandalf.com\/de\/kontakt-mit-clinica-sandalf\/\">klicken Sie bitte hier<\/a>.<\/p><\/div><\/div><\/article><\/div><\/div><\/article><\/div><\/div>\t\t\t\t\t\t\t\t<\/div>\n\t\t\t\t<\/div>\n\t\t\t\t\t<\/div>\n\t\t<\/div>\n\t\t\t\t\t<\/div>\n\t\t<\/section>\n\t\t\t\t<section class=\"elementor-section elementor-top-section elementor-element elementor-element-1851639 elementor-section-content-middle elementor-section-full_width elementor-section-height-default elementor-section-height-default\" data-id=\"1851639\" data-element_type=\"section\" data-e-type=\"section\" data-settings=\"{&quot;background_background&quot;:&quot;classic&quot;}\">\n\t\t\t\t\t\t\t<div class=\"elementor-background-overlay\"><\/div>\n\t\t\t\t\t\t\t<div class=\"elementor-container elementor-column-gap-no\">\n\t\t\t\t\t<div class=\"elementor-column elementor-col-100 elementor-top-column elementor-element elementor-element-3af792c6\" data-id=\"3af792c6\" data-element_type=\"column\" data-e-type=\"column\">\n\t\t\t<div class=\"elementor-widget-wrap elementor-element-populated\">\n\t\t\t\t\t\t<div class=\"elementor-element elementor-element-6269d91a elementor-widget elementor-widget-heading\" data-id=\"6269d91a\" data-element_type=\"widget\" data-e-type=\"widget\" data-widget_type=\"heading.default\">\n\t\t\t\t<div class=\"elementor-widget-container\">\n\t\t\t\t\t<h2 class=\"elementor-heading-title elementor-size-default\">Contact Us<\/h2>\t\t\t\t<\/div>\n\t\t\t\t<\/div>\n\t\t\t\t<div class=\"elementor-element elementor-element-2c34f61c elementor-widget-divider--view-line elementor-widget elementor-widget-divider\" data-id=\"2c34f61c\" data-element_type=\"widget\" data-e-type=\"widget\" data-widget_type=\"divider.default\">\n\t\t\t\t<div class=\"elementor-widget-container\">\n\t\t\t\t\t\t\t<div class=\"elementor-divider\">\n\t\t\t<span class=\"elementor-divider-separator\">\n\t\t\t\t\t\t<\/span>\n\t\t<\/div>\n\t\t\t\t\t\t<\/div>\n\t\t\t\t<\/div>\n\t\t\t\t<div class=\"elementor-element elementor-element-6720a51c elementor-widget elementor-widget-text-editor\" data-id=\"6720a51c\" data-element_type=\"widget\" data-e-type=\"widget\" data-widget_type=\"text-editor.default\">\n\t\t\t\t<div class=\"elementor-widget-container\">\n\t\t\t\t\t\t\t\t\t<p style=\"text-align: center;\">Please don&#8217;t hesitate to get in touch with us should you have any further questions or to make an appointment.<\/p>\t\t\t\t\t\t\t\t<\/div>\n\t\t\t\t<\/div>\n\t\t\t\t<div class=\"elementor-element elementor-element-78b732d5 elementor-button-info elementor-align-center elementor-widget elementor-widget-button\" data-id=\"78b732d5\" data-element_type=\"widget\" data-e-type=\"widget\" data-widget_type=\"button.default\">\n\t\t\t\t<div class=\"elementor-widget-container\">\n\t\t\t\t\t\t\t\t\t<div class=\"elementor-button-wrapper\">\n\t\t\t\t\t<a class=\"elementor-button elementor-button-link elementor-size-md\" href=\"https:\/\/clinicasandalf.com\/contact\/\">\n\t\t\t\t\t\t<span class=\"elementor-button-content-wrapper\">\n\t\t\t\t\t\t\t\t\t<span class=\"elementor-button-text\">Find here our contact information<\/span>\n\t\t\t\t\t<\/span>\n\t\t\t\t\t<\/a>\n\t\t\t\t<\/div>\n\t\t\t\t\t\t\t\t<\/div>\n\t\t\t\t<\/div>\n\t\t\t\t\t<\/div>\n\t\t<\/div>\n\t\t\t\t\t<\/div>\n\t\t<\/section>\n\t\t\t\t<\/div>\n\t\t","protected":false},"excerpt":{"rendered":"<p>Osteopathie &#8211; Chiropraktik Osteopathie &#8211; Chiropraktik in Benalmadena Die Chiropraktik \/ Osteopathie ist eine therapeutische Anwendung, die von \u00c4rzten oder Heilpraktikern ausge\u00fcbt wird. Unsere Chiropraktiker Christie Nicholas und Luis Illueca sind in England ausgebildet worden und haben dort mehrere Jahre gearbeitet, bevor sie nach Spanien gekommen sind und sich vor einigen Jahren dem Team Clinica [&hellip;]<\/p>\n","protected":false},"author":2,"featured_media":0,"parent":1173,"menu_order":0,"comment_status":"closed","ping_status":"closed","template":"","meta":{"site-sidebar-layout":"no-sidebar","site-content-layout":"page-builder","ast-site-content-layout":"default","site-content-style":"default","site-sidebar-style":"default","ast-global-header-display":"","ast-banner-title-visibility":"","ast-main-header-display":"","ast-hfb-above-header-display":"","ast-hfb-below-header-display":"","ast-hfb-mobile-header-display":"","site-post-title":"disabled","ast-breadcrumbs-content":"","ast-featured-img":"disabled","footer-sml-layout":"","ast-disable-related-posts":"","theme-transparent-header-meta":"default","adv-header-id-meta":"","stick-header-meta":"default","header-above-stick-meta":"","header-main-stick-meta":"","header-below-stick-meta":"","astra-migrate-meta-layouts":"set","ast-page-background-enabled":"default","ast-page-background-meta":{"desktop":{"background-color":"","background-image":"","background-repeat":"repeat","background-position":"center center","background-size":"auto","background-attachment":"scroll","background-type":"","background-media":"","overlay-type":"","overlay-color":"","overlay-opacity":"","overlay-gradient":""},"tablet":{"background-color":"","background-image":"","background-repeat":"repeat","background-position":"center center","background-size":"auto","background-attachment":"scroll","background-type":"","background-media":"","overlay-type":"","overlay-color":"","overlay-opacity":"","overlay-gradient":""},"mobile":{"background-color":"","background-image":"","background-repeat":"repeat","background-position":"center center","background-size":"auto","background-attachment":"scroll","background-type":"","background-media":"","overlay-type":"","overlay-color":"","overlay-opacity":"","overlay-gradient":""}},"ast-content-background-meta":{"desktop":{"background-color":"var(--ast-global-color-5)","background-image":"","background-repeat":"repeat","background-position":"center center","background-size":"auto","background-attachment":"scroll","background-type":"","background-media":"","overlay-type":"","overlay-color":"","overlay-opacity":"","overlay-gradient":""},"tablet":{"background-color":"var(--ast-global-color-5)","background-image":"","background-repeat":"repeat","background-position":"center center","background-size":"auto","background-attachment":"scroll","background-type":"","background-media":"","overlay-type":"","overlay-color":"","overlay-opacity":"","overlay-gradient":""},"mobile":{"background-color":"var(--ast-global-color-5)","background-image":"","background-repeat":"repeat","background-position":"center center","background-size":"auto","background-attachment":"scroll","background-type":"","background-media":"","overlay-type":"","overlay-color":"","overlay-opacity":"","overlay-gradient":""}},"footnotes":""},"class_list":["post-1966","page","type-page","status-publish","hentry"],"_links":{"self":[{"href":"https:\/\/clinicasandalf.com\/de\/wp-json\/wp\/v2\/pages\/1966","targetHints":{"allow":["GET"]}}],"collection":[{"href":"https:\/\/clinicasandalf.com\/de\/wp-json\/wp\/v2\/pages"}],"about":[{"href":"https:\/\/clinicasandalf.com\/de\/wp-json\/wp\/v2\/types\/page"}],"author":[{"embeddable":true,"href":"https:\/\/clinicasandalf.com\/de\/wp-json\/wp\/v2\/users\/2"}],"replies":[{"embeddable":true,"href":"https:\/\/clinicasandalf.com\/de\/wp-json\/wp\/v2\/comments?post=1966"}],"version-history":[{"count":17,"href":"https:\/\/clinicasandalf.com\/de\/wp-json\/wp\/v2\/pages\/1966\/revisions"}],"predecessor-version":[{"id":3179,"href":"https:\/\/clinicasandalf.com\/de\/wp-json\/wp\/v2\/pages\/1966\/revisions\/3179"}],"up":[{"embeddable":true,"href":"https:\/\/clinicasandalf.com\/de\/wp-json\/wp\/v2\/pages\/1173"}],"wp:attachment":[{"href":"https:\/\/clinicasandalf.com\/de\/wp-json\/wp\/v2\/media?parent=1966"}],"curies":[{"name":"wp","href":"https:\/\/api.w.org\/{rel}","templated":true}]}}