{"id":1974,"date":"2019-12-05T01:15:20","date_gmt":"2019-12-04T23:15:20","guid":{"rendered":"https:\/\/clinicasandalf.com\/?page_id=1974"},"modified":"2024-04-03T18:28:54","modified_gmt":"2024-04-03T17:28:54","slug":"physio-reha-massage-benalmadena-malaga","status":"publish","type":"page","link":"https:\/\/clinicasandalf.com\/de\/spezialbehandlungen\/physio-reha-massage-benalmadena-malaga\/","title":{"rendered":"Physiotherapie &#8211; Rehabilitation &#8211; Medizinische Massage"},"content":{"rendered":"\t\t<div data-elementor-type=\"wp-post\" data-elementor-id=\"1974\" class=\"elementor elementor-1974 elementor-618\" data-elementor-post-type=\"page\">\n\t\t\t\t\t\t<section class=\"elementor-section elementor-top-section elementor-element elementor-element-5fc172f5 elementor-section-content-middle elementor-section-boxed elementor-section-height-default elementor-section-height-default\" data-id=\"5fc172f5\" data-element_type=\"section\" data-e-type=\"section\" data-settings=\"{&quot;background_background&quot;:&quot;classic&quot;}\">\n\t\t\t\t\t\t\t<div class=\"elementor-background-overlay\"><\/div>\n\t\t\t\t\t\t\t<div class=\"elementor-container elementor-column-gap-no\">\n\t\t\t\t\t<div class=\"elementor-column elementor-col-100 elementor-top-column elementor-element elementor-element-38361c69\" data-id=\"38361c69\" data-element_type=\"column\" data-e-type=\"column\">\n\t\t\t<div class=\"elementor-widget-wrap elementor-element-populated\">\n\t\t\t\t\t\t<div class=\"elementor-element elementor-element-60646c54 elementor-widget elementor-widget-heading\" data-id=\"60646c54\" data-element_type=\"widget\" data-e-type=\"widget\" data-widget_type=\"heading.default\">\n\t\t\t\t<div class=\"elementor-widget-container\">\n\t\t\t\t\t<h1 class=\"elementor-heading-title elementor-size-xl\">Physiotherapie - Rehabilitation<br>Medizinische Massage<\/h1>\t\t\t\t<\/div>\n\t\t\t\t<\/div>\n\t\t\t\t<div class=\"elementor-element elementor-element-1a76284 elementor-widget-divider--view-line elementor-widget elementor-widget-divider\" data-id=\"1a76284\" data-element_type=\"widget\" data-e-type=\"widget\" data-widget_type=\"divider.default\">\n\t\t\t\t<div class=\"elementor-widget-container\">\n\t\t\t\t\t\t\t<div class=\"elementor-divider\">\n\t\t\t<span class=\"elementor-divider-separator\">\n\t\t\t\t\t\t<\/span>\n\t\t<\/div>\n\t\t\t\t\t\t<\/div>\n\t\t\t\t<\/div>\n\t\t\t\t\t<\/div>\n\t\t<\/div>\n\t\t\t\t\t<\/div>\n\t\t<\/section>\n\t\t\t\t<section class=\"elementor-section elementor-top-section elementor-element elementor-element-c756176 elementor-section-content-top elementor-section-boxed elementor-section-height-default elementor-section-height-default\" data-id=\"c756176\" data-element_type=\"section\" data-e-type=\"section\">\n\t\t\t\t\t\t<div class=\"elementor-container elementor-column-gap-wide\">\n\t\t\t\t\t<div class=\"elementor-column elementor-col-33 elementor-top-column elementor-element elementor-element-e746561\" data-id=\"e746561\" data-element_type=\"column\" data-e-type=\"column\">\n\t\t\t<div class=\"elementor-widget-wrap elementor-element-populated\">\n\t\t\t\t\t\t<div class=\"elementor-element elementor-element-326a9cc elementor-widget elementor-widget-image\" data-id=\"326a9cc\" data-element_type=\"widget\" data-e-type=\"widget\" data-widget_type=\"image.default\">\n\t\t\t\t<div class=\"elementor-widget-container\">\n\t\t\t\t\t\t\t\t\t\t\t\t\t\t\t<img fetchpriority=\"high\" decoding=\"async\" width=\"1024\" height=\"683\" src=\"https:\/\/clinicasandalf.com\/wp-content\/uploads\/2024\/04\/DSC00631-HDR.jpg\" class=\"attachment-large size-large wp-image-3844\" alt=\"Physiotherapieraum\" srcset=\"https:\/\/clinicasandalf.com\/wp-content\/uploads\/2024\/04\/DSC00631-HDR.jpg 1024w, https:\/\/clinicasandalf.com\/wp-content\/uploads\/2024\/04\/DSC00631-HDR-300x200.jpg 300w, https:\/\/clinicasandalf.com\/wp-content\/uploads\/2024\/04\/DSC00631-HDR-768x512.jpg 768w\" sizes=\"(max-width: 1024px) 100vw, 1024px\" \/>\t\t\t\t\t\t\t\t\t\t\t\t\t\t\t<\/div>\n\t\t\t\t<\/div>\n\t\t\t\t<div class=\"elementor-element elementor-element-3271092 elementor-widget elementor-widget-image\" data-id=\"3271092\" data-element_type=\"widget\" data-e-type=\"widget\" data-widget_type=\"image.default\">\n\t\t\t\t<div class=\"elementor-widget-container\">\n\t\t\t\t\t\t\t\t\t\t\t\t\t\t\t<img decoding=\"async\" width=\"683\" height=\"1024\" src=\"https:\/\/clinicasandalf.com\/wp-content\/uploads\/2024\/04\/Oona-shock-wave-therapy-683x1024.jpeg\" class=\"attachment-large size-large wp-image-3850\" alt=\"Sto\u00dfwellentherapie\" srcset=\"https:\/\/clinicasandalf.com\/wp-content\/uploads\/2024\/04\/Oona-shock-wave-therapy-683x1024.jpeg 683w, https:\/\/clinicasandalf.com\/wp-content\/uploads\/2024\/04\/Oona-shock-wave-therapy-200x300.jpeg 200w, https:\/\/clinicasandalf.com\/wp-content\/uploads\/2024\/04\/Oona-shock-wave-therapy-768x1152.jpeg 768w, https:\/\/clinicasandalf.com\/wp-content\/uploads\/2024\/04\/Oona-shock-wave-therapy-1024x1536.jpeg 1024w, https:\/\/clinicasandalf.com\/wp-content\/uploads\/2024\/04\/Oona-shock-wave-therapy-1366x2048.jpeg 1366w, https:\/\/clinicasandalf.com\/wp-content\/uploads\/2024\/04\/Oona-shock-wave-therapy-scaled.jpeg 1707w\" sizes=\"(max-width: 683px) 100vw, 683px\" \/>\t\t\t\t\t\t\t\t\t\t\t\t\t\t\t<\/div>\n\t\t\t\t<\/div>\n\t\t\t\t\t<\/div>\n\t\t<\/div>\n\t\t\t\t<div class=\"elementor-column elementor-col-66 elementor-top-column elementor-element elementor-element-900fef1\" data-id=\"900fef1\" data-element_type=\"column\" data-e-type=\"column\">\n\t\t\t<div class=\"elementor-widget-wrap elementor-element-populated\">\n\t\t\t\t\t\t<div class=\"elementor-element elementor-element-f1d2437 elementor-widget elementor-widget-text-editor\" data-id=\"f1d2437\" data-element_type=\"widget\" data-e-type=\"widget\" data-widget_type=\"text-editor.default\">\n\t\t\t\t<div class=\"elementor-widget-container\">\n\t\t\t\t\t\t\t\t\t<div id=\"content-row\"><div id=\"content\" class=\"col-auto\"><article class=\"page content-item\"><div id=\"content-row\"><div id=\"content\" class=\"col-auto\"><article class=\"page content-item\"><p><strong>Physiotherapie &#8211; Rehabilitation &#8211; Medizinische Massage in Benalmadena<\/strong><\/p><p>Unsere in Finland ausgebildete Physio- und Massagetherapeutin <a href=\"https:\/\/clinicasandalf.com\/de\/team-clinica-sandalf\/oona-nikkanen-physiotherapeutin-massagetherapeutin\/\">Oona Nikkanen<\/a> und unsere in Argentinien ausgebildete Physiotherapeutin <a href=\"https:\/\/clinicasandalf.com\/de\/team-clinica-sandalf\/tamara-abramovich-massage-lymphdraenage-benalmadena-fuengirola\/\">Tamara Abramovich<\/a> haben viele Jahre Erfahrung in der Behandlung von Gelenkproblemen, Nacken- und R\u00fcckenschmerzen, Probleme mit den Weichteilen (Muskeln, Sehnen, B\u00e4nder) und in der post- operativen Rehabilitation. Sie sind seit vielen Jahren fester &#8218;Bestandteil&#8216; des Teams der Clinica SANDALF und k\u00fcmmern sich auch um die Patienten, die von <a href=\"https:\/\/clinicasandalf.com\/de\/team-clinica-sandalf\/dr-alf-neuhaus-orthopaede\/\">Orthop\u00e4de Dr. Alf Neuhaus<\/a> operiert werden. Neben der klassischen Reha- und Physio- Techniken kommen Sto\u00dfwellen- Therapie, Massagetherapie, Lymphdr\u00e4nage, spezielles Gehschule und individuelles Fitnesstraining\u00a0 zur Anwendung.<\/p><p>Der komplett ausgestattete Physiotherapie- Raum der Clinica SANDALF erlaubt eine genaue Untersuchung des Patienten\/ der Patientin zur exakten Erfassung des Krankheitsbildes und Anwendung von z.B. Gehschuhle, Sto\u00dfwelle, post- operative Reha nach Gelenk- oder Wirbels\u00e4ulen- Op. Sie nutzen dazu auch das zur Verf\u00fcgung stehende IT- System und stehen stetig in direkter Kommunikation mit Dr. Alf Neuhaus f\u00fcr R\u00fcckfragen und zur Planung oder Modifizierung der notwendigen Anwendungen.<\/p><p>Die Anwendung von Lymphdr\u00e4nage, besonders bei der post- operativen Rehabilitation nach <a href=\"https:\/\/clinicasandalf.com\/de\/spezialbehandlungen\/gelenkprothese-malaga-marbella\/\">Gelenkprothesen<\/a> reduziert die Schwellung und das Lymph\u00f6dem erheblich, f\u00f6rdert die Durchblutung und kann die Erholungsphase deutlich reduzieren.<\/p><p>Alle unsere Physeotherapeuten unterst\u00fctzen Dr. Alf Neuhaus mit t\u00e4glichen Krankenhausvisiten nach von ihm durchgef\u00fchrten operativen Eingriffen und machen bei Bedarf auch Hausbesuche.<\/p><p>Wenn Sie einen Termin mit unserem Physeotherapeuten- Team in Benalmadena machen m\u00f6chten dann <a href=\"https:\/\/clinicasandalf.com\/de\/kontakt-mit-clinica-sandalf\/\">klicken Sie bitte hier<\/a>.<\/p><\/article><\/div><\/div><\/article><\/div><\/div>\t\t\t\t\t\t\t\t<\/div>\n\t\t\t\t<\/div>\n\t\t\t\t\t<\/div>\n\t\t<\/div>\n\t\t\t\t\t<\/div>\n\t\t<\/section>\n\t\t\t\t<section class=\"elementor-section elementor-top-section elementor-element elementor-element-5370a8c2 elementor-section-content-middle elementor-section-full_width elementor-section-height-default elementor-section-height-default\" data-id=\"5370a8c2\" data-element_type=\"section\" data-e-type=\"section\" data-settings=\"{&quot;background_background&quot;:&quot;classic&quot;}\">\n\t\t\t\t\t\t\t<div class=\"elementor-background-overlay\"><\/div>\n\t\t\t\t\t\t\t<div class=\"elementor-container elementor-column-gap-no\">\n\t\t\t\t\t<div class=\"elementor-column elementor-col-100 elementor-top-column elementor-element elementor-element-351b1120\" data-id=\"351b1120\" data-element_type=\"column\" data-e-type=\"column\">\n\t\t\t<div class=\"elementor-widget-wrap elementor-element-populated\">\n\t\t\t\t\t\t<div class=\"elementor-element elementor-element-b7ff054 elementor-widget elementor-widget-heading\" data-id=\"b7ff054\" data-element_type=\"widget\" data-e-type=\"widget\" data-widget_type=\"heading.default\">\n\t\t\t\t<div class=\"elementor-widget-container\">\n\t\t\t\t\t<h2 class=\"elementor-heading-title elementor-size-default\">Contact Us<\/h2>\t\t\t\t<\/div>\n\t\t\t\t<\/div>\n\t\t\t\t<div class=\"elementor-element elementor-element-5ed91082 elementor-widget-divider--view-line elementor-widget elementor-widget-divider\" data-id=\"5ed91082\" data-element_type=\"widget\" data-e-type=\"widget\" data-widget_type=\"divider.default\">\n\t\t\t\t<div class=\"elementor-widget-container\">\n\t\t\t\t\t\t\t<div class=\"elementor-divider\">\n\t\t\t<span class=\"elementor-divider-separator\">\n\t\t\t\t\t\t<\/span>\n\t\t<\/div>\n\t\t\t\t\t\t<\/div>\n\t\t\t\t<\/div>\n\t\t\t\t<div class=\"elementor-element elementor-element-42a8b7ee elementor-widget elementor-widget-text-editor\" data-id=\"42a8b7ee\" data-element_type=\"widget\" data-e-type=\"widget\" data-widget_type=\"text-editor.default\">\n\t\t\t\t<div class=\"elementor-widget-container\">\n\t\t\t\t\t\t\t\t\t<p style=\"text-align: center;\">Please don&#8217;t hesitate to get in touch with us should you have any further questions or to make an appointment.<\/p>\t\t\t\t\t\t\t\t<\/div>\n\t\t\t\t<\/div>\n\t\t\t\t<div class=\"elementor-element elementor-element-2c60afc3 elementor-button-info elementor-align-center elementor-widget elementor-widget-button\" data-id=\"2c60afc3\" data-element_type=\"widget\" data-e-type=\"widget\" data-widget_type=\"button.default\">\n\t\t\t\t<div class=\"elementor-widget-container\">\n\t\t\t\t\t\t\t\t\t<div class=\"elementor-button-wrapper\">\n\t\t\t\t\t<a class=\"elementor-button elementor-button-link elementor-size-md\" href=\"https:\/\/clinicasandalf.com\/contact\/\">\n\t\t\t\t\t\t<span class=\"elementor-button-content-wrapper\">\n\t\t\t\t\t\t\t\t\t<span class=\"elementor-button-text\">Find here our contact information<\/span>\n\t\t\t\t\t<\/span>\n\t\t\t\t\t<\/a>\n\t\t\t\t<\/div>\n\t\t\t\t\t\t\t\t<\/div>\n\t\t\t\t<\/div>\n\t\t\t\t\t<\/div>\n\t\t<\/div>\n\t\t\t\t\t<\/div>\n\t\t<\/section>\n\t\t\t\t<\/div>\n\t\t","protected":false},"excerpt":{"rendered":"<p>Physiotherapie &#8211; RehabilitationMedizinische Massage Physiotherapie &#8211; Rehabilitation &#8211; Medizinische Massage in Benalmadena Unsere in Finland ausgebildete Physio- und Massagetherapeutin Oona Nikkanen und unsere in Argentinien ausgebildete Physiotherapeutin Tamara Abramovich haben viele Jahre Erfahrung in der Behandlung von Gelenkproblemen, Nacken- und R\u00fcckenschmerzen, Probleme mit den Weichteilen (Muskeln, Sehnen, B\u00e4nder) und in der post- operativen Rehabilitation. Sie [&hellip;]<\/p>\n","protected":false},"author":2,"featured_media":0,"parent":1173,"menu_order":0,"comment_status":"closed","ping_status":"closed","template":"","meta":{"site-sidebar-layout":"no-sidebar","site-content-layout":"page-builder","ast-site-content-layout":"default","site-content-style":"default","site-sidebar-style":"default","ast-global-header-display":"","ast-banner-title-visibility":"","ast-main-header-display":"","ast-hfb-above-header-display":"","ast-hfb-below-header-display":"","ast-hfb-mobile-header-display":"","site-post-title":"disabled","ast-breadcrumbs-content":"","ast-featured-img":"disabled","footer-sml-layout":"","ast-disable-related-posts":"","theme-transparent-header-meta":"default","adv-header-id-meta":"","stick-header-meta":"default","header-above-stick-meta":"","header-main-stick-meta":"","header-below-stick-meta":"","astra-migrate-meta-layouts":"set","ast-page-background-enabled":"default","ast-page-background-meta":{"desktop":{"background-color":"","background-image":"","background-repeat":"repeat","background-position":"center center","background-size":"auto","background-attachment":"scroll","background-type":"","background-media":"","overlay-type":"","overlay-color":"","overlay-opacity":"","overlay-gradient":""},"tablet":{"background-color":"","background-image":"","background-repeat":"repeat","background-position":"center center","background-size":"auto","background-attachment":"scroll","background-type":"","background-media":"","overlay-type":"","overlay-color":"","overlay-opacity":"","overlay-gradient":""},"mobile":{"background-color":"","background-image":"","background-repeat":"repeat","background-position":"center center","background-size":"auto","background-attachment":"scroll","background-type":"","background-media":"","overlay-type":"","overlay-color":"","overlay-opacity":"","overlay-gradient":""}},"ast-content-background-meta":{"desktop":{"background-color":"var(--ast-global-color-5)","background-image":"","background-repeat":"repeat","background-position":"center center","background-size":"auto","background-attachment":"scroll","background-type":"","background-media":"","overlay-type":"","overlay-color":"","overlay-opacity":"","overlay-gradient":""},"tablet":{"background-color":"var(--ast-global-color-5)","background-image":"","background-repeat":"repeat","background-position":"center center","background-size":"auto","background-attachment":"scroll","background-type":"","background-media":"","overlay-type":"","overlay-color":"","overlay-opacity":"","overlay-gradient":""},"mobile":{"background-color":"var(--ast-global-color-5)","background-image":"","background-repeat":"repeat","background-position":"center center","background-size":"auto","background-attachment":"scroll","background-type":"","background-media":"","overlay-type":"","overlay-color":"","overlay-opacity":"","overlay-gradient":""}},"footnotes":""},"class_list":["post-1974","page","type-page","status-publish","hentry"],"_links":{"self":[{"href":"https:\/\/clinicasandalf.com\/de\/wp-json\/wp\/v2\/pages\/1974","targetHints":{"allow":["GET"]}}],"collection":[{"href":"https:\/\/clinicasandalf.com\/de\/wp-json\/wp\/v2\/pages"}],"about":[{"href":"https:\/\/clinicasandalf.com\/de\/wp-json\/wp\/v2\/types\/page"}],"author":[{"embeddable":true,"href":"https:\/\/clinicasandalf.com\/de\/wp-json\/wp\/v2\/users\/2"}],"replies":[{"embeddable":true,"href":"https:\/\/clinicasandalf.com\/de\/wp-json\/wp\/v2\/comments?post=1974"}],"version-history":[{"count":45,"href":"https:\/\/clinicasandalf.com\/de\/wp-json\/wp\/v2\/pages\/1974\/revisions"}],"predecessor-version":[{"id":3891,"href":"https:\/\/clinicasandalf.com\/de\/wp-json\/wp\/v2\/pages\/1974\/revisions\/3891"}],"up":[{"embeddable":true,"href":"https:\/\/clinicasandalf.com\/de\/wp-json\/wp\/v2\/pages\/1173"}],"wp:attachment":[{"href":"https:\/\/clinicasandalf.com\/de\/wp-json\/wp\/v2\/media?parent=1974"}],"curies":[{"name":"wp","href":"https:\/\/api.w.org\/{rel}","templated":true}]}}