{"id":3374,"date":"2024-03-24T10:25:18","date_gmt":"2024-03-24T09:25:18","guid":{"rendered":"https:\/\/clinicasandalf.com\/team-clinica-sandalf\/oona-nikkanen-physiotherapeutin\/"},"modified":"2024-04-03T16:24:20","modified_gmt":"2024-04-03T15:24:20","slug":"oona-nikkanen-physiotherapie-benalmadena-marbella","status":"publish","type":"page","link":"https:\/\/clinicasandalf.com\/de\/team-clinica-sandalf\/oona-nikkanen-physiotherapie-benalmadena-marbella\/","title":{"rendered":"Oona Nikkanen &#8211; Physiotherapeutin"},"content":{"rendered":"\t\t<div data-elementor-type=\"wp-post\" data-elementor-id=\"3374\" class=\"elementor elementor-3374 elementor-2022\" data-elementor-post-type=\"page\">\n\t\t\t\t\t\t<section class=\"elementor-section elementor-top-section elementor-element elementor-element-5fc172f5 elementor-section-content-middle elementor-section-boxed elementor-section-height-default elementor-section-height-default\" data-id=\"5fc172f5\" data-element_type=\"section\" data-e-type=\"section\" data-settings=\"{&quot;background_background&quot;:&quot;classic&quot;}\">\n\t\t\t\t\t\t\t<div class=\"elementor-background-overlay\"><\/div>\n\t\t\t\t\t\t\t<div class=\"elementor-container elementor-column-gap-no\">\n\t\t\t\t\t<div class=\"elementor-column elementor-col-100 elementor-top-column elementor-element elementor-element-38361c69\" data-id=\"38361c69\" data-element_type=\"column\" data-e-type=\"column\">\n\t\t\t<div class=\"elementor-widget-wrap elementor-element-populated\">\n\t\t\t\t\t\t<div class=\"elementor-element elementor-element-60646c54 elementor-widget elementor-widget-heading\" data-id=\"60646c54\" data-element_type=\"widget\" data-e-type=\"widget\" data-widget_type=\"heading.default\">\n\t\t\t\t<div class=\"elementor-widget-container\">\n\t\t\t\t\t<h1 class=\"elementor-heading-title elementor-size-default\">Oona Nikkanen<\/h1>\t\t\t\t<\/div>\n\t\t\t\t<\/div>\n\t\t\t\t<div class=\"elementor-element elementor-element-bb36ef2 elementor-widget elementor-widget-heading\" data-id=\"bb36ef2\" data-element_type=\"widget\" data-e-type=\"widget\" data-widget_type=\"heading.default\">\n\t\t\t\t<div class=\"elementor-widget-container\">\n\t\t\t\t\t<h2 class=\"elementor-heading-title elementor-size-default\">Physiotherapeutin<\/h2>\t\t\t\t<\/div>\n\t\t\t\t<\/div>\n\t\t\t\t<div class=\"elementor-element elementor-element-1a76284 elementor-widget-divider--view-line elementor-widget elementor-widget-divider\" data-id=\"1a76284\" data-element_type=\"widget\" data-e-type=\"widget\" data-widget_type=\"divider.default\">\n\t\t\t\t<div class=\"elementor-widget-container\">\n\t\t\t\t\t\t\t<div class=\"elementor-divider\">\n\t\t\t<span class=\"elementor-divider-separator\">\n\t\t\t\t\t\t<\/span>\n\t\t<\/div>\n\t\t\t\t\t\t<\/div>\n\t\t\t\t<\/div>\n\t\t\t\t\t<\/div>\n\t\t<\/div>\n\t\t\t\t\t<\/div>\n\t\t<\/section>\n\t\t\t\t<section class=\"elementor-section elementor-top-section elementor-element elementor-element-c756176 elementor-section-content-top elementor-section-boxed elementor-section-height-default elementor-section-height-default\" data-id=\"c756176\" data-element_type=\"section\" data-e-type=\"section\">\n\t\t\t\t\t\t<div class=\"elementor-container elementor-column-gap-wide\">\n\t\t\t\t\t<div class=\"elementor-column elementor-col-33 elementor-top-column elementor-element elementor-element-e746561\" data-id=\"e746561\" data-element_type=\"column\" data-e-type=\"column\">\n\t\t\t<div class=\"elementor-widget-wrap elementor-element-populated\">\n\t\t\t\t\t\t<div class=\"elementor-element elementor-element-326a9cc elementor-widget elementor-widget-image\" data-id=\"326a9cc\" data-element_type=\"widget\" data-e-type=\"widget\" data-widget_type=\"image.default\">\n\t\t\t\t<div class=\"elementor-widget-container\">\n\t\t\t\t\t\t\t\t\t\t\t\t\t\t\t<img fetchpriority=\"high\" decoding=\"async\" width=\"683\" height=\"1024\" src=\"https:\/\/clinicasandalf.com\/wp-content\/uploads\/2023\/11\/oona-683x1024.jpeg\" class=\"attachment-large size-large wp-image-2745\" alt=\"Oona Nikkanen\" srcset=\"https:\/\/clinicasandalf.com\/wp-content\/uploads\/2023\/11\/oona-683x1024.jpeg 683w, https:\/\/clinicasandalf.com\/wp-content\/uploads\/2023\/11\/oona-200x300.jpeg 200w, https:\/\/clinicasandalf.com\/wp-content\/uploads\/2023\/11\/oona-768x1151.jpeg 768w, https:\/\/clinicasandalf.com\/wp-content\/uploads\/2023\/11\/oona.jpeg 1024w\" sizes=\"(max-width: 683px) 100vw, 683px\" \/>\t\t\t\t\t\t\t\t\t\t\t\t\t\t\t<\/div>\n\t\t\t\t<\/div>\n\t\t\t\t\t<\/div>\n\t\t<\/div>\n\t\t\t\t<div class=\"elementor-column elementor-col-66 elementor-top-column elementor-element elementor-element-900fef1\" data-id=\"900fef1\" data-element_type=\"column\" data-e-type=\"column\">\n\t\t\t<div class=\"elementor-widget-wrap elementor-element-populated\">\n\t\t\t\t\t\t<div class=\"elementor-element elementor-element-f1d2437 elementor-widget elementor-widget-text-editor\" data-id=\"f1d2437\" data-element_type=\"widget\" data-e-type=\"widget\" data-widget_type=\"text-editor.default\">\n\t\t\t\t<div class=\"elementor-widget-container\">\n\t\t\t\t\t\t\t\t\t<div class=\"elementor-text-editor elementor-clearfix\"><p><a href=\"https:\/\/www.fysioona.com\/\" target=\"_blank\" rel=\"noopener\">Oona Nikkanen<\/a>\u00a0wurde an der\u00a0<a href=\"http:\/\/www.karelia.fi\/\" target=\"_blank\" rel=\"noopener\">Karelia Universit\u00e4t<\/a>\u00a0f\u00fcr angewendete Wissenschaft in Joensuu, Finland, zur\u00a0<a href=\"https:\/\/clinicasandalf.com\/de\/spezialbehandlungen\/physio-reha-benalmadena-malaga\/\">Physiotherapeutin<\/a>\u00a0ausgebildet. Zuvor machte sie auch ihren Abschluss zur Zahnhygiene- Spezialistin an der <a href=\"https:\/\/www.savonia.fi\/\" target=\"_blank\" rel=\"noopener\">Savonia Universit\u00e4t in Kuopio<\/a>, Finland.<\/p><p>Neben ihrer T\u00e4tigkeit als Physiotherapeutin in \u00f6ffentlichen und privaten medizinischen Einrichtungen, in denen sie insbesondere muskul\u00e4re und neurologische Erkrankungen behandelte, hat sie auch umfangreiche Erfahrung in der Erfassung und Modifizierung von arbeitsergonomischen Problemen.<\/p><p>Zus\u00e4tzlich arbeit sie als pers\u00f6nliche Fitnesstrainerin und wendet dabei von ihr entwickelte individuelle \u00dcbungsprogramme an.<\/p><p>Seit sie dem\u00a0<a href=\"https:\/\/clinicasandalf.com\/de\/team-clinica-sandalf\/\">Team Clinica SANDALF<\/a> beigetreten ist, hat sie insbesondere post- operative Rehabilitation nach <a href=\"https:\/\/clinicasandalf.com\/de\/gelenkprothesen-benalmadena\/\">Knie- und H\u00fcft- Prothesen<\/a>\u00a0durchgef\u00fchrt, angefangen mit t\u00e4glichen Krankenhausbesuchen w\u00e4hrend des station\u00e4ren Aufenthaltes der Patienten, und als ambulante Therapie in den\u00a0<a href=\"https:\/\/clinicasandalf.com\/de\/\">Einrichtungen der Clinica SANDALF<\/a>\u00a0weitergef\u00fchrt nach Krankenhausentlassung.<\/p><\/div><p>Neben der post- operativen Rehabilitation ist Oona besonders in post- traumatischen und der angewendeten Sports- Physiotherapie ausgebildet.<\/p><p>Zur Vereinbarung eines Termins mit Oona Nikkanen, die auch englisch und spanisch spricht, dr\u00fccken Sie bitte\u00a0<a href=\"https:\/\/calendar.google.com\/calendar\/u\/0\/appointments\/AcZssZ3xiXLLVN_xrKHLyBz6_i4TpT7H2UmTbB1F9wI=\" target=\"_blank\" rel=\"noopener\">hier<\/a>.<\/p>\t\t\t\t\t\t\t\t<\/div>\n\t\t\t\t<\/div>\n\t\t\t\t\t<\/div>\n\t\t<\/div>\n\t\t\t\t\t<\/div>\n\t\t<\/section>\n\t\t\t\t<section class=\"elementor-section elementor-top-section elementor-element elementor-element-8aa62c7 elementor-section-content-middle elementor-section-full_width elementor-section-height-default elementor-section-height-default\" data-id=\"8aa62c7\" data-element_type=\"section\" data-e-type=\"section\" data-settings=\"{&quot;background_background&quot;:&quot;classic&quot;}\">\n\t\t\t\t\t\t\t<div class=\"elementor-background-overlay\"><\/div>\n\t\t\t\t\t\t\t<div class=\"elementor-container elementor-column-gap-no\">\n\t\t\t\t\t<div class=\"elementor-column elementor-col-100 elementor-top-column elementor-element elementor-element-7748f1da\" data-id=\"7748f1da\" data-element_type=\"column\" data-e-type=\"column\">\n\t\t\t<div class=\"elementor-widget-wrap elementor-element-populated\">\n\t\t\t\t\t\t<div class=\"elementor-element elementor-element-1248eaac elementor-widget elementor-widget-heading\" data-id=\"1248eaac\" data-element_type=\"widget\" data-e-type=\"widget\" data-widget_type=\"heading.default\">\n\t\t\t\t<div class=\"elementor-widget-container\">\n\t\t\t\t\t<h2 class=\"elementor-heading-title elementor-size-default\">Kontaktieren Sie uns<\/h2>\t\t\t\t<\/div>\n\t\t\t\t<\/div>\n\t\t\t\t<div class=\"elementor-element elementor-element-2edcce40 elementor-widget-divider--view-line elementor-widget elementor-widget-divider\" data-id=\"2edcce40\" data-element_type=\"widget\" data-e-type=\"widget\" data-widget_type=\"divider.default\">\n\t\t\t\t<div class=\"elementor-widget-container\">\n\t\t\t\t\t\t\t<div class=\"elementor-divider\">\n\t\t\t<span class=\"elementor-divider-separator\">\n\t\t\t\t\t\t<\/span>\n\t\t<\/div>\n\t\t\t\t\t\t<\/div>\n\t\t\t\t<\/div>\n\t\t\t\t<div class=\"elementor-element elementor-element-62902f80 elementor-widget elementor-widget-text-editor\" data-id=\"62902f80\" data-element_type=\"widget\" data-e-type=\"widget\" data-widget_type=\"text-editor.default\">\n\t\t\t\t<div class=\"elementor-widget-container\">\n\t\t\t\t\t\t\t\t\t<div class=\"elementor-element elementor-element-3d69a0af elementor-widget elementor-widget-text-editor\" data-id=\"3d69a0af\" data-element_type=\"widget\" data-widget_type=\"text-editor.default\">\n<div class=\"elementor-widget-container\">\n<p style=\"text-align: center;\">Bitte z\u00f6gern Sie nicht, sich mit uns in Verbindung zu setzen, falls Sie weitere Fragen haben oder einen Termin vereinbaren m\u00f6chten.<\/p>\n<\/div>\n<\/div>\n<div class=\"elementor-element elementor-element-10cd5b60 elementor-button-info elementor-align-center elementor-widget elementor-widget-button\" data-id=\"10cd5b60\" data-element_type=\"widget\" data-widget_type=\"button.default\">\n<div class=\"elementor-widget-container\">\n<div class=\"elementor-button-wrapper\"><\/div>\n<\/div>\n<\/div>\n\t\t\t\t\t\t\t\t<\/div>\n\t\t\t\t<\/div>\n\t\t\t\t<div class=\"elementor-element elementor-element-1a676025 elementor-button-info elementor-align-center elementor-widget elementor-widget-button\" data-id=\"1a676025\" data-element_type=\"widget\" data-e-type=\"widget\" data-widget_type=\"button.default\">\n\t\t\t\t<div class=\"elementor-widget-container\">\n\t\t\t\t\t\t\t\t\t<div class=\"elementor-button-wrapper\">\n\t\t\t\t\t<a class=\"elementor-button elementor-button-link elementor-size-md\" href=\"https:\/\/clinicasandalf.com\/de\/kontakt-mit-clinica-sandalf\/\">\n\t\t\t\t\t\t<span class=\"elementor-button-content-wrapper\">\n\t\t\t\t\t\t\t\t\t<span class=\"elementor-button-text\">Hier finden Sie unsere Kontaktdaten<\/span>\n\t\t\t\t\t<\/span>\n\t\t\t\t\t<\/a>\n\t\t\t\t<\/div>\n\t\t\t\t\t\t\t\t<\/div>\n\t\t\t\t<\/div>\n\t\t\t\t\t<\/div>\n\t\t<\/div>\n\t\t\t\t\t<\/div>\n\t\t<\/section>\n\t\t\t\t<\/div>\n\t\t","protected":false},"excerpt":{"rendered":"<p>Oona Nikkanen Physiotherapeutin Oona Nikkanen\u00a0wurde an der\u00a0Karelia Universit\u00e4t\u00a0f\u00fcr angewendete Wissenschaft in Joensuu, Finland, zur\u00a0Physiotherapeutin\u00a0ausgebildet. Zuvor machte sie auch ihren Abschluss zur Zahnhygiene- Spezialistin an der Savonia Universit\u00e4t in Kuopio, Finland. Neben ihrer T\u00e4tigkeit als Physiotherapeutin in \u00f6ffentlichen und privaten medizinischen Einrichtungen, in denen sie insbesondere muskul\u00e4re und neurologische Erkrankungen behandelte, hat sie auch umfangreiche Erfahrung [&hellip;]<\/p>\n","protected":false},"author":2,"featured_media":0,"parent":1177,"menu_order":0,"comment_status":"closed","ping_status":"closed","template":"","meta":{"site-sidebar-layout":"no-sidebar","site-content-layout":"page-builder","ast-site-content-layout":"full-width-container","site-content-style":"unboxed","site-sidebar-style":"unboxed","ast-global-header-display":"","ast-banner-title-visibility":"","ast-main-header-display":"","ast-hfb-above-header-display":"","ast-hfb-below-header-display":"","ast-hfb-mobile-header-display":"","site-post-title":"disabled","ast-breadcrumbs-content":"","ast-featured-img":"disabled","footer-sml-layout":"","ast-disable-related-posts":"","theme-transparent-header-meta":"default","adv-header-id-meta":"","stick-header-meta":"default","header-above-stick-meta":"","header-main-stick-meta":"","header-below-stick-meta":"","astra-migrate-meta-layouts":"set","ast-page-background-enabled":"default","ast-page-background-meta":{"desktop":{"background-color":"","background-image":"","background-repeat":"repeat","background-position":"center center","background-size":"auto","background-attachment":"scroll","background-type":"","background-media":"","overlay-type":"","overlay-color":"","overlay-opacity":"","overlay-gradient":""},"tablet":{"background-color":"","background-image":"","background-repeat":"repeat","background-position":"center center","background-size":"auto","background-attachment":"scroll","background-type":"","background-media":"","overlay-type":"","overlay-color":"","overlay-opacity":"","overlay-gradient":""},"mobile":{"background-color":"","background-image":"","background-repeat":"repeat","background-position":"center center","background-size":"auto","background-attachment":"scroll","background-type":"","background-media":"","overlay-type":"","overlay-color":"","overlay-opacity":"","overlay-gradient":""}},"ast-content-background-meta":{"desktop":{"background-color":"var(--ast-global-color-5)","background-image":"","background-repeat":"repeat","background-position":"center center","background-size":"auto","background-attachment":"scroll","background-type":"","background-media":"","overlay-type":"","overlay-color":"","overlay-opacity":"","overlay-gradient":""},"tablet":{"background-color":"var(--ast-global-color-5)","background-image":"","background-repeat":"repeat","background-position":"center center","background-size":"auto","background-attachment":"scroll","background-type":"","background-media":"","overlay-type":"","overlay-color":"","overlay-opacity":"","overlay-gradient":""},"mobile":{"background-color":"var(--ast-global-color-5)","background-image":"","background-repeat":"repeat","background-position":"center center","background-size":"auto","background-attachment":"scroll","background-type":"","background-media":"","overlay-type":"","overlay-color":"","overlay-opacity":"","overlay-gradient":""}},"footnotes":""},"class_list":["post-3374","page","type-page","status-publish","hentry"],"_links":{"self":[{"href":"https:\/\/clinicasandalf.com\/de\/wp-json\/wp\/v2\/pages\/3374","targetHints":{"allow":["GET"]}}],"collection":[{"href":"https:\/\/clinicasandalf.com\/de\/wp-json\/wp\/v2\/pages"}],"about":[{"href":"https:\/\/clinicasandalf.com\/de\/wp-json\/wp\/v2\/types\/page"}],"author":[{"embeddable":true,"href":"https:\/\/clinicasandalf.com\/de\/wp-json\/wp\/v2\/users\/2"}],"replies":[{"embeddable":true,"href":"https:\/\/clinicasandalf.com\/de\/wp-json\/wp\/v2\/comments?post=3374"}],"version-history":[{"count":5,"href":"https:\/\/clinicasandalf.com\/de\/wp-json\/wp\/v2\/pages\/3374\/revisions"}],"predecessor-version":[{"id":3822,"href":"https:\/\/clinicasandalf.com\/de\/wp-json\/wp\/v2\/pages\/3374\/revisions\/3822"}],"up":[{"embeddable":true,"href":"https:\/\/clinicasandalf.com\/de\/wp-json\/wp\/v2\/pages\/1177"}],"wp:attachment":[{"href":"https:\/\/clinicasandalf.com\/de\/wp-json\/wp\/v2\/media?parent=3374"}],"curies":[{"name":"wp","href":"https:\/\/api.w.org\/{rel}","templated":true}]}}