{"id":4184,"date":"2019-12-01T15:23:06","date_gmt":"2019-12-01T13:23:06","guid":{"rendered":"https:\/\/clinicasandalf.com\/fusschirurgie-benalmadena-malaga\/"},"modified":"2019-12-01T15:23:06","modified_gmt":"2019-12-01T13:23:06","slug":"fusschirurgie-benalmadena-malaga","status":"publish","type":"page","link":"https:\/\/clinicasandalf.com\/es\/fusschirurgie-benalmadena-malaga\/","title":{"rendered":"Fu\u00dfchirurgie"},"content":{"rendered":"\t\t<div data-elementor-type=\"wp-post\" data-elementor-id=\"4184\" class=\"elementor elementor-4184 elementor-1495\" data-elementor-post-type=\"page\">\n\t\t\t\t\t\t<section class=\"elementor-section elementor-top-section elementor-element elementor-element-5fc172f5 elementor-section-content-middle elementor-section-boxed elementor-section-height-default elementor-section-height-default\" data-id=\"5fc172f5\" data-element_type=\"section\" data-e-type=\"section\" data-settings=\"{&quot;background_background&quot;:&quot;classic&quot;}\">\n\t\t\t\t\t\t\t<div class=\"elementor-background-overlay\"><\/div>\n\t\t\t\t\t\t\t<div class=\"elementor-container elementor-column-gap-no\">\n\t\t\t\t\t<div class=\"elementor-column elementor-col-100 elementor-top-column elementor-element elementor-element-38361c69\" data-id=\"38361c69\" data-element_type=\"column\" data-e-type=\"column\">\n\t\t\t<div class=\"elementor-widget-wrap elementor-element-populated\">\n\t\t\t\t\t\t<div class=\"elementor-element elementor-element-60646c54 elementor-widget elementor-widget-heading\" data-id=\"60646c54\" data-element_type=\"widget\" data-e-type=\"widget\" data-widget_type=\"heading.default\">\n\t\t\t\t<div class=\"elementor-widget-container\">\n\t\t\t\t\t<h1 class=\"elementor-heading-title elementor-size-default\">Fu\u00dfchirurgie<\/h1>\t\t\t\t<\/div>\n\t\t\t\t<\/div>\n\t\t\t\t<div class=\"elementor-element elementor-element-1a76284 elementor-widget-divider--view-line elementor-widget elementor-widget-divider\" data-id=\"1a76284\" data-element_type=\"widget\" data-e-type=\"widget\" data-widget_type=\"divider.default\">\n\t\t\t\t<div class=\"elementor-widget-container\">\n\t\t\t\t\t\t\t<div class=\"elementor-divider\">\n\t\t\t<span class=\"elementor-divider-separator\">\n\t\t\t\t\t\t<\/span>\n\t\t<\/div>\n\t\t\t\t\t\t<\/div>\n\t\t\t\t<\/div>\n\t\t\t\t\t<\/div>\n\t\t<\/div>\n\t\t\t\t\t<\/div>\n\t\t<\/section>\n\t\t\t\t<section class=\"elementor-section elementor-top-section elementor-element elementor-element-c756176 elementor-section-content-top elementor-section-boxed elementor-section-height-default elementor-section-height-default\" data-id=\"c756176\" data-element_type=\"section\" data-e-type=\"section\">\n\t\t\t\t\t\t<div class=\"elementor-container elementor-column-gap-wide\">\n\t\t\t\t\t<div class=\"elementor-column elementor-col-33 elementor-top-column elementor-element elementor-element-e746561\" data-id=\"e746561\" data-element_type=\"column\" data-e-type=\"column\">\n\t\t\t<div class=\"elementor-widget-wrap elementor-element-populated\">\n\t\t\t\t\t\t<div class=\"elementor-element elementor-element-326a9cc elementor-widget elementor-widget-image\" data-id=\"326a9cc\" data-element_type=\"widget\" data-e-type=\"widget\" data-widget_type=\"image.default\">\n\t\t\t\t<div class=\"elementor-widget-container\">\n\t\t\t\t\t\t\t\t\t\t\t\t\t\t\t<img fetchpriority=\"high\" decoding=\"async\" width=\"839\" height=\"614\" src=\"https:\/\/clinicasandalf.com\/wp-content\/uploads\/2019\/10\/Hallux-Valgus-SCARF.jpg\" class=\"attachment-large size-large wp-image-4185\" alt=\"Hallux valgus Vor und nach Op\" srcset=\"https:\/\/clinicasandalf.com\/wp-content\/uploads\/2019\/10\/Hallux-Valgus-SCARF.jpg 839w, https:\/\/clinicasandalf.com\/wp-content\/uploads\/2019\/10\/Hallux-Valgus-SCARF-300x220.jpg 300w, https:\/\/clinicasandalf.com\/wp-content\/uploads\/2019\/10\/Hallux-Valgus-SCARF-768x562.jpg 768w\" sizes=\"(max-width: 839px) 100vw, 839px\" \/>\t\t\t\t\t\t\t\t\t\t\t\t\t\t\t<\/div>\n\t\t\t\t<\/div>\n\t\t\t\t\t<\/div>\n\t\t<\/div>\n\t\t\t\t<div class=\"elementor-column elementor-col-66 elementor-top-column elementor-element elementor-element-900fef1\" data-id=\"900fef1\" data-element_type=\"column\" data-e-type=\"column\">\n\t\t\t<div class=\"elementor-widget-wrap elementor-element-populated\">\n\t\t\t\t\t\t<div class=\"elementor-element elementor-element-f1d2437 elementor-widget elementor-widget-text-editor\" data-id=\"f1d2437\" data-element_type=\"widget\" data-e-type=\"widget\" data-widget_type=\"text-editor.default\">\n\t\t\t\t<div class=\"elementor-widget-container\">\n\t\t\t\t\t\t\t\t\t<p><strong>Fu\u00dfchirurgie in Benalmadena<\/strong><\/p><p>Kleinere Fu\u00dfprobleme, wie z.B. der \u00b4Hammerzeh\u00b4 k\u00f6nnen von <a href=\"https:\/\/clinicasandalf.com\/de\/team-clinica-sandalf\/orthopaede-dr-alf-neuhaus-benalmadena\/\">Orthop\u00e4de Dr. Alf Neuhaus<\/a> direkt in der Praxis Clinica SANDALF behandelt werden. Diese Eingriffe werden unter lokaler Bet\u00e4ubung operiert. Es ist kein Krankenhausaufenthalt notwendig, Sie brauchen am Tag der Op nicht \u00b4n\u00fcchtern\u00b4 bleiben, und Sie k\u00f6nnen direkt nach der Op nach Hause zur\u00fcckkehren. Zwar werden Sie wohl f\u00fcr ein oder zewei Tage etwas humpeln, d\u00fcrfen aber sofort so normal wie m\u00f6glcih auftreten. Nach 12 &#8211; 14 Tagen werden die F\u00e4den gezogen und Sie d\u00fcrfen mit leichten sprotlichen \u00dcbungen, wie z.N. schwimmen, anfangen. Nach 3 bis 4 Wochen sollten Sie wieder alle sportlichen Aktivit\u00e4ten durchf\u00fchren k\u00f6nnen, inlkusive Laufsportarten.<\/p><p>Selbst das sogenannte \u00dcberbein (\u00b4bunion\u00b4) kann von Dr. Alf Neuhaus unter lokaler Bet\u00e4ubung entfernt werden. Er nutzt dabei nicht nur die R\u00e4umlichkeiten der Clinica SANDALF, sondern auch die dort zur Verf\u00fcgung stehenden speziellen Instrumente. Wie oben erw\u00e4hnt ist bei derartigen Operationen kein Krankenhausaufenthalt notwendig, und Sie k\u00f6nnen direkt nach dem Eingriff nach Hause. Nromale Gewichtsbelastung ist sofort m\u00f6glich. Nach etwa zwei Wochen werden die F\u00e4den gezogen, was Ihnen erlaubt normal zu duschen, und nach drei wochen k\u00f6nnen Sie wieder mit sportiicher Bet\u00e4tigung anfangen, inklusive Laufsportarten.<\/p><p><span style=\"font-size: 16px;\">Beim \u00b4Hallux Valgus\u00b4 kommt es zu einer Fehlstellung der gro\u00dfen Zehe, die in Richtung der Nachbarzehe kippt, zum Teil sogar so weit, da\u00df sie diese \u00fcberlappt. Orthop\u00e4de Dr. Alf Neuhaus kann diese Fehlstellung korrigieren, was jedoch einen Krankenhausaufenthalt von 1 bis 2 Tage n\u00f6tig macht. Da er bei diesem Eingriff eine kn\u00f6cherne Umstellung durchf\u00fchrt wird der Fu\u00df nach der Op f\u00fcr 6 Wochen mit einem Spezialschuh gesch\u00fctzt. Die ersten 3 Wochen d\u00fcrfen Sie nur\u00a0 unter Teilbelastung gehen. W\u00e4hrend Ihres Klinikaufenthaltes wird Dr. Alf Neuhaus jeden Tag Visite machen und sich um Sie k\u00fcmmern. Nach Entlassung werden alle weiteren notwendigen Untersuchungen, Verbandwechsel, R\u00f6ntgenkontrollen und <a href=\"https:\/\/clinicasandalf.com\/de\/spezialbehandlungen\/physiotherapy-rehabilitation-malaga\/\">physiotherapeutisches Gehtraining<\/a> in den R\u00e4umlichkeiten der Clinica SANDALF durchgef\u00fchrt Nachdem nach 6 Wochen der Spezialschuh entfernt wird k\u00f6nnen Sie mit leichtem Training wieder anfangen, und nach 6 bis 12 Wochen sollten Sie wieder an allen sportlichen Bet\u00e4tigung teilnehmen k\u00f6nnen. Die beiden kleinen Schrauben, die zur Umstellung des Knochens von Dr. Alf Neuhaus bei dieser Op verwendet werden, st\u00f6ren nicht und k\u00f6nnen im Knochen verbleiben.<\/span><\/p><p><span style=\"font-size: 16px;\">Andere Fu\u00dferkrankungen, die Dr. Alf Neuhaus regelm\u00e4\u00dfig behandelt, sind die Arthrose des Mittelfu\u00dfes (Op: Arthrodese) und des Sprunggelenkes (Op: Arthrodese, <a href=\"https:\/\/clinicasandalf.com\/de\/spezialbehandlungen\/gelenkprothese-malaga-marbella\/\">Gelenkprothese<\/a>).<\/span><\/p><p><span style=\"font-size: 16px;\">Sollten Sie noch Fragen haben zur Fu\u00dfchirurgie in Benalmadena, oder auch zu anderen orthop\u00e4dischen Erkrankungen, dann setzen <a href=\"https:\/\/clinicasandalf.com\/de\/kontakt-mit-clinica-sandalf\/\">Sie sich bitte mit uns in Verbindung<\/a>.<\/span><\/p><p><strong>Privatklinik<\/strong><\/p><p><span style=\"font-size: 16px;\"> Das freundliche und hilfsbereite Personal spricht zum Teil Deutsch, und Orthop\u00e4de Dr. Alf Neuhaus und seine deutschsprachige Physiotherapeutin k\u00fcmmern sich mit t\u00e4glichen Visiten um Sie. Dazu geh\u00f6ren Verbandwechsel, Kontrolle der Medikamententherapie, Bewegungstherapie, Veranlassung von notwendigen Bluttests und andere Untersuchungen. Weitere Behandlungen wie Gehtraining, Verbandwechsel und F\u00e4denzug werden nach Entlassung in den R\u00e4umlichkeiten der Clinica SANDALF durchgef\u00fchrt.<\/span><\/p><p>\u00a0<\/p>\t\t\t\t\t\t\t\t<\/div>\n\t\t\t\t<\/div>\n\t\t\t\t\t<\/div>\n\t\t<\/div>\n\t\t\t\t\t<\/div>\n\t\t<\/section>\n\t\t\t\t<section class=\"elementor-section elementor-top-section elementor-element elementor-element-600fed8b elementor-section-content-middle elementor-section-full_width elementor-section-height-default elementor-section-height-default\" data-id=\"600fed8b\" data-element_type=\"section\" data-e-type=\"section\" data-settings=\"{&quot;background_background&quot;:&quot;classic&quot;}\">\n\t\t\t\t\t\t\t<div class=\"elementor-background-overlay\"><\/div>\n\t\t\t\t\t\t\t<div class=\"elementor-container elementor-column-gap-no\">\n\t\t\t\t\t<div class=\"elementor-column elementor-col-100 elementor-top-column elementor-element elementor-element-12e6e7fc\" data-id=\"12e6e7fc\" data-element_type=\"column\" data-e-type=\"column\">\n\t\t\t<div class=\"elementor-widget-wrap elementor-element-populated\">\n\t\t\t\t\t\t<div class=\"elementor-element elementor-element-3182d8e9 elementor-widget elementor-widget-heading\" data-id=\"3182d8e9\" data-element_type=\"widget\" data-e-type=\"widget\" data-widget_type=\"heading.default\">\n\t\t\t\t<div class=\"elementor-widget-container\">\n\t\t\t\t\t<h2 class=\"elementor-heading-title elementor-size-default\">Contact Us<\/h2>\t\t\t\t<\/div>\n\t\t\t\t<\/div>\n\t\t\t\t<div class=\"elementor-element elementor-element-3d4fd38c elementor-widget-divider--view-line elementor-widget elementor-widget-divider\" data-id=\"3d4fd38c\" data-element_type=\"widget\" data-e-type=\"widget\" data-widget_type=\"divider.default\">\n\t\t\t\t<div class=\"elementor-widget-container\">\n\t\t\t\t\t\t\t<div class=\"elementor-divider\">\n\t\t\t<span class=\"elementor-divider-separator\">\n\t\t\t\t\t\t<\/span>\n\t\t<\/div>\n\t\t\t\t\t\t<\/div>\n\t\t\t\t<\/div>\n\t\t\t\t<div class=\"elementor-element elementor-element-c3626c elementor-widget elementor-widget-text-editor\" data-id=\"c3626c\" data-element_type=\"widget\" data-e-type=\"widget\" data-widget_type=\"text-editor.default\">\n\t\t\t\t<div class=\"elementor-widget-container\">\n\t\t\t\t\t\t\t\t\t<p style=\"text-align: center;\">Please don&#8217;t hesitate to get in touch with us should you have any further questions or to make an appointment.<\/p>\t\t\t\t\t\t\t\t<\/div>\n\t\t\t\t<\/div>\n\t\t\t\t<div class=\"elementor-element elementor-element-768df3fb elementor-button-info elementor-align-center elementor-widget elementor-widget-button\" data-id=\"768df3fb\" data-element_type=\"widget\" data-e-type=\"widget\" data-widget_type=\"button.default\">\n\t\t\t\t<div class=\"elementor-widget-container\">\n\t\t\t\t\t\t\t\t\t<div class=\"elementor-button-wrapper\">\n\t\t\t\t\t<a class=\"elementor-button elementor-button-link elementor-size-md\" href=\"https:\/\/clinicasandalf.com\/contact\/\">\n\t\t\t\t\t\t<span class=\"elementor-button-content-wrapper\">\n\t\t\t\t\t\t\t\t\t<span class=\"elementor-button-text\">Find here our contact information<\/span>\n\t\t\t\t\t<\/span>\n\t\t\t\t\t<\/a>\n\t\t\t\t<\/div>\n\t\t\t\t\t\t\t\t<\/div>\n\t\t\t\t<\/div>\n\t\t\t\t\t<\/div>\n\t\t<\/div>\n\t\t\t\t\t<\/div>\n\t\t<\/section>\n\t\t\t\t<\/div>\n\t\t","protected":false},"excerpt":{"rendered":"<p>Fu\u00dfchirurgie Fu\u00dfchirurgie in Benalmadena Kleinere Fu\u00dfprobleme, wie z.B. der \u00b4Hammerzeh\u00b4 k\u00f6nnen von Orthop\u00e4de Dr. Alf Neuhaus direkt in der Praxis Clinica SANDALF behandelt werden. Diese Eingriffe werden unter lokaler Bet\u00e4ubung operiert. Es ist kein Krankenhausaufenthalt notwendig, Sie brauchen am Tag der Op nicht \u00b4n\u00fcchtern\u00b4 bleiben, und Sie k\u00f6nnen direkt nach der Op nach Hause zur\u00fcckkehren. [&hellip;]<\/p>\n","protected":false},"author":2,"featured_media":0,"parent":0,"menu_order":0,"comment_status":"closed","ping_status":"closed","template":"","meta":{"site-sidebar-layout":"no-sidebar","site-content-layout":"page-builder","ast-site-content-layout":"default","site-content-style":"default","site-sidebar-style":"default","ast-global-header-display":"","ast-banner-title-visibility":"","ast-main-header-display":"","ast-hfb-above-header-display":"","ast-hfb-below-header-display":"","ast-hfb-mobile-header-display":"","site-post-title":"disabled","ast-breadcrumbs-content":"","ast-featured-img":"disabled","footer-sml-layout":"","ast-disable-related-posts":"","theme-transparent-header-meta":"default","adv-header-id-meta":"","stick-header-meta":"default","header-above-stick-meta":"","header-main-stick-meta":"","header-below-stick-meta":"","astra-migrate-meta-layouts":"default","ast-page-background-enabled":"default","ast-page-background-meta":{"desktop":{"background-color":"","background-image":"","background-repeat":"repeat","background-position":"center center","background-size":"auto","background-attachment":"scroll","background-type":"","background-media":"","overlay-type":"","overlay-color":"","overlay-opacity":"","overlay-gradient":""},"tablet":{"background-color":"","background-image":"","background-repeat":"repeat","background-position":"center center","background-size":"auto","background-attachment":"scroll","background-type":"","background-media":"","overlay-type":"","overlay-color":"","overlay-opacity":"","overlay-gradient":""},"mobile":{"background-color":"","background-image":"","background-repeat":"repeat","background-position":"center center","background-size":"auto","background-attachment":"scroll","background-type":"","background-media":"","overlay-type":"","overlay-color":"","overlay-opacity":"","overlay-gradient":""}},"ast-content-background-meta":{"desktop":{"background-color":"var(--ast-global-color-5)","background-image":"","background-repeat":"repeat","background-position":"center center","background-size":"auto","background-attachment":"scroll","background-type":"","background-media":"","overlay-type":"","overlay-color":"","overlay-opacity":"","overlay-gradient":""},"tablet":{"background-color":"var(--ast-global-color-5)","background-image":"","background-repeat":"repeat","background-position":"center center","background-size":"auto","background-attachment":"scroll","background-type":"","background-media":"","overlay-type":"","overlay-color":"","overlay-opacity":"","overlay-gradient":""},"mobile":{"background-color":"var(--ast-global-color-5)","background-image":"","background-repeat":"repeat","background-position":"center center","background-size":"auto","background-attachment":"scroll","background-type":"","background-media":"","overlay-type":"","overlay-color":"","overlay-opacity":"","overlay-gradient":""}},"footnotes":""},"class_list":["post-4184","page","type-page","status-publish","hentry"],"_links":{"self":[{"href":"https:\/\/clinicasandalf.com\/es\/wp-json\/wp\/v2\/pages\/4184","targetHints":{"allow":["GET"]}}],"collection":[{"href":"https:\/\/clinicasandalf.com\/es\/wp-json\/wp\/v2\/pages"}],"about":[{"href":"https:\/\/clinicasandalf.com\/es\/wp-json\/wp\/v2\/types\/page"}],"author":[{"embeddable":true,"href":"https:\/\/clinicasandalf.com\/es\/wp-json\/wp\/v2\/users\/2"}],"replies":[{"embeddable":true,"href":"https:\/\/clinicasandalf.com\/es\/wp-json\/wp\/v2\/comments?post=4184"}],"version-history":[{"count":0,"href":"https:\/\/clinicasandalf.com\/es\/wp-json\/wp\/v2\/pages\/4184\/revisions"}],"wp:attachment":[{"href":"https:\/\/clinicasandalf.com\/es\/wp-json\/wp\/v2\/media?parent=4184"}],"curies":[{"name":"wp","href":"https:\/\/api.w.org\/{rel}","templated":true}]}}