{"id":4193,"date":"2019-11-01T18:15:03","date_gmt":"2019-11-01T16:15:03","guid":{"rendered":"https:\/\/clinicasandalf.com\/kolorektal-proktologie-benalmadena-malaga\/"},"modified":"2019-11-01T18:15:03","modified_gmt":"2019-11-01T16:15:03","slug":"kolorektal-proktologie-benalmadena-malaga","status":"publish","type":"page","link":"https:\/\/clinicasandalf.com\/es\/kolorektal-proktologie-benalmadena-malaga\/","title":{"rendered":"Kolorektalchirurgie &#8211; Proktologie"},"content":{"rendered":"\t\t<div data-elementor-type=\"wp-post\" data-elementor-id=\"4193\" class=\"elementor elementor-4193 elementor-1576\" data-elementor-post-type=\"page\">\n\t\t\t\t\t\t<section class=\"elementor-section elementor-top-section elementor-element elementor-element-5fc172f5 elementor-section-content-middle elementor-section-boxed elementor-section-height-default elementor-section-height-default\" data-id=\"5fc172f5\" data-element_type=\"section\" data-e-type=\"section\" data-settings=\"{&quot;background_background&quot;:&quot;classic&quot;}\">\n\t\t\t\t\t\t\t<div class=\"elementor-background-overlay\"><\/div>\n\t\t\t\t\t\t\t<div class=\"elementor-container elementor-column-gap-no\">\n\t\t\t\t\t<div class=\"elementor-column elementor-col-100 elementor-top-column elementor-element elementor-element-38361c69\" data-id=\"38361c69\" data-element_type=\"column\" data-e-type=\"column\">\n\t\t\t<div class=\"elementor-widget-wrap elementor-element-populated\">\n\t\t\t\t\t\t<div class=\"elementor-element elementor-element-60646c54 elementor-widget elementor-widget-heading\" data-id=\"60646c54\" data-element_type=\"widget\" data-e-type=\"widget\" data-widget_type=\"heading.default\">\n\t\t\t\t<div class=\"elementor-widget-container\">\n\t\t\t\t\t<h1 class=\"elementor-heading-title elementor-size-default\">Kolorektale Chirurgie - Proktologie<\/h1>\t\t\t\t<\/div>\n\t\t\t\t<\/div>\n\t\t\t\t<div class=\"elementor-element elementor-element-1a76284 elementor-widget-divider--view-line elementor-widget elementor-widget-divider\" data-id=\"1a76284\" data-element_type=\"widget\" data-e-type=\"widget\" data-widget_type=\"divider.default\">\n\t\t\t\t<div class=\"elementor-widget-container\">\n\t\t\t\t\t\t\t<div class=\"elementor-divider\">\n\t\t\t<span class=\"elementor-divider-separator\">\n\t\t\t\t\t\t<\/span>\n\t\t<\/div>\n\t\t\t\t\t\t<\/div>\n\t\t\t\t<\/div>\n\t\t\t\t\t<\/div>\n\t\t<\/div>\n\t\t\t\t\t<\/div>\n\t\t<\/section>\n\t\t\t\t<section class=\"elementor-section elementor-top-section elementor-element elementor-element-c756176 elementor-section-content-top elementor-section-boxed elementor-section-height-default elementor-section-height-default\" data-id=\"c756176\" data-element_type=\"section\" data-e-type=\"section\">\n\t\t\t\t\t\t<div class=\"elementor-container elementor-column-gap-wide\">\n\t\t\t\t\t<div class=\"elementor-column elementor-col-33 elementor-top-column elementor-element elementor-element-e746561\" data-id=\"e746561\" data-element_type=\"column\" data-e-type=\"column\">\n\t\t\t<div class=\"elementor-widget-wrap elementor-element-populated\">\n\t\t\t\t\t\t<div class=\"elementor-element elementor-element-326a9cc elementor-widget elementor-widget-image\" data-id=\"326a9cc\" data-element_type=\"widget\" data-e-type=\"widget\" data-widget_type=\"image.default\">\n\t\t\t\t<div class=\"elementor-widget-container\">\n\t\t\t\t\t\t\t\t\t\t\t\t\t\t\t<img fetchpriority=\"high\" decoding=\"async\" width=\"819\" height=\"1024\" src=\"https:\/\/clinicasandalf.com\/wp-content\/uploads\/2024\/03\/DSC00737-1-819x1024.jpg\" class=\"attachment-large size-large wp-image-4194\" alt=\"Chirurgische Instrumente\" srcset=\"https:\/\/clinicasandalf.com\/wp-content\/uploads\/2024\/03\/DSC00737-1-819x1024.jpg 819w, https:\/\/clinicasandalf.com\/wp-content\/uploads\/2024\/03\/DSC00737-1-240x300.jpg 240w, https:\/\/clinicasandalf.com\/wp-content\/uploads\/2024\/03\/DSC00737-1-768x960.jpg 768w, https:\/\/clinicasandalf.com\/wp-content\/uploads\/2024\/03\/DSC00737-1.jpg 1024w\" sizes=\"(max-width: 819px) 100vw, 819px\" \/>\t\t\t\t\t\t\t\t\t\t\t\t\t\t\t<\/div>\n\t\t\t\t<\/div>\n\t\t\t\t\t<\/div>\n\t\t<\/div>\n\t\t\t\t<div class=\"elementor-column elementor-col-66 elementor-top-column elementor-element elementor-element-900fef1\" data-id=\"900fef1\" data-element_type=\"column\" data-e-type=\"column\">\n\t\t\t<div class=\"elementor-widget-wrap elementor-element-populated\">\n\t\t\t\t\t\t<div class=\"elementor-element elementor-element-f1d2437 elementor-widget elementor-widget-text-editor\" data-id=\"f1d2437\" data-element_type=\"widget\" data-e-type=\"widget\" data-widget_type=\"text-editor.default\">\n\t\t\t\t<div class=\"elementor-widget-container\">\n\t\t\t\t\t\t\t\t\t<p><strong>Kolorektale Chirurgie &#8211; Proktologie in Benalmadena \/ Arroyo de la Miel<\/strong><\/p><p>Die Kolorektalchirurgie ist ein medizinisches Spezialgebiet f\u00fcr Erkrankungen des Rektums, Anus und Kolons, auch bekannt als Proktologie. Der Begriff Proktologie wird jedoch \u00fcblicherweise nur f\u00fcr Erkrankungen im Bereich des Rektums und Anus verwendet.<\/p><p>Aufgrund der Vielf\u00e4ltigkeit der Erkrankungen im Bereich des Enddarms ist die Kolorektalchirurgie vom urspr\u00fcnglichen Fachbereich der Bauchchirurgie vor etwa 50 Jahren abgespalten worden und wird als eigenst\u00e4ndiger Fachbereich gef\u00fchrt. Um, wie unser Facharzt <a href=\"https:\/\/clinicasandalf.com\/de\/team-clinica-sandalf\/dr-aldo-sol-medina-ruffolo-kolorektal-chirurg-proktologe-benalmadena-malaga\/\">Dr. Aldo Sol Medina Ruffolo<\/a>, ein Kolorektalchirurg bzw. Proktologe zu werden, muss zuerst eine Ausbildung zum Chirurgen erfolgreich abgeschlossen werden, gefolgt von der Weiterbildung mit anschlie\u00dfendem Staatsexamen f\u00fcr Kolorektalchirurgie.<\/p><p>Zahlreiche Erkrankungen k\u00f6nnen den Enddarm &#8211; Kolon, Rektum, Anus &#8211; befallen, wie Divertikulitis und Morbus Crohn, Krebs, entz\u00fcndete Venen genannt H\u00e4morrhoiden, Fisteln und Fissuren, Verstopfungen und f\u00e4kale Inkontinenz, Rektum Prolaps und Geburtsdefekte, um nur einige zu nennen.<\/p><p>Zur Diagnosefindung nutzt der Kolorektal &#8211; Chirurg, oder auch Proktologe, nicht nur die genaue Erhebung der Vorgeschichte und visuelle und digitale Untersuchung,\u00a0 sondern auch die sog. Koloskopie, also das Einf\u00fchren einer Kamera in den Enddarm, und manchmal auch Bluttest und Abstriche.<\/p><p>Viele Behandlungen k\u00f6nnen praktisch sofort begonnen werden, wie Anwendung von speziellen Salben, entz\u00fcndungshemmende Medikamente, spezielle Physiotherapie f\u00fcr die Beckenboden- Muskulatur und anderes. Manchmal k\u00f6nnen kleine chirurgische Eingriffe ambulant unter lokaler Bet\u00e4ubung durchgef\u00fchrt werden, um Fisteln oder H\u00e4morrhoiden zu behandeln. Manchmal sind chirurgische Eingriffe unter Vollnarkose im Krankenhaus notwendig, um Ulkus oder Tumore zu entfernen.<\/p><p>Wie bei jeder anderen m\u00f6glichen Erkrankung gilt auch bei den Erkrankungen des Kolons, Rektums oder Anus die Regel, dass die beste Behandlung die Vorbeugung ist. Daher sollten regelm\u00e4\u00dfig Kontrollen von einem Proktologen durchgef\u00fchrt werden. Bei Zweifeln k\u00f6nnen Sie auch mit Ihrem Hausarzt reden oder mit uns <a href=\"https:\/\/clinicasandalf.com\/de\/kontakt-mit-clinica-sandalf\/\">Kontakt aufnehmen<\/a>, und wir helfen Ihnen, einen Termin mit dem entsprechendem Facharzt zu machen.<\/p>\t\t\t\t\t\t\t\t<\/div>\n\t\t\t\t<\/div>\n\t\t\t\t\t<\/div>\n\t\t<\/div>\n\t\t\t\t\t<\/div>\n\t\t<\/section>\n\t\t\t\t<section class=\"elementor-section elementor-top-section elementor-element elementor-element-600fed8b elementor-section-content-middle elementor-section-full_width elementor-section-height-default elementor-section-height-default\" data-id=\"600fed8b\" data-element_type=\"section\" data-e-type=\"section\" data-settings=\"{&quot;background_background&quot;:&quot;classic&quot;}\">\n\t\t\t\t\t\t\t<div class=\"elementor-background-overlay\"><\/div>\n\t\t\t\t\t\t\t<div class=\"elementor-container elementor-column-gap-no\">\n\t\t\t\t\t<div class=\"elementor-column elementor-col-100 elementor-top-column elementor-element elementor-element-12e6e7fc\" data-id=\"12e6e7fc\" data-element_type=\"column\" data-e-type=\"column\">\n\t\t\t<div class=\"elementor-widget-wrap elementor-element-populated\">\n\t\t\t\t\t\t<div class=\"elementor-element elementor-element-3182d8e9 elementor-widget elementor-widget-heading\" data-id=\"3182d8e9\" data-element_type=\"widget\" data-e-type=\"widget\" data-widget_type=\"heading.default\">\n\t\t\t\t<div class=\"elementor-widget-container\">\n\t\t\t\t\t<h2 class=\"elementor-heading-title elementor-size-default\">Contact Us<\/h2>\t\t\t\t<\/div>\n\t\t\t\t<\/div>\n\t\t\t\t<div class=\"elementor-element elementor-element-3d4fd38c elementor-widget-divider--view-line elementor-widget elementor-widget-divider\" data-id=\"3d4fd38c\" data-element_type=\"widget\" data-e-type=\"widget\" data-widget_type=\"divider.default\">\n\t\t\t\t<div class=\"elementor-widget-container\">\n\t\t\t\t\t\t\t<div class=\"elementor-divider\">\n\t\t\t<span class=\"elementor-divider-separator\">\n\t\t\t\t\t\t<\/span>\n\t\t<\/div>\n\t\t\t\t\t\t<\/div>\n\t\t\t\t<\/div>\n\t\t\t\t<div class=\"elementor-element elementor-element-c3626c elementor-widget elementor-widget-text-editor\" data-id=\"c3626c\" data-element_type=\"widget\" data-e-type=\"widget\" data-widget_type=\"text-editor.default\">\n\t\t\t\t<div class=\"elementor-widget-container\">\n\t\t\t\t\t\t\t\t\t<p style=\"text-align: center;\">Please don&#8217;t hesitate to get in touch with us should you have any further questions or to make an appointment.<\/p>\t\t\t\t\t\t\t\t<\/div>\n\t\t\t\t<\/div>\n\t\t\t\t<div class=\"elementor-element elementor-element-768df3fb elementor-button-info elementor-align-center elementor-widget elementor-widget-button\" data-id=\"768df3fb\" data-element_type=\"widget\" data-e-type=\"widget\" data-widget_type=\"button.default\">\n\t\t\t\t<div class=\"elementor-widget-container\">\n\t\t\t\t\t\t\t\t\t<div class=\"elementor-button-wrapper\">\n\t\t\t\t\t<a class=\"elementor-button elementor-button-link elementor-size-md\" href=\"https:\/\/clinicasandalf.com\/contact\/\">\n\t\t\t\t\t\t<span class=\"elementor-button-content-wrapper\">\n\t\t\t\t\t\t\t\t\t<span class=\"elementor-button-text\">Find here our contact information<\/span>\n\t\t\t\t\t<\/span>\n\t\t\t\t\t<\/a>\n\t\t\t\t<\/div>\n\t\t\t\t\t\t\t\t<\/div>\n\t\t\t\t<\/div>\n\t\t\t\t\t<\/div>\n\t\t<\/div>\n\t\t\t\t\t<\/div>\n\t\t<\/section>\n\t\t\t\t<\/div>\n\t\t","protected":false},"excerpt":{"rendered":"<p>Kolorektale Chirurgie &#8211; Proktologie Kolorektale Chirurgie &#8211; Proktologie in Benalmadena \/ Arroyo de la Miel Die Kolorektalchirurgie ist ein medizinisches Spezialgebiet f\u00fcr Erkrankungen des Rektums, Anus und Kolons, auch bekannt als Proktologie. Der Begriff Proktologie wird jedoch \u00fcblicherweise nur f\u00fcr Erkrankungen im Bereich des Rektums und Anus verwendet. Aufgrund der Vielf\u00e4ltigkeit der Erkrankungen im Bereich [&hellip;]<\/p>\n","protected":false},"author":2,"featured_media":0,"parent":0,"menu_order":0,"comment_status":"closed","ping_status":"closed","template":"","meta":{"site-sidebar-layout":"no-sidebar","site-content-layout":"page-builder","ast-site-content-layout":"default","site-content-style":"default","site-sidebar-style":"default","ast-global-header-display":"","ast-banner-title-visibility":"","ast-main-header-display":"","ast-hfb-above-header-display":"","ast-hfb-below-header-display":"","ast-hfb-mobile-header-display":"","site-post-title":"disabled","ast-breadcrumbs-content":"","ast-featured-img":"disabled","footer-sml-layout":"","ast-disable-related-posts":"","theme-transparent-header-meta":"default","adv-header-id-meta":"","stick-header-meta":"default","header-above-stick-meta":"","header-main-stick-meta":"","header-below-stick-meta":"","astra-migrate-meta-layouts":"set","ast-page-background-enabled":"default","ast-page-background-meta":{"desktop":{"background-color":"","background-image":"","background-repeat":"repeat","background-position":"center center","background-size":"auto","background-attachment":"scroll","background-type":"","background-media":"","overlay-type":"","overlay-color":"","overlay-opacity":"","overlay-gradient":""},"tablet":{"background-color":"","background-image":"","background-repeat":"repeat","background-position":"center center","background-size":"auto","background-attachment":"scroll","background-type":"","background-media":"","overlay-type":"","overlay-color":"","overlay-opacity":"","overlay-gradient":""},"mobile":{"background-color":"","background-image":"","background-repeat":"repeat","background-position":"center center","background-size":"auto","background-attachment":"scroll","background-type":"","background-media":"","overlay-type":"","overlay-color":"","overlay-opacity":"","overlay-gradient":""}},"ast-content-background-meta":{"desktop":{"background-color":"var(--ast-global-color-5)","background-image":"","background-repeat":"repeat","background-position":"center center","background-size":"auto","background-attachment":"scroll","background-type":"","background-media":"","overlay-type":"","overlay-color":"","overlay-opacity":"","overlay-gradient":""},"tablet":{"background-color":"var(--ast-global-color-5)","background-image":"","background-repeat":"repeat","background-position":"center center","background-size":"auto","background-attachment":"scroll","background-type":"","background-media":"","overlay-type":"","overlay-color":"","overlay-opacity":"","overlay-gradient":""},"mobile":{"background-color":"var(--ast-global-color-5)","background-image":"","background-repeat":"repeat","background-position":"center center","background-size":"auto","background-attachment":"scroll","background-type":"","background-media":"","overlay-type":"","overlay-color":"","overlay-opacity":"","overlay-gradient":""}},"footnotes":""},"class_list":["post-4193","page","type-page","status-publish","hentry"],"_links":{"self":[{"href":"https:\/\/clinicasandalf.com\/es\/wp-json\/wp\/v2\/pages\/4193","targetHints":{"allow":["GET"]}}],"collection":[{"href":"https:\/\/clinicasandalf.com\/es\/wp-json\/wp\/v2\/pages"}],"about":[{"href":"https:\/\/clinicasandalf.com\/es\/wp-json\/wp\/v2\/types\/page"}],"author":[{"embeddable":true,"href":"https:\/\/clinicasandalf.com\/es\/wp-json\/wp\/v2\/users\/2"}],"replies":[{"embeddable":true,"href":"https:\/\/clinicasandalf.com\/es\/wp-json\/wp\/v2\/comments?post=4193"}],"version-history":[{"count":0,"href":"https:\/\/clinicasandalf.com\/es\/wp-json\/wp\/v2\/pages\/4193\/revisions"}],"wp:attachment":[{"href":"https:\/\/clinicasandalf.com\/es\/wp-json\/wp\/v2\/media?parent=4193"}],"curies":[{"name":"wp","href":"https:\/\/api.w.org\/{rel}","templated":true}]}}