{"id":4224,"date":"2024-03-24T10:33:10","date_gmt":"2024-03-24T09:33:10","guid":{"rendered":"https:\/\/clinicasandalf.com\/spezielle-operative-eingriffe\/"},"modified":"2026-03-05T12:24:23","modified_gmt":"2026-03-05T11:24:23","slug":"spezielle-operative-eingriffe","status":"publish","type":"page","link":"https:\/\/clinicasandalf.com\/es\/spezielle-operative-eingriffe\/","title":{"rendered":"Spezielle Operative Eingriffe"},"content":{"rendered":"\t\t<div data-elementor-type=\"wp-post\" data-elementor-id=\"4224\" class=\"elementor elementor-4224 elementor-769\" data-elementor-post-type=\"page\">\n\t\t\t\t\t\t<section class=\"elementor-section elementor-top-section elementor-element elementor-element-5fc172f5 elementor-section-content-middle elementor-section-boxed elementor-section-height-default elementor-section-height-default\" data-id=\"5fc172f5\" data-element_type=\"section\" data-e-type=\"section\" data-settings=\"{&quot;background_background&quot;:&quot;classic&quot;}\">\n\t\t\t\t\t\t\t<div class=\"elementor-background-overlay\"><\/div>\n\t\t\t\t\t\t\t<div class=\"elementor-container elementor-column-gap-no\">\n\t\t\t\t\t<div class=\"elementor-column elementor-col-100 elementor-top-column elementor-element elementor-element-38361c69\" data-id=\"38361c69\" data-element_type=\"column\" data-e-type=\"column\">\n\t\t\t<div class=\"elementor-widget-wrap elementor-element-populated\">\n\t\t\t\t\t\t<div class=\"elementor-element elementor-element-60646c54 elementor-widget elementor-widget-heading\" data-id=\"60646c54\" data-element_type=\"widget\" data-e-type=\"widget\" data-widget_type=\"heading.default\">\n\t\t\t\t<div class=\"elementor-widget-container\">\n\t\t\t\t\t<h1 class=\"elementor-heading-title elementor-size-default\">Spezielle Operative Eingriffe<\/h1>\t\t\t\t<\/div>\n\t\t\t\t<\/div>\n\t\t\t\t<div class=\"elementor-element elementor-element-1a76284 elementor-widget-divider--view-line elementor-widget elementor-widget-divider\" data-id=\"1a76284\" data-element_type=\"widget\" data-e-type=\"widget\" data-widget_type=\"divider.default\">\n\t\t\t\t<div class=\"elementor-widget-container\">\n\t\t\t\t\t\t\t<div class=\"elementor-divider\">\n\t\t\t<span class=\"elementor-divider-separator\">\n\t\t\t\t\t\t<\/span>\n\t\t<\/div>\n\t\t\t\t\t\t<\/div>\n\t\t\t\t<\/div>\n\t\t\t\t\t<\/div>\n\t\t<\/div>\n\t\t\t\t\t<\/div>\n\t\t<\/section>\n\t\t\t\t<section class=\"elementor-section elementor-top-section elementor-element elementor-element-c756176 elementor-section-content-top elementor-section-boxed elementor-section-height-default elementor-section-height-default\" data-id=\"c756176\" data-element_type=\"section\" data-e-type=\"section\">\n\t\t\t\t\t\t<div class=\"elementor-container elementor-column-gap-wide\">\n\t\t\t\t\t<div class=\"elementor-column elementor-col-33 elementor-top-column elementor-element elementor-element-e746561\" data-id=\"e746561\" data-element_type=\"column\" data-e-type=\"column\">\n\t\t\t<div class=\"elementor-widget-wrap elementor-element-populated\">\n\t\t\t\t\t\t<div class=\"elementor-element elementor-element-326a9cc elementor-widget elementor-widget-image\" data-id=\"326a9cc\" data-element_type=\"widget\" data-e-type=\"widget\" data-widget_type=\"image.default\">\n\t\t\t\t<div class=\"elementor-widget-container\">\n\t\t\t\t\t\t\t\t\t\t\t\t\t\t\t<img fetchpriority=\"high\" decoding=\"async\" width=\"640\" height=\"480\" src=\"https:\/\/clinicasandalf.com\/wp-content\/uploads\/2019\/08\/trauma-surgery.jpg\" class=\"attachment-large size-large wp-image-4218\" alt=\"Picture of a surgical procedure\" srcset=\"https:\/\/clinicasandalf.com\/wp-content\/uploads\/2019\/08\/trauma-surgery.jpg 640w, https:\/\/clinicasandalf.com\/wp-content\/uploads\/2019\/08\/trauma-surgery-300x225.jpg 300w\" sizes=\"(max-width: 640px) 100vw, 640px\" \/>\t\t\t\t\t\t\t\t\t\t\t\t\t\t\t<\/div>\n\t\t\t\t<\/div>\n\t\t\t\t<div class=\"elementor-element elementor-element-3ecdc7d elementor-widget elementor-widget-image\" data-id=\"3ecdc7d\" data-element_type=\"widget\" data-e-type=\"widget\" data-widget_type=\"image.default\">\n\t\t\t\t<div class=\"elementor-widget-container\">\n\t\t\t\t\t\t\t\t\t\t\t\t\t\t\t<img decoding=\"async\" width=\"1024\" height=\"768\" src=\"https:\/\/clinicasandalf.com\/wp-content\/uploads\/2019\/11\/xr-TKR-3m-po-1-1024x768.jpg\" class=\"attachment-large size-large wp-image-1525\" alt=\"Picture of X-ray total knee replacement\" srcset=\"https:\/\/clinicasandalf.com\/wp-content\/uploads\/2019\/11\/xr-TKR-3m-po-1-1024x768.jpg 1024w, https:\/\/clinicasandalf.com\/wp-content\/uploads\/2019\/11\/xr-TKR-3m-po-1-300x225.jpg 300w, https:\/\/clinicasandalf.com\/wp-content\/uploads\/2019\/11\/xr-TKR-3m-po-1-768x576.jpg 768w, https:\/\/clinicasandalf.com\/wp-content\/uploads\/2019\/11\/xr-TKR-3m-po-1.jpg 1280w\" sizes=\"(max-width: 1024px) 100vw, 1024px\" \/>\t\t\t\t\t\t\t\t\t\t\t\t\t\t\t<\/div>\n\t\t\t\t<\/div>\n\t\t\t\t\t<\/div>\n\t\t<\/div>\n\t\t\t\t<div class=\"elementor-column elementor-col-66 elementor-top-column elementor-element elementor-element-900fef1\" data-id=\"900fef1\" data-element_type=\"column\" data-e-type=\"column\">\n\t\t\t<div class=\"elementor-widget-wrap elementor-element-populated\">\n\t\t\t\t\t\t<div class=\"elementor-element elementor-element-f1d2437 elementor-widget elementor-widget-text-editor\" data-id=\"f1d2437\" data-element_type=\"widget\" data-e-type=\"widget\" data-widget_type=\"text-editor.default\">\n\t\t\t\t<div class=\"elementor-widget-container\">\n\t\t\t\t\t\t\t\t\t<div id=\"content-row\">\n<div id=\"content\" class=\"col-auto\">\n<article class=\"page content-item\">\n<div id=\"content\" class=\"col-auto\">\n<article class=\"page content-item\">Das fach-medizinisch sehr erfahrene Team der Clinica SANDALF ist auf h\u00f6chstem Niveau ausgebildet. Sowohl ambulante Eingriffe, durchgef\u00fchrt in den besonderen R\u00e4umlichkeiten der Praxis\u00a0<a href=\"https:\/\/clinicasandalf.com\/de\/\">Clinica SANDALF<\/a>\u00a0unter lokaler Bet\u00e4ubung, als auch komplexe und komplizierte Eingriffe, durchgef\u00fchrt in einer nahe gelegenen Privatklinik, werden routinem\u00e4\u00dfig durchgef\u00fchrt. Zu diesen Operationen geh\u00f6ren unter anderem Gelenkprothesen, sowie handchirurgische, fu\u00dfchirurgische und unfallchirurgische Eingriffe. Sie stehen dabei st\u00e4ndig unter der Aufsicht und Betreuung von Orthop\u00e4de Dr. Alf Neuhaus und seinem Team.<\/p>\n<p><strong>Gelenkprothesen<\/strong><\/p>\n<\/article>\n<article class=\"page content-item\">Das erste Gelenk, da\u00df chirurgisch ersetzt wurde, war das H\u00fcftgelenk 1891. Die Grundlage f\u00fcr die heutzutage eingesetzten H\u00fcftprothesen wurde in den 60igern von dem Briten Sir John Charnley mit seiner Prothese gelegt.<\/p>\n<p>Das H\u00fcft- und das Kniegelenk sind die am h\u00e4ufigsten ausgewechselten Gelenke, gefolgt von Schulter und Sprunggelenk. Der Chirurg kann dabei unter verschiedenen Typen von Prothesen pro Gelenk, und je nach Bedarf f\u00fcr den Patienten w\u00e4hlen.<\/p>\n<p>Orthop\u00e4de Dr. Alf Neuhaus hat seit vielen Jahren Erfahrung mit Gelenkersatz f\u00fcr H\u00fcfte, Knie, Schulter und Sprunggelenk. Er ist auch einer der wenigen Chirurgen in Andalusien, der seit vielen Jahren die sog. H\u00fcftkappe (hip resurfacing) einsetzt.<\/p>\n<p>Die Operationen werden von Dr. Alf Neuhaus in einem nahe gelegenem privaten Krankenhaus durchgef\u00fchrt. Der Krankenhausaufenthalt betr\u00e4gt 2-3 Tage. W\u00e4hrend dieser Zeit werden Sie von ihm und seinem Physiotherapeuten t\u00e4glich betreut.<\/p>\n<p>Bitte klicken Sie hier, wenn Sie mehr Informationen \u00fcber Gelenkprothesen ben\u00f6tigen.<\/p>\n<\/article>\n<p><strong>Arthroskopie \u2013 Gelenkspiegelung<\/strong><\/p>\n<article class=\"page content-item\">Der Name \u00b4Arthroskopie\u00b4ist aus dem griechischem abgeleitet, von \u00b4arthros\u00b4f\u00fcr Gelenk, und \u00b4skopi\u00b4f\u00fcr sehen. Es werden zwei oder drei kleine Hautschnitte von je etwa 15mm durchgef\u00fchrt. Durch diese Schnitte kann der Chirurg die Kamera und spezielle Instrumente in das Gelenk einf\u00fchren. Diese erlauben dem Chirurgen das Gelenk zu inspizieren, reinigen, sowie besch\u00e4digte Strukturen zu entfernen oder zu reparieren.<\/p>\n<p>F\u00fcr erfahrene Chirurgen wie Orthop\u00e4de Dr. Alf Neuhaus ist die Arthroskopie ein Routine-eingriff. Dieser Eingriff wird normalerweise als Tages- Operation durchgef\u00fchrt. Daher ist kein Aufenthalt \u00fcber Nacht notwendig.<\/p>\n<p>Z\u00f6gern Sie nicht hier zu klicken, wenn sie mehr \u00fcber Arthroskopie wissen m\u00f6chten.<\/p>\n<p><strong>Handchirurgie<\/strong><\/p>\n<\/article>\n<article class=\"page content-item\">Orthop\u00e4de Dr. Alf Neuhaus ist auch mehrere Jahre in der Handchirurgie ausgebildet worden.<\/p>\n<p>Im Gegensatz zu den \u00b4gro\u00dfen\u00b4Eingriffen wie Gelenkprothesen, handelt es sich bei der Handchirurgie um kleine, filigrane Strukturen, was eine genau Kenntnis der anatomischen Gegebenheiten verlangt.<\/p>\n<p>Kleinere Eingriffe wie Karpal-Tunnel- Dekompression oder \u00b4springender Finger\u00b4werden von Dr Alf Neuhaus in den R\u00e4umlichkeiten seiner Praxis Clinica SANDALF unter lokaler Bet\u00e4ubung durchgef\u00fchrt. Kompliziertere Eingriffe wie die Op bei Dupuytren- Erkrankung werden in einem nahe gelegenem privaten Krankenhaus durchgef\u00fchrt.<\/p>\n<p>Bitte klicken Sie hier f\u00fcr mehr Information \u00fcber Handchirurgie.<\/p>\n<p><strong>Fu\u00dfchirurgie<\/strong><\/p>\n<\/article>\n<article class=\"page content-item\">So wie die Hand ist auch der Fu\u00df ein kleines, aber komplexes Organ. Orthop\u00e4de Dr. Alf Neuhaus kann auf jahrelange Erfahrung in der Fu\u00dfchirurgie zur\u00fcckgreifen. Kleinere Eingriffe wie die Korrektur der Hammerzehe oder Entfernung des \u00b4\u00dcberbeines\u00b4werden von ihm unter lokaler Bet\u00e4ubung in den R\u00e4umlichkeiten der Clinica SANDALF durchgef\u00fchrt. Gr\u00f6\u00dfere Eingriffe wie die Korrektur des Hallux Valgus oder die Sprunggelenk- Prothese erfordern einen station\u00e4ren Aufenthalt f\u00fcr ein oder zwei Tage. Orthop\u00e4de Dr. Alf Neuhaus und sein Physiotherapeut w\u00fcrden Sie w\u00e4hrend dieser Zeit t\u00e4glich betreuen.<\/p>\n<p>Wenn Sie mehr \u00fcber Fu\u00dfchirurgie wissen m\u00f6chten, dann klicken Sie bitte hier.<\/p>\n<p><strong>Wirbels\u00e4ulenchirurgie<\/strong><\/p>\n<p>Gl\u00fccklicherweise erfordern R\u00fcckenprobleme sehr selten einen chirurgischen Eingriff. Sollte es aber doch notwendig sein, kann Orthop\u00e4de Dr. Alf Neuhaus helfen. Er f\u00fchrt seit Jahren chirurgische Eingriffe an der Wirbels\u00e4ule durch. Die f\u00fcr die Eingriffe notwendigen speziellen Instrumente stehen ihm in dem von ihm genutzten privaten Krankenhaus jederzeit zur Verf\u00fcgung.<\/p>\n<p>Der Krankenhausaufenthalt dauert \u00fcblicherweise zwei Tage, und alle erforderlichen Nachuntersuchungen und physiotherapeutischen Behandlungen werden in den R\u00e4umlichkeiten der Clinica SANDALF durchgef\u00fchrt.<\/p>\n<p>Nehmen Sie Kontakt mir uns auf, wenn Sie mehr \u00fcber Wirbels\u00e4ulen- Operationen wissen m\u00f6chten<\/p>\n<p><strong>Privatklinik<\/strong><\/p>\n<\/article>\n<\/div>\n<div id=\"content-trailer\" class=\"col\">\n<article class=\"widget-content-trailer widget-html-widget widget\">Die private Klinik, die von Orthop\u00e4de Dr. Alf Neuhaus f\u00fcr operative Eingriffe genutzt wird, ist etwa 10 Minuten Autofahrt von seiner Praxis Clinica SANDALF entfernt. Die moderne Klinik verf\u00fcgt \u00fcber alle notwendigen Einrichtungen und Ger\u00e4tschaften. Sie hat vier vollst\u00e4ndig ausgestattete Operationsr\u00e4ume, eine Intensivstation und 24h- Dienst f\u00fcr medizinisches Personal. Alle Zimmer sind mit TV (auch deutsche Kan\u00e4le), W-Lan und eigener Toilette\/ Dusche ausgestattet.<\/p>\n<p>Das freundliche und hilfsbereite Personal spricht zum Teil Deutsch, und Dr. Alf Neuhaus und sein Physiotherapeut k\u00fcmmern sich mit t\u00e4glichen Visiten um Sie. Dazu geh\u00f6ren Verbandwechsel, Kontrolle der Medikamententherapie, Bewegungstherapie, Veranlassung von notwendigen Bluttesten und anderen Untersuchungen. Weitere Behandlungen wie Gehtraining, Verbandwechsel und F\u00e4denzug werden nach Entlassung in den R\u00e4umlichkeiten der Clinica SANDALF durchgef\u00fchrt.<\/p>\n<\/article>\n<\/div>\n<\/article>\n<\/div>\n<\/div>\n\t\t\t\t\t\t\t\t<\/div>\n\t\t\t\t<\/div>\n\t\t\t\t\t<\/div>\n\t\t<\/div>\n\t\t\t\t\t<\/div>\n\t\t<\/section>\n\t\t\t\t<section class=\"elementor-section elementor-top-section elementor-element elementor-element-9167373 elementor-section-content-middle elementor-section-full_width elementor-section-height-default elementor-section-height-default\" data-id=\"9167373\" data-element_type=\"section\" data-e-type=\"section\" data-settings=\"{&quot;background_background&quot;:&quot;classic&quot;}\">\n\t\t\t\t\t\t\t<div class=\"elementor-background-overlay\"><\/div>\n\t\t\t\t\t\t\t<div class=\"elementor-container elementor-column-gap-no\">\n\t\t\t\t\t<div class=\"elementor-column elementor-col-100 elementor-top-column elementor-element elementor-element-a7a5652\" data-id=\"a7a5652\" data-element_type=\"column\" data-e-type=\"column\">\n\t\t\t<div class=\"elementor-widget-wrap elementor-element-populated\">\n\t\t\t\t\t\t<div class=\"elementor-element elementor-element-12042a73 elementor-widget elementor-widget-heading\" data-id=\"12042a73\" data-element_type=\"widget\" data-e-type=\"widget\" data-widget_type=\"heading.default\">\n\t\t\t\t<div class=\"elementor-widget-container\">\n\t\t\t\t\t<h2 class=\"elementor-heading-title elementor-size-default\">Kontaktieren Sie uns<\/h2>\t\t\t\t<\/div>\n\t\t\t\t<\/div>\n\t\t\t\t<div class=\"elementor-element elementor-element-38fcf87e elementor-widget-divider--view-line elementor-widget elementor-widget-divider\" data-id=\"38fcf87e\" data-element_type=\"widget\" data-e-type=\"widget\" data-widget_type=\"divider.default\">\n\t\t\t\t<div class=\"elementor-widget-container\">\n\t\t\t\t\t\t\t<div class=\"elementor-divider\">\n\t\t\t<span class=\"elementor-divider-separator\">\n\t\t\t\t\t\t<\/span>\n\t\t<\/div>\n\t\t\t\t\t\t<\/div>\n\t\t\t\t<\/div>\n\t\t\t\t<div class=\"elementor-element elementor-element-3e5a201c elementor-widget elementor-widget-text-editor\" data-id=\"3e5a201c\" data-element_type=\"widget\" data-e-type=\"widget\" data-widget_type=\"text-editor.default\">\n\t\t\t\t<div class=\"elementor-widget-container\">\n\t\t\t\t\t\t\t\t\t<div class=\"elementor-element elementor-element-367fd068 elementor-widget elementor-widget-text-editor\" data-id=\"367fd068\" data-element_type=\"widget\" data-widget_type=\"text-editor.default\">\n<div class=\"elementor-widget-container\">\n<p style=\"text-align: center;\">Bitte z\u00f6gern Sie nicht, sich mit uns in Verbindung zu setzen, falls Sie weitere Fragen haben oder einen Termin vereinbaren m\u00f6chten.<\/p>\n<\/div>\n<\/div>\n<div class=\"elementor-element elementor-element-6d589f95 elementor-button-info elementor-align-center elementor-widget elementor-widget-button\" data-id=\"6d589f95\" data-element_type=\"widget\" data-widget_type=\"button.default\">\n<div class=\"elementor-widget-container\">\n<div class=\"elementor-button-wrapper\" style=\"text-align: center;\"><\/div>\n<\/div>\n<\/div>\n\t\t\t\t\t\t\t\t<\/div>\n\t\t\t\t<\/div>\n\t\t\t\t<div class=\"elementor-element elementor-element-76fbd8e5 elementor-button-info elementor-align-center elementor-widget elementor-widget-button\" data-id=\"76fbd8e5\" data-element_type=\"widget\" data-e-type=\"widget\" data-widget_type=\"button.default\">\n\t\t\t\t<div class=\"elementor-widget-container\">\n\t\t\t\t\t\t\t\t\t<div class=\"elementor-button-wrapper\">\n\t\t\t\t\t<a class=\"elementor-button elementor-button-link elementor-size-md\" href=\"https:\/\/clinicasandalf.com\/de\/kontakt-mit-clinica-sandalf\/\">\n\t\t\t\t\t\t<span class=\"elementor-button-content-wrapper\">\n\t\t\t\t\t\t\t\t\t<span class=\"elementor-button-text\">Hier finden Sie unsere Kontaktdaten<\/span>\n\t\t\t\t\t<\/span>\n\t\t\t\t\t<\/a>\n\t\t\t\t<\/div>\n\t\t\t\t\t\t\t\t<\/div>\n\t\t\t\t<\/div>\n\t\t\t\t\t<\/div>\n\t\t<\/div>\n\t\t\t\t\t<\/div>\n\t\t<\/section>\n\t\t\t\t<\/div>\n\t\t","protected":false},"excerpt":{"rendered":"<p>Spezielle Operative Eingriffe Das fach-medizinisch sehr erfahrene Team der Clinica SANDALF ist auf h\u00f6chstem Niveau ausgebildet. Sowohl ambulante Eingriffe, durchgef\u00fchrt in den besonderen R\u00e4umlichkeiten der Praxis\u00a0Clinica SANDALF\u00a0unter lokaler Bet\u00e4ubung, als auch komplexe und komplizierte Eingriffe, durchgef\u00fchrt in einer nahe gelegenen Privatklinik, werden routinem\u00e4\u00dfig durchgef\u00fchrt. Zu diesen Operationen geh\u00f6ren unter anderem Gelenkprothesen, sowie handchirurgische, fu\u00dfchirurgische und [&hellip;]<\/p>\n","protected":false},"author":1,"featured_media":0,"parent":0,"menu_order":0,"comment_status":"closed","ping_status":"closed","template":"","meta":{"site-sidebar-layout":"no-sidebar","site-content-layout":"page-builder","ast-site-content-layout":"default","site-content-style":"default","site-sidebar-style":"default","ast-global-header-display":"","ast-banner-title-visibility":"","ast-main-header-display":"","ast-hfb-above-header-display":"","ast-hfb-below-header-display":"","ast-hfb-mobile-header-display":"","site-post-title":"disabled","ast-breadcrumbs-content":"","ast-featured-img":"disabled","footer-sml-layout":"","ast-disable-related-posts":"","theme-transparent-header-meta":"default","adv-header-id-meta":"","stick-header-meta":"default","header-above-stick-meta":"","header-main-stick-meta":"","header-below-stick-meta":"","astra-migrate-meta-layouts":"default","ast-page-background-enabled":"default","ast-page-background-meta":{"desktop":{"background-color":"","background-image":"","background-repeat":"repeat","background-position":"center center","background-size":"auto","background-attachment":"scroll","background-type":"","background-media":"","overlay-type":"","overlay-color":"","overlay-opacity":"","overlay-gradient":""},"tablet":{"background-color":"","background-image":"","background-repeat":"repeat","background-position":"center center","background-size":"auto","background-attachment":"scroll","background-type":"","background-media":"","overlay-type":"","overlay-color":"","overlay-opacity":"","overlay-gradient":""},"mobile":{"background-color":"","background-image":"","background-repeat":"repeat","background-position":"center center","background-size":"auto","background-attachment":"scroll","background-type":"","background-media":"","overlay-type":"","overlay-color":"","overlay-opacity":"","overlay-gradient":""}},"ast-content-background-meta":{"desktop":{"background-color":"var(--ast-global-color-5)","background-image":"","background-repeat":"repeat","background-position":"center center","background-size":"auto","background-attachment":"scroll","background-type":"","background-media":"","overlay-type":"","overlay-color":"","overlay-opacity":"","overlay-gradient":""},"tablet":{"background-color":"var(--ast-global-color-5)","background-image":"","background-repeat":"repeat","background-position":"center center","background-size":"auto","background-attachment":"scroll","background-type":"","background-media":"","overlay-type":"","overlay-color":"","overlay-opacity":"","overlay-gradient":""},"mobile":{"background-color":"var(--ast-global-color-5)","background-image":"","background-repeat":"repeat","background-position":"center center","background-size":"auto","background-attachment":"scroll","background-type":"","background-media":"","overlay-type":"","overlay-color":"","overlay-opacity":"","overlay-gradient":""}},"footnotes":""},"class_list":["post-4224","page","type-page","status-publish","hentry"],"_links":{"self":[{"href":"https:\/\/clinicasandalf.com\/es\/wp-json\/wp\/v2\/pages\/4224","targetHints":{"allow":["GET"]}}],"collection":[{"href":"https:\/\/clinicasandalf.com\/es\/wp-json\/wp\/v2\/pages"}],"about":[{"href":"https:\/\/clinicasandalf.com\/es\/wp-json\/wp\/v2\/types\/page"}],"author":[{"embeddable":true,"href":"https:\/\/clinicasandalf.com\/es\/wp-json\/wp\/v2\/users\/1"}],"replies":[{"embeddable":true,"href":"https:\/\/clinicasandalf.com\/es\/wp-json\/wp\/v2\/comments?post=4224"}],"version-history":[{"count":1,"href":"https:\/\/clinicasandalf.com\/es\/wp-json\/wp\/v2\/pages\/4224\/revisions"}],"predecessor-version":[{"id":4225,"href":"https:\/\/clinicasandalf.com\/es\/wp-json\/wp\/v2\/pages\/4224\/revisions\/4225"}],"wp:attachment":[{"href":"https:\/\/clinicasandalf.com\/es\/wp-json\/wp\/v2\/media?parent=4224"}],"curies":[{"name":"wp","href":"https:\/\/api.w.org\/{rel}","templated":true}]}}