{"id":4235,"date":"2024-08-11T16:53:08","date_gmt":"2024-08-11T15:53:08","guid":{"rendered":"https:\/\/clinicasandalf.com\/team-clinica-sandalf\/dr-alf-neuhaus-facharzt-fuer-orthopaedie\/"},"modified":"2024-08-11T16:53:08","modified_gmt":"2024-08-11T15:53:08","slug":"dr-alf-neuhaus-facharzt-fuer-orthopaedie","status":"publish","type":"page","link":"https:\/\/clinicasandalf.com\/es\/team-clinica-sandalf\/dr-alf-neuhaus-facharzt-fuer-orthopaedie\/","title":{"rendered":"Dr. Lisa Buddrus &#8211; Fach\u00e4rztin f\u00fcr Orthop\u00e4die"},"content":{"rendered":"\t\t<div data-elementor-type=\"wp-post\" data-elementor-id=\"4235\" class=\"elementor elementor-4235 elementor-3939\" data-elementor-post-type=\"page\">\n\t\t\t\t\t\t<section class=\"elementor-section elementor-top-section elementor-element elementor-element-5fc172f5 elementor-section-content-middle elementor-section-boxed elementor-section-height-default elementor-section-height-default\" data-id=\"5fc172f5\" data-element_type=\"section\" data-e-type=\"section\" data-settings=\"{&quot;background_background&quot;:&quot;classic&quot;}\">\n\t\t\t\t\t\t\t<div class=\"elementor-background-overlay\"><\/div>\n\t\t\t\t\t\t\t<div class=\"elementor-container elementor-column-gap-no\">\n\t\t\t\t\t<div class=\"elementor-column elementor-col-100 elementor-top-column elementor-element elementor-element-38361c69\" data-id=\"38361c69\" data-element_type=\"column\" data-e-type=\"column\">\n\t\t\t<div class=\"elementor-widget-wrap elementor-element-populated\">\n\t\t\t\t\t\t<div class=\"elementor-element elementor-element-60646c54 elementor-widget elementor-widget-heading\" data-id=\"60646c54\" data-element_type=\"widget\" data-e-type=\"widget\" data-widget_type=\"heading.default\">\n\t\t\t\t<div class=\"elementor-widget-container\">\n\t\t\t\t\t<h1 class=\"elementor-heading-title elementor-size-default\">Dr. Lisa Buddrus<\/h1>\t\t\t\t<\/div>\n\t\t\t\t<\/div>\n\t\t\t\t<div class=\"elementor-element elementor-element-bb36ef2 elementor-widget elementor-widget-heading\" data-id=\"bb36ef2\" data-element_type=\"widget\" data-e-type=\"widget\" data-widget_type=\"heading.default\">\n\t\t\t\t<div class=\"elementor-widget-container\">\n\t\t\t\t\t<h2 class=\"elementor-heading-title elementor-size-default\">Orthop\u00e4din<\/h2>\t\t\t\t<\/div>\n\t\t\t\t<\/div>\n\t\t\t\t<div class=\"elementor-element elementor-element-1a76284 elementor-widget-divider--view-line elementor-widget elementor-widget-divider\" data-id=\"1a76284\" data-element_type=\"widget\" data-e-type=\"widget\" data-widget_type=\"divider.default\">\n\t\t\t\t<div class=\"elementor-widget-container\">\n\t\t\t\t\t\t\t<div class=\"elementor-divider\">\n\t\t\t<span class=\"elementor-divider-separator\">\n\t\t\t\t\t\t<\/span>\n\t\t<\/div>\n\t\t\t\t\t\t<\/div>\n\t\t\t\t<\/div>\n\t\t\t\t\t<\/div>\n\t\t<\/div>\n\t\t\t\t\t<\/div>\n\t\t<\/section>\n\t\t\t\t<section class=\"elementor-section elementor-top-section elementor-element elementor-element-c756176 elementor-section-content-top elementor-section-boxed elementor-section-height-default elementor-section-height-default\" data-id=\"c756176\" data-element_type=\"section\" data-e-type=\"section\">\n\t\t\t\t\t\t<div class=\"elementor-container elementor-column-gap-wide\">\n\t\t\t\t\t<div class=\"elementor-column elementor-col-33 elementor-top-column elementor-element elementor-element-e746561\" data-id=\"e746561\" data-element_type=\"column\" data-e-type=\"column\">\n\t\t\t<div class=\"elementor-widget-wrap elementor-element-populated\">\n\t\t\t\t\t\t<div class=\"elementor-element elementor-element-326a9cc elementor-widget elementor-widget-image\" data-id=\"326a9cc\" data-element_type=\"widget\" data-e-type=\"widget\" data-widget_type=\"image.default\">\n\t\t\t\t<div class=\"elementor-widget-container\">\n\t\t\t\t\t\t\t\t\t\t\t\t\t\t\t<img fetchpriority=\"high\" decoding=\"async\" width=\"883\" height=\"1024\" src=\"https:\/\/clinicasandalf.com\/wp-content\/uploads\/2024\/08\/Buddrus-L-1-883x1024.jpeg\" class=\"attachment-large size-large wp-image-4236\" alt=\"Orthop\u00e4din Lisa Buddrus\" srcset=\"https:\/\/clinicasandalf.com\/wp-content\/uploads\/2024\/08\/Buddrus-L-1-883x1024.jpeg 883w, https:\/\/clinicasandalf.com\/wp-content\/uploads\/2024\/08\/Buddrus-L-1-259x300.jpeg 259w, https:\/\/clinicasandalf.com\/wp-content\/uploads\/2024\/08\/Buddrus-L-1-768x890.jpeg 768w, https:\/\/clinicasandalf.com\/wp-content\/uploads\/2024\/08\/Buddrus-L-1-1325x1536.jpeg 1325w, https:\/\/clinicasandalf.com\/wp-content\/uploads\/2024\/08\/Buddrus-L-1-1767x2048.jpeg 1767w\" sizes=\"(max-width: 883px) 100vw, 883px\" \/>\t\t\t\t\t\t\t\t\t\t\t\t\t\t\t<\/div>\n\t\t\t\t<\/div>\n\t\t\t\t\t<\/div>\n\t\t<\/div>\n\t\t\t\t<div class=\"elementor-column elementor-col-66 elementor-top-column elementor-element elementor-element-900fef1\" data-id=\"900fef1\" data-element_type=\"column\" data-e-type=\"column\">\n\t\t\t<div class=\"elementor-widget-wrap elementor-element-populated\">\n\t\t\t\t\t\t<div class=\"elementor-element elementor-element-f1d2437 elementor-widget elementor-widget-text-editor\" data-id=\"f1d2437\" data-element_type=\"widget\" data-e-type=\"widget\" data-widget_type=\"text-editor.default\">\n\t\t\t\t<div class=\"elementor-widget-container\">\n\t\t\t\t\t\t\t\t\t<p><strong>Dr. Lisa Buddrus, Orthop\u00e4din<\/strong><\/p><p>Dr. Lisa Buddrus, Deutsche Orthop\u00e4din aus Hamburg, hat ihre medizinische Ausbildung an der Universit\u00e4t Eppendorf in Hamburg, Deutschland und Tauranga, Neu Zealand, abgeschlossen. Sie hat dann die spezielle Weiterbildung zum Facharzt f\u00fcr Orthop\u00e4die in verschiedenen speziellen orthop\u00e4dischen Krankenh\u00e4usern in Deutschland durchgef\u00fchrt. Neben umfangreicher Erfahrung in der konservativen Behandlung von orthop\u00e4dischen Problemen, wie Gelenk- und Wirbels\u00e4ulenerkrankungen, Sehnenentz\u00fcndungen, Sportverletzungen, um nur einige zu nennen, ist sie auch in spezieller orthop\u00e4discher Chirurgie wie <a href=\"https:\/\/clinicasandalf.com\/de\/gelenkspiegelung-arthroskopie-benalmadena\/\">Arthroskopie \u2013 Gelenkspiegelung<\/a> -, <a href=\"https:\/\/clinicasandalf.com\/de\/gelenkprothesen-benalmadena\/\">Gelenkprothese<\/a>, Schulterchirurgie und allgemeiner Unfallchirurgie ausgebildet worden.<\/p><p>Zus\u00e4tzlich zu ihrer Ausbildung zur Orthop\u00e4din hat Dr. Lisa Buddrus auch die Weiterbildung zur <a href=\"https:\/\/clinicasandalf.com\/de\/spezialbehandlungen\/osteopathie-chiropraktik-benalmadena-malaga\/\">Chiropraktikerin und Osteopathin<\/a> durchlaufen.<\/p><p>Aus famili\u00e4ren Gr\u00fcnden ist sie an die Algarve, Portugal, umgezogen, wo sie in verschiedenen privaten Praxen als Orthop\u00e4din Sprechstunde und Behandlungen durchf\u00fchrt, inklusive durch Ultraschall geleitete Gelenkinfiltrationen.<\/p><p>Anfang 2023 hat sie sich dem <a href=\"https:\/\/clinicasandalf.com\/de\/team-clinica-sandalf\/\">Team Clinica SANDALF<\/a> angeschlossen und assistiert <a href=\"https:\/\/clinicasandalf.com\/de\/team-clinica-sandalf\/dr-alf-neuhaus-orthopaede-benalmadena-marbella\/\">Dr. Alf Neuhaus<\/a> nicht nur w\u00e4hrend der Sprechstunde und der konservativen Therapie, sondern auch bei orthop\u00e4dischen Eingriffen wie H\u00fcft- und Knie- Prothesen, Sprunggelenk- Versteifungen und anderen chirurgischen Eingriffen. Sie vertritt Dr. Alf Neuhaus w\u00e4hrend seiner Abwesenheit.<\/p><p>Dr. Lisa Buddrus ist eine sehr wertvolle Erg\u00e4nzung des Teams Clinica SANDALF, nicht nur wegen ihrer umfangreichen beruflichen Kenntnisse und Erfahrung als Orthop\u00e4din, sondern auch um sicher zu stellen, dass immer ein Facharzt\/ Fach\u00e4rztin f\u00fcr Orthop\u00e4die in der Praxis Clinica SANDALF zur Verf\u00fcgung steht f\u00fcr all diejenigen, die Hilfe mit einem Problem aus diesem Fachbereich haben.<\/p><p>Sollten Sie einen Termin mit Dr. Lisa Buddrus w\u00fcnschen, dann dr\u00fccken Sie bitte <a href=\"\/de\/kontakt\" target=\"_blank\" rel=\"noopener\">hier<\/a>.<\/p>\t\t\t\t\t\t\t\t<\/div>\n\t\t\t\t<\/div>\n\t\t\t\t\t<\/div>\n\t\t<\/div>\n\t\t\t\t\t<\/div>\n\t\t<\/section>\n\t\t\t\t<section class=\"elementor-section elementor-top-section elementor-element elementor-element-60611eab elementor-section-content-middle elementor-section-full_width elementor-section-height-default elementor-section-height-default\" data-id=\"60611eab\" data-element_type=\"section\" data-e-type=\"section\" data-settings=\"{&quot;background_background&quot;:&quot;classic&quot;}\">\n\t\t\t\t\t\t\t<div class=\"elementor-background-overlay\"><\/div>\n\t\t\t\t\t\t\t<div class=\"elementor-container elementor-column-gap-no\">\n\t\t\t\t\t<div class=\"elementor-column elementor-col-100 elementor-top-column elementor-element elementor-element-6c7f1851\" data-id=\"6c7f1851\" data-element_type=\"column\" data-e-type=\"column\">\n\t\t\t<div class=\"elementor-widget-wrap elementor-element-populated\">\n\t\t\t\t\t\t<div class=\"elementor-element elementor-element-6675e168 elementor-widget elementor-widget-heading\" data-id=\"6675e168\" data-element_type=\"widget\" data-e-type=\"widget\" data-widget_type=\"heading.default\">\n\t\t\t\t<div class=\"elementor-widget-container\">\n\t\t\t\t\t<h2 class=\"elementor-heading-title elementor-size-default\">Kontaktieren Sie uns<\/h2>\t\t\t\t<\/div>\n\t\t\t\t<\/div>\n\t\t\t\t<div class=\"elementor-element elementor-element-14435918 elementor-widget-divider--view-line elementor-widget elementor-widget-divider\" data-id=\"14435918\" data-element_type=\"widget\" data-e-type=\"widget\" data-widget_type=\"divider.default\">\n\t\t\t\t<div class=\"elementor-widget-container\">\n\t\t\t\t\t\t\t<div class=\"elementor-divider\">\n\t\t\t<span class=\"elementor-divider-separator\">\n\t\t\t\t\t\t<\/span>\n\t\t<\/div>\n\t\t\t\t\t\t<\/div>\n\t\t\t\t<\/div>\n\t\t\t\t<div class=\"elementor-element elementor-element-53c21a3f elementor-widget elementor-widget-text-editor\" data-id=\"53c21a3f\" data-element_type=\"widget\" data-e-type=\"widget\" data-widget_type=\"text-editor.default\">\n\t\t\t\t<div class=\"elementor-widget-container\">\n\t\t\t\t\t\t\t\t\t<p style=\"text-align: center;\">Bitte z\u00f6gern Sie nicht, sich mit uns in Verbindung zu setzen, falls Sie weitere Fragen haben oder einen Termin vereinbaren m\u00f6chten.<\/p>\t\t\t\t\t\t\t\t<\/div>\n\t\t\t\t<\/div>\n\t\t\t\t<div class=\"elementor-element elementor-element-189bf521 elementor-button-info elementor-align-center elementor-widget elementor-widget-button\" data-id=\"189bf521\" data-element_type=\"widget\" data-e-type=\"widget\" data-widget_type=\"button.default\">\n\t\t\t\t<div class=\"elementor-widget-container\">\n\t\t\t\t\t\t\t\t\t<div class=\"elementor-button-wrapper\">\n\t\t\t\t\t<a class=\"elementor-button elementor-button-link elementor-size-md\" href=\"https:\/\/clinicasandalf.com\/de\/kontakt\/\">\n\t\t\t\t\t\t<span class=\"elementor-button-content-wrapper\">\n\t\t\t\t\t\t\t\t\t<span class=\"elementor-button-text\">Hier finden Sie unsere Kontaktdaten<\/span>\n\t\t\t\t\t<\/span>\n\t\t\t\t\t<\/a>\n\t\t\t\t<\/div>\n\t\t\t\t\t\t\t\t<\/div>\n\t\t\t\t<\/div>\n\t\t\t\t\t<\/div>\n\t\t<\/div>\n\t\t\t\t\t<\/div>\n\t\t<\/section>\n\t\t\t\t<\/div>\n\t\t","protected":false},"excerpt":{"rendered":"<p>Dr. Lisa Buddrus Orthop\u00e4din Dr. Lisa Buddrus, Orthop\u00e4din Dr. Lisa Buddrus, Deutsche Orthop\u00e4din aus Hamburg, hat ihre medizinische Ausbildung an der Universit\u00e4t Eppendorf in Hamburg, Deutschland und Tauranga, Neu Zealand, abgeschlossen. Sie hat dann die spezielle Weiterbildung zum Facharzt f\u00fcr Orthop\u00e4die in verschiedenen speziellen orthop\u00e4dischen Krankenh\u00e4usern in Deutschland durchgef\u00fchrt. Neben umfangreicher Erfahrung in der konservativen [&hellip;]<\/p>\n","protected":false},"author":2,"featured_media":0,"parent":4228,"menu_order":0,"comment_status":"closed","ping_status":"closed","template":"","meta":{"site-sidebar-layout":"no-sidebar","site-content-layout":"page-builder","ast-site-content-layout":"full-width-container","site-content-style":"unboxed","site-sidebar-style":"unboxed","ast-global-header-display":"","ast-banner-title-visibility":"","ast-main-header-display":"","ast-hfb-above-header-display":"","ast-hfb-below-header-display":"","ast-hfb-mobile-header-display":"","site-post-title":"disabled","ast-breadcrumbs-content":"","ast-featured-img":"disabled","footer-sml-layout":"","ast-disable-related-posts":"","theme-transparent-header-meta":"default","adv-header-id-meta":"","stick-header-meta":"default","header-above-stick-meta":"","header-main-stick-meta":"","header-below-stick-meta":"","astra-migrate-meta-layouts":"set","ast-page-background-enabled":"default","ast-page-background-meta":{"desktop":{"background-color":"","background-image":"","background-repeat":"repeat","background-position":"center center","background-size":"auto","background-attachment":"scroll","background-type":"","background-media":"","overlay-type":"","overlay-color":"","overlay-opacity":"","overlay-gradient":""},"tablet":{"background-color":"","background-image":"","background-repeat":"repeat","background-position":"center center","background-size":"auto","background-attachment":"scroll","background-type":"","background-media":"","overlay-type":"","overlay-color":"","overlay-opacity":"","overlay-gradient":""},"mobile":{"background-color":"","background-image":"","background-repeat":"repeat","background-position":"center center","background-size":"auto","background-attachment":"scroll","background-type":"","background-media":"","overlay-type":"","overlay-color":"","overlay-opacity":"","overlay-gradient":""}},"ast-content-background-meta":{"desktop":{"background-color":"var(--ast-global-color-5)","background-image":"","background-repeat":"repeat","background-position":"center center","background-size":"auto","background-attachment":"scroll","background-type":"","background-media":"","overlay-type":"","overlay-color":"","overlay-opacity":"","overlay-gradient":""},"tablet":{"background-color":"var(--ast-global-color-5)","background-image":"","background-repeat":"repeat","background-position":"center center","background-size":"auto","background-attachment":"scroll","background-type":"","background-media":"","overlay-type":"","overlay-color":"","overlay-opacity":"","overlay-gradient":""},"mobile":{"background-color":"var(--ast-global-color-5)","background-image":"","background-repeat":"repeat","background-position":"center center","background-size":"auto","background-attachment":"scroll","background-type":"","background-media":"","overlay-type":"","overlay-color":"","overlay-opacity":"","overlay-gradient":""}},"footnotes":""},"class_list":["post-4235","page","type-page","status-publish","hentry"],"_links":{"self":[{"href":"https:\/\/clinicasandalf.com\/es\/wp-json\/wp\/v2\/pages\/4235","targetHints":{"allow":["GET"]}}],"collection":[{"href":"https:\/\/clinicasandalf.com\/es\/wp-json\/wp\/v2\/pages"}],"about":[{"href":"https:\/\/clinicasandalf.com\/es\/wp-json\/wp\/v2\/types\/page"}],"author":[{"embeddable":true,"href":"https:\/\/clinicasandalf.com\/es\/wp-json\/wp\/v2\/users\/2"}],"replies":[{"embeddable":true,"href":"https:\/\/clinicasandalf.com\/es\/wp-json\/wp\/v2\/comments?post=4235"}],"version-history":[{"count":0,"href":"https:\/\/clinicasandalf.com\/es\/wp-json\/wp\/v2\/pages\/4235\/revisions"}],"up":[{"embeddable":true,"href":"https:\/\/clinicasandalf.com\/es\/wp-json\/wp\/v2\/pages\/4228"}],"wp:attachment":[{"href":"https:\/\/clinicasandalf.com\/es\/wp-json\/wp\/v2\/media?parent=4235"}],"curies":[{"name":"wp","href":"https:\/\/api.w.org\/{rel}","templated":true}]}}