{"id":3276,"date":"2019-11-15T17:12:08","date_gmt":"2019-11-15T15:12:08","guid":{"rendered":"https:\/\/clinicasandalf.com\/special-medical-treatment\/wirbelsaeulen-operation\/"},"modified":"2019-11-15T17:12:08","modified_gmt":"2019-11-15T15:12:08","slug":"wirbelsaeulen-operation","status":"publish","type":"page","link":"https:\/\/clinicasandalf.com\/fi\/special-medical-treatment\/wirbelsaeulen-operation\/","title":{"rendered":"Wirbels\u00e4ulen- Operationen"},"content":{"rendered":"\t\t<div data-elementor-type=\"wp-post\" data-elementor-id=\"3276\" class=\"elementor elementor-3276 elementor-1741\" data-elementor-post-type=\"page\">\n\t\t\t\t\t\t<section class=\"elementor-section elementor-top-section elementor-element elementor-element-5fc172f5 elementor-section-content-middle elementor-section-boxed elementor-section-height-default elementor-section-height-default\" data-id=\"5fc172f5\" data-element_type=\"section\" data-e-type=\"section\" data-settings=\"{&quot;background_background&quot;:&quot;classic&quot;}\">\n\t\t\t\t\t\t\t<div class=\"elementor-background-overlay\"><\/div>\n\t\t\t\t\t\t\t<div class=\"elementor-container elementor-column-gap-no\">\n\t\t\t\t\t<div class=\"elementor-column elementor-col-100 elementor-top-column elementor-element elementor-element-38361c69\" data-id=\"38361c69\" data-element_type=\"column\" data-e-type=\"column\">\n\t\t\t<div class=\"elementor-widget-wrap elementor-element-populated\">\n\t\t\t\t\t\t<div class=\"elementor-element elementor-element-60646c54 elementor-widget elementor-widget-heading\" data-id=\"60646c54\" data-element_type=\"widget\" data-e-type=\"widget\" data-widget_type=\"heading.default\">\n\t\t\t\t<div class=\"elementor-widget-container\">\n\t\t\t\t\t<h1 class=\"elementor-heading-title elementor-size-default\">Wirbels\u00e4ulen Operationen<\/h1>\t\t\t\t<\/div>\n\t\t\t\t<\/div>\n\t\t\t\t<div class=\"elementor-element elementor-element-1a76284 elementor-widget-divider--view-line elementor-widget elementor-widget-divider\" data-id=\"1a76284\" data-element_type=\"widget\" data-e-type=\"widget\" data-widget_type=\"divider.default\">\n\t\t\t\t<div class=\"elementor-widget-container\">\n\t\t\t\t\t\t\t<div class=\"elementor-divider\">\n\t\t\t<span class=\"elementor-divider-separator\">\n\t\t\t\t\t\t<\/span>\n\t\t<\/div>\n\t\t\t\t\t\t<\/div>\n\t\t\t\t<\/div>\n\t\t\t\t\t<\/div>\n\t\t<\/div>\n\t\t\t\t\t<\/div>\n\t\t<\/section>\n\t\t\t\t<section class=\"elementor-section elementor-top-section elementor-element elementor-element-c756176 elementor-section-content-top elementor-section-boxed elementor-section-height-default elementor-section-height-default\" data-id=\"c756176\" data-element_type=\"section\" data-e-type=\"section\">\n\t\t\t\t\t\t<div class=\"elementor-container elementor-column-gap-wide\">\n\t\t\t\t\t<div class=\"elementor-column elementor-col-33 elementor-top-column elementor-element elementor-element-e746561\" data-id=\"e746561\" data-element_type=\"column\" data-e-type=\"column\">\n\t\t\t<div class=\"elementor-widget-wrap elementor-element-populated\">\n\t\t\t\t\t\t<div class=\"elementor-element elementor-element-326a9cc elementor-widget elementor-widget-image\" data-id=\"326a9cc\" data-element_type=\"widget\" data-e-type=\"widget\" data-widget_type=\"image.default\">\n\t\t\t\t<div class=\"elementor-widget-container\">\n\t\t\t\t\t\t\t\t\t\t\t\t\t\t\t<img fetchpriority=\"high\" decoding=\"async\" width=\"624\" height=\"712\" src=\"https:\/\/clinicasandalf.com\/wp-content\/uploads\/2019\/11\/MRI-spine.jpg\" class=\"attachment-large size-large wp-image-2570\" alt=\"\" srcset=\"https:\/\/clinicasandalf.com\/wp-content\/uploads\/2019\/11\/MRI-spine.jpg 624w, https:\/\/clinicasandalf.com\/wp-content\/uploads\/2019\/11\/MRI-spine-263x300.jpg 263w\" sizes=\"(max-width: 624px) 100vw, 624px\" \/>\t\t\t\t\t\t\t\t\t\t\t\t\t\t\t<\/div>\n\t\t\t\t<\/div>\n\t\t\t\t\t<\/div>\n\t\t<\/div>\n\t\t\t\t<div class=\"elementor-column elementor-col-66 elementor-top-column elementor-element elementor-element-900fef1\" data-id=\"900fef1\" data-element_type=\"column\" data-e-type=\"column\">\n\t\t\t<div class=\"elementor-widget-wrap elementor-element-populated\">\n\t\t\t\t\t\t<div class=\"elementor-element elementor-element-f1d2437 elementor-widget elementor-widget-text-editor\" data-id=\"f1d2437\" data-element_type=\"widget\" data-e-type=\"widget\" data-widget_type=\"text-editor.default\">\n\t\t\t\t<div class=\"elementor-widget-container\">\n\t\t\t\t\t\t\t\t\t<p>Operation an der Wirbels\u00e4ule sind wohl immer noch die am h\u00e4ufigsten diskutierten Eingriffe. Die internationale Einstellung zu diesen Eingriffen ist, da\u00df sie die letzte therapeutische Anwendung ist. Sie sollte nur durchgef\u00fchrt werden, wenn alle anderen m\u00f6glichen Therapien (Massagen, KG, vorsichtige Osteopathie, medikament\u00f6se Therapie mit Tabletten oder\/ und Infiltrationen, Epudrale&#8230;) ausgreitzt worden sind, oder wenn tats\u00e4chlich neurologische Symptome vorliegen (komplette Taubheit des Beines, Verlust der Urinkontrolle&#8230;)<\/p><p>Orthop\u00e4de Dr. Alf Neuhaus ist ein erfahrener Wirbels\u00e4ulenchirurg und f\u00fchrt Standarteingriffe wie Wurzeldekompression und, wenn n\u00f6tig, Bandscheibenvorfall- Entfernung regelm\u00e4\u00dfig durch.<\/p><p>Er f\u00fchrt auch kompliziertere Eingriffe wie die Einsteifung von Teilen der Wirbels\u00e4ule durch. Diese Eingriffe werden unter Vollnarkose in einer nahegelegenen Privatklinik durchgef\u00fchrt, in der Dr. Alf Neuhaus alle n\u00f6tigen speziellen Instrumente zur Verf\u00fcgung hat. Der Aufenthalt dauert etwa 2 Tage. W\u00e4hrend dieser Zeit kommt Dr. Alf Neuhaus und seine deutschsprachige Physiotherapeutin jeden Tag zur Visite. Alle notwendigen Nachunersuchungen, R\u00f6ntgen, Verbandwechsel, F\u00e4denzug und Rehabilitation werden nach Entlassung in den R\u00e4umlichkeiten der Clinica SANDALF durchgef\u00fchrt.<\/p><p>Je nach Eingriff kann es sein, da\u00df Sie f\u00fcr eine Weile ein sch\u00fctzendes Korsett tragen m\u00fcssen. Trotzdem werden Sie von Anfang an spezielle \u00dcbungen unter Anleitung der Physiotherapeutin durchf\u00fchren.<\/p><p>Innerhalb von drei bis sechs Wochen sollten Sie wieder normale t\u00e4gliche Arbeiten verrichten k\u00f6nnen, unter Vermeidung von Heben von Gewichten. Nach 12 Wochen k\u00f6nnen Sie wieder mit leichten Sportarten anfangen wie Schwimmen, Fahrrad fahren oder Golf spielen. Nach 4 bis 6 Monaten sollte die R\u00fcckkehr zu allen Sportarten m\u00f6glich sein, inkl. Kontaktsportarten.<\/p><p>Bitte z\u00f6gern Sie nicht, sich mit uns in Verbindung zu setzen sollten Sie noch Fragen habe oder um einen Termin zu machen.<\/p><p><strong>Privatklinik<\/strong><\/p><p><span style=\"font-size: 16px;\"> Das freundliche und hilfsbereite Personal spricht zum Teil Deutsch, und Dr. Alf Neuhaus und sein Physiotherapeut k\u00fcmmern sich mit t\u00e4glichen Visiten um Sie. Dazu geh\u00f6ren Verbandwechsel, Kontrolle der Medikamententherapie, Bewegungstherapie, Veranlassung von notwendigen Bluttesten und anderen Untersuchungen. Weitere Behandlungen wie Gehtraining, Verbandwechsel und F\u00e4denzug werden nach Entlassung in den R\u00e4umlichkeiten der Clinica SANDALF durchgef\u00fchrt.<\/span><\/p>\t\t\t\t\t\t\t\t<\/div>\n\t\t\t\t<\/div>\n\t\t\t\t\t<\/div>\n\t\t<\/div>\n\t\t\t\t\t<\/div>\n\t\t<\/section>\n\t\t\t\t<section class=\"elementor-section elementor-top-section elementor-element elementor-element-553694b2 elementor-section-content-middle elementor-section-full_width elementor-section-height-default elementor-section-height-default\" data-id=\"553694b2\" data-element_type=\"section\" data-e-type=\"section\" data-settings=\"{&quot;background_background&quot;:&quot;classic&quot;}\">\n\t\t\t\t\t\t\t<div class=\"elementor-background-overlay\"><\/div>\n\t\t\t\t\t\t\t<div class=\"elementor-container elementor-column-gap-no\">\n\t\t\t\t\t<div class=\"elementor-column elementor-col-100 elementor-top-column elementor-element elementor-element-390f3a73\" data-id=\"390f3a73\" data-element_type=\"column\" data-e-type=\"column\">\n\t\t\t<div class=\"elementor-widget-wrap elementor-element-populated\">\n\t\t\t\t\t\t<div class=\"elementor-element elementor-element-15644d6 elementor-widget elementor-widget-heading\" data-id=\"15644d6\" data-element_type=\"widget\" data-e-type=\"widget\" data-widget_type=\"heading.default\">\n\t\t\t\t<div class=\"elementor-widget-container\">\n\t\t\t\t\t<h2 class=\"elementor-heading-title elementor-size-default\">Kontaktieren Sie uns<\/h2>\t\t\t\t<\/div>\n\t\t\t\t<\/div>\n\t\t\t\t<div class=\"elementor-element elementor-element-72deff19 elementor-widget-divider--view-line elementor-widget elementor-widget-divider\" data-id=\"72deff19\" data-element_type=\"widget\" data-e-type=\"widget\" data-widget_type=\"divider.default\">\n\t\t\t\t<div class=\"elementor-widget-container\">\n\t\t\t\t\t\t\t<div class=\"elementor-divider\">\n\t\t\t<span class=\"elementor-divider-separator\">\n\t\t\t\t\t\t<\/span>\n\t\t<\/div>\n\t\t\t\t\t\t<\/div>\n\t\t\t\t<\/div>\n\t\t\t\t<div class=\"elementor-element elementor-element-367fd068 elementor-widget elementor-widget-text-editor\" data-id=\"367fd068\" data-element_type=\"widget\" data-e-type=\"widget\" data-widget_type=\"text-editor.default\">\n\t\t\t\t<div class=\"elementor-widget-container\">\n\t\t\t\t\t\t\t\t\t<p style=\"text-align: center;\">Bitte z\u00f6gern Sie nicht, sich mit uns in Verbindung zu setzen, falls Sie weitere Fragen haben oder einen Termin vereinbaren m\u00f6chten.<\/p>\t\t\t\t\t\t\t\t<\/div>\n\t\t\t\t<\/div>\n\t\t\t\t<div class=\"elementor-element elementor-element-6d589f95 elementor-button-info elementor-align-center elementor-widget elementor-widget-button\" data-id=\"6d589f95\" data-element_type=\"widget\" data-e-type=\"widget\" data-widget_type=\"button.default\">\n\t\t\t\t<div class=\"elementor-widget-container\">\n\t\t\t\t\t\t\t\t\t<div class=\"elementor-button-wrapper\">\n\t\t\t\t\t<a class=\"elementor-button elementor-button-link elementor-size-md\" href=\"https:\/\/clinicasandalf.com\/de\/kontakt\/\">\n\t\t\t\t\t\t<span class=\"elementor-button-content-wrapper\">\n\t\t\t\t\t\t\t\t\t<span class=\"elementor-button-text\">Hier finden Sie unsere Kontaktdaten<\/span>\n\t\t\t\t\t<\/span>\n\t\t\t\t\t<\/a>\n\t\t\t\t<\/div>\n\t\t\t\t\t\t\t\t<\/div>\n\t\t\t\t<\/div>\n\t\t\t\t\t<\/div>\n\t\t<\/div>\n\t\t\t\t\t<\/div>\n\t\t<\/section>\n\t\t\t\t<\/div>\n\t\t","protected":false},"excerpt":{"rendered":"<p>Wirbels\u00e4ulen Operationen Operation an der Wirbels\u00e4ule sind wohl immer noch die am h\u00e4ufigsten diskutierten Eingriffe. Die internationale Einstellung zu diesen Eingriffen ist, da\u00df sie die letzte therapeutische Anwendung ist. Sie sollte nur durchgef\u00fchrt werden, wenn alle anderen m\u00f6glichen Therapien (Massagen, KG, vorsichtige Osteopathie, medikament\u00f6se Therapie mit Tabletten oder\/ und Infiltrationen, Epudrale&#8230;) ausgreitzt worden sind, oder [&hellip;]<\/p>\n","protected":false},"author":2,"featured_media":0,"parent":3320,"menu_order":0,"comment_status":"closed","ping_status":"closed","template":"","meta":{"site-sidebar-layout":"no-sidebar","site-content-layout":"page-builder","ast-site-content-layout":"default","site-content-style":"default","site-sidebar-style":"default","ast-global-header-display":"","ast-banner-title-visibility":"","ast-main-header-display":"","ast-hfb-above-header-display":"","ast-hfb-below-header-display":"","ast-hfb-mobile-header-display":"","site-post-title":"disabled","ast-breadcrumbs-content":"","ast-featured-img":"disabled","footer-sml-layout":"","ast-disable-related-posts":"","theme-transparent-header-meta":"default","adv-header-id-meta":"","stick-header-meta":"default","header-above-stick-meta":"","header-main-stick-meta":"","header-below-stick-meta":"","astra-migrate-meta-layouts":"default","ast-page-background-enabled":"default","ast-page-background-meta":{"desktop":{"background-color":"","background-image":"","background-repeat":"repeat","background-position":"center center","background-size":"auto","background-attachment":"scroll","background-type":"","background-media":"","overlay-type":"","overlay-color":"","overlay-opacity":"","overlay-gradient":""},"tablet":{"background-color":"","background-image":"","background-repeat":"repeat","background-position":"center center","background-size":"auto","background-attachment":"scroll","background-type":"","background-media":"","overlay-type":"","overlay-color":"","overlay-opacity":"","overlay-gradient":""},"mobile":{"background-color":"","background-image":"","background-repeat":"repeat","background-position":"center center","background-size":"auto","background-attachment":"scroll","background-type":"","background-media":"","overlay-type":"","overlay-color":"","overlay-opacity":"","overlay-gradient":""}},"ast-content-background-meta":{"desktop":{"background-color":"var(--ast-global-color-5)","background-image":"","background-repeat":"repeat","background-position":"center center","background-size":"auto","background-attachment":"scroll","background-type":"","background-media":"","overlay-type":"","overlay-color":"","overlay-opacity":"","overlay-gradient":""},"tablet":{"background-color":"var(--ast-global-color-5)","background-image":"","background-repeat":"repeat","background-position":"center center","background-size":"auto","background-attachment":"scroll","background-type":"","background-media":"","overlay-type":"","overlay-color":"","overlay-opacity":"","overlay-gradient":""},"mobile":{"background-color":"var(--ast-global-color-5)","background-image":"","background-repeat":"repeat","background-position":"center center","background-size":"auto","background-attachment":"scroll","background-type":"","background-media":"","overlay-type":"","overlay-color":"","overlay-opacity":"","overlay-gradient":""}},"footnotes":""},"class_list":["post-3276","page","type-page","status-publish","hentry"],"_links":{"self":[{"href":"https:\/\/clinicasandalf.com\/fi\/wp-json\/wp\/v2\/pages\/3276","targetHints":{"allow":["GET"]}}],"collection":[{"href":"https:\/\/clinicasandalf.com\/fi\/wp-json\/wp\/v2\/pages"}],"about":[{"href":"https:\/\/clinicasandalf.com\/fi\/wp-json\/wp\/v2\/types\/page"}],"author":[{"embeddable":true,"href":"https:\/\/clinicasandalf.com\/fi\/wp-json\/wp\/v2\/users\/2"}],"replies":[{"embeddable":true,"href":"https:\/\/clinicasandalf.com\/fi\/wp-json\/wp\/v2\/comments?post=3276"}],"version-history":[{"count":0,"href":"https:\/\/clinicasandalf.com\/fi\/wp-json\/wp\/v2\/pages\/3276\/revisions"}],"up":[{"embeddable":true,"href":"https:\/\/clinicasandalf.com\/fi\/wp-json\/wp\/v2\/pages\/3320"}],"wp:attachment":[{"href":"https:\/\/clinicasandalf.com\/fi\/wp-json\/wp\/v2\/media?parent=3276"}],"curies":[{"name":"wp","href":"https:\/\/api.w.org\/{rel}","templated":true}]}}